{"id":256056,"date":"2021-09-14T15:28:29","date_gmt":"2021-09-14T19:28:29","guid":{"rendered":"https:\/\/www.balnea.ca\/?page_id=256056"},"modified":"2021-09-17T09:34:46","modified_gmt":"2021-09-17T13:34:46","slug":"plan-your-visit","status":"publish","type":"page","link":"https:\/\/www.balnea.ca\/en\/plan-your-visit\/","title":{"rendered":"AUTUMN AT THE BALNEA"},"content":{"rendered":"<div  class=\"one withsmallpadding ppb_text\" style=\"font-size:18px;text-align:center;padding:0px 0 0px 0;margin-top:70px;margin-bottom:20px;\" >\n<div class=\"standard_wrapper\">\n<div class=\"page_content_wrapper wide\">\n<div class=\"inner\">\n<div style=\"margin:auto;width:60%\">\n<p><img loading=\"lazy\" decoding=\"async\" class=\"size-full wp-image-3300 aligncenter\" src=\"https:\/\/www.balnea.ca\/wp-content\/uploads\/2018\/10\/Forfaits_Bleu_120px.png\" alt=\"\" width=\"120\" height=\"120\" \/><\/p>\n<h2 style=\"text-align: center;\"><span style=\"color: #00acd4;\">PLAN YOUR VISIT<\/span><\/h2>\n<p>\n<!-- AddThis Advanced Settings generic via filter on the_content --><!-- AddThis Share Buttons generic via filter on the_content --><!-- AddThis Related Posts generic via filter on the_content --><\/div>\n<\/div>\n<\/div>\n<\/div>\n<\/div>\n<div class=\"standard_wrapper\">\n<div  class=\"ppb_image_boxed one_half\" style=\"margin-top:30px;color:#7c7c7c;\" >\n<div class=\"page_content_wrapper wide\">\n<div class=\"inner\">\n<div class=\"image_boxed_wrapper theme_radius\" style=\"text-align:center;>&#8220;><img decoding=\"async\" src=\"https:\/\/www.balnea.ca\/wp-content\/uploads\/2020\/09\/BAL19_M1_AUTOMNE_3.jpg\" alt=\"\"\/>\n<div class=\"image_boxed_content\" style=\"padding:40px;\">\n<h2>E-ticket<\/h2>\n<p>The secret of the thermal reserve lovers? Visit us once the summer is over to admire the fiery panorama of the Eastern Townships!<\/p>\n<p>Psst! BALNEA offers you the reduced thermal experience during the week, allowing you to (re)discover the spa and its colours!<\/p>\n<p><a class=\"button small \" onclick=\"window.open('https:\/\/www.balnea.ca\/en\/e-ticket\/', '_self')\">DISCOVER OUR OFFERS<\/a><br \/>\n<!-- AddThis Advanced Settings generic via filter on the_content --><!-- AddThis Share Buttons generic via filter on the_content --><!-- AddThis Related Posts generic via filter on the_content --><\/div>\n<\/div>\n<\/div>\n<\/div>\n<\/div>\n<\/div>\n<div class=\"standard_wrapper\">\n<div  class=\"ppb_image_boxed one_half last\" style=\"margin-top:30px;color:#7c7c7c;\" >\n<div class=\"page_content_wrapper wide\">\n<div class=\"inner\">\n<div class=\"image_boxed_wrapper theme_radius\" style=\"text-align:center;>&#8220;><img decoding=\"async\" src=\"https:\/\/www.balnea.ca\/wp-content\/uploads\/2020\/10\/Bal20_Automne_M1_820x496_05.jpg\" alt=\"\"\/>\n<div class=\"image_boxed_content\" style=\"padding:40px;\">\n<h2>BOOK A TREATMENT<\/h2>\n<p>Actively contributing to the integral health of body and mind, our traditional or exclusive treatments are provided by elite massage therapists and estheticians.<\/p>\n<p>Let yourself be enchanted by the hands of our experts.<\/p>\n<p><a class=\"button small \" onclick=\"window.open('https:\/\/www.balnea.ca\/en\/contact\/', '_self')\">CONTACT US<\/a><br \/>\n<!-- AddThis Advanced Settings generic via filter on the_content --><!-- AddThis Share Buttons generic via filter on the_content --><!-- AddThis Related Posts generic via filter on the_content --><\/div>\n<\/div>\n<\/div>\n<\/div>\n<\/div>\n<\/div>\n<div  class=\"one withsmallpadding ppb_text\" style=\"font-size:18px;text-align:center;padding:0px 0 0px 0;margin-top:70px;margin-bottom:20px;\" >\n<div class=\"standard_wrapper\">\n<div class=\"page_content_wrapper wide\">\n<div class=\"inner\">\n<div style=\"margin:auto;width:60%\">\n<h2><span style=\"color: #00acd4;\"><img loading=\"lazy\" decoding=\"async\" class=\"alignnone size-full wp-image-108425 aligncenter\" style=\"color: #333333; font-size: 16px;\" src=\"https:\/\/www.balnea.ca\/wp-content\/uploads\/2019\/01\/Chouchous_Bleu_120px.png\" alt=\"\" width=\"120\" height=\"120\" \/><\/span><\/h2>\n<h2 style=\"text-align: center;\"><span style=\"color: #00acd4;\">OUR AUTUMN FAVOURITES<\/span><\/h2>\n<p>\n<!-- AddThis Advanced Settings generic via filter on the_content --><!-- AddThis Share Buttons generic via filter on the_content --><!-- AddThis Related Posts generic via filter on the_content --><\/div>\n<\/div>\n<\/div>\n<\/div>\n<\/div>\n<div class=\"standard_wrapper\">\n<div  class=\"ppb_image_boxed one_third\" style=\"margin-top:30px;color:#7c7c7c;\" >\n<div class=\"page_content_wrapper wide\">\n<div class=\"inner\">\n<div class=\"image_boxed_wrapper theme_radius\" style=\"text-align:center;>&#8220;><img decoding=\"async\" src=\"https:\/\/www.balnea.ca\/wp-content\/uploads\/2019\/07\/Bal19_m1_Lumami-couple.jpg\" alt=\"\"\/>\n<div class=\"image_boxed_content\" style=\"padding:40px;\">\n<h2>WINE TASTING<\/h2>\n<p>Join us for a tasting of four privately imported or locally sourced wines carefully selected by our team according to current availability.<\/p>\n<p>Your taste buds will thank you!<\/p>\n<p><a class=\"button small \" onclick=\"window.open('https:\/\/www.balnea.ca\/en\/product\/wine-tasting\/', '_self')\">BUY<\/a><br \/>\n<!-- AddThis Advanced Settings generic via filter on the_content --><!-- AddThis Share Buttons generic via filter on the_content --><!-- AddThis Related Posts generic via filter on the_content --><\/div>\n<\/div>\n<\/div>\n<\/div>\n<\/div>\n<\/div>\n<div class=\"standard_wrapper\">\n<div  class=\"ppb_image_boxed one_third\" style=\"margin-top:30px;color:#7c7c7c;\" >\n<div class=\"page_content_wrapper wide\">\n<div class=\"inner\">\n<div class=\"image_boxed_wrapper theme_radius\" style=\"text-align:center;>&#8220;><img decoding=\"async\" src=\"https:\/\/www.balnea.ca\/wp-content\/uploads\/2020\/03\/Bal20_M1_Covid_820x496_02.jpg\" alt=\"\"\/>\n<div class=\"image_boxed_content\" style=\"padding:40px;\">\n<h2 style=\"text-align: center;\">EXFO PUMPKIN VELVET<\/h2>\n<p style=\"text-align: center;\">A must at the change of season, exfoliation eliminates dead cells, stimulates blood circulation and prepares the skin for hydration.<br \/>\nAn absolute must!<br \/>\nBook your treatment at 1.866.734.2110.<\/p>\n<p><a class=\"button small \" onclick=\"window.open('https:\/\/www.balnea.ca\/en\/product\/dates-neem-and-pumpkin-exfoliation\/', '_self')\">OFFER (YOURSELF) NOW<\/a><br \/>\n<!-- AddThis Advanced Settings generic via filter on the_content --><!-- AddThis Share Buttons generic via filter on the_content --><!-- AddThis Related Posts generic via filter on the_content --><\/div>\n<\/div>\n<\/div>\n<\/div>\n<\/div>\n<\/div>\n<div class=\"standard_wrapper\">\n<div  class=\"ppb_image_boxed one_third last\" style=\"margin-top:30px;color:#7c7c7c;\" >\n<div class=\"page_content_wrapper wide\">\n<div class=\"inner\">\n<div class=\"image_boxed_wrapper theme_radius\" style=\"text-align:center;>&#8220;><img decoding=\"async\" src=\"https:\/\/www.balnea.ca\/wp-content\/uploads\/2020\/10\/Bal20_Automne_M1_820x496_06.jpg\" alt=\"\"\/>\n<div class=\"image_boxed_content\" style=\"padding:40px;\">\n<h2>THE GOURMET EPISODE<\/h2>\n<p>Every day, as soon as it opens, take advantage of the gourmet episode, including the morning thermal experience and a meal at LUMAMI cuisine nature from $70.\u00a0<\/p>\n<p>A unique moment to enjoy alone, with friends or with a partner.\u00a0<\/p>\n<p><a class=\"button small \" onclick=\"window.open('https:\/\/www.balnea.ca\/en\/product\/gourmet-episode\/', '_self')\">BUY<\/a><br \/>\n<!-- AddThis Advanced Settings generic via filter on the_content --><!-- AddThis Share Buttons generic via filter on the_content --><!-- AddThis Related Posts generic via filter on the_content --><\/div>\n<\/div>\n<\/div>\n<\/div>\n<\/div>\n<\/div>\n<div  class=\"one withsmallpadding ppb_text\" style=\"font-size:18px;text-align:center;padding:0px 0 0px 0;margin-top:70px;margin-bottom:20px;\" >\n<div class=\"standard_wrapper\">\n<div class=\"page_content_wrapper wide\">\n<div class=\"inner\">\n<div style=\"margin:auto;width:60%\">\n<h2><span style=\"color: #00acd4;\"><img loading=\"lazy\" decoding=\"async\" class=\"alignnone size-full wp-image-3302\" style=\"color: #333333; font-size: 16px;\" src=\"https:\/\/www.balnea.ca\/wp-content\/uploads\/2018\/10\/Radonnee_Bleu_120px.png\" alt=\"\" width=\"120\" height=\"120\" \/><\/span><\/h2>\n<h2><span style=\"color: #00acd4;\">OUR FEATURED ACTIVITIES\u00a0<\/span><\/h2>\n<p>\n<!-- AddThis Advanced Settings generic via filter on the_content --><!-- AddThis Share Buttons generic via filter on the_content --><!-- AddThis Related Posts generic via filter on the_content --><\/div>\n<\/div>\n<\/div>\n<\/div>\n<\/div>\n<div class=\"standard_wrapper\">\n<div  class=\"ppb_image_boxed one_half\" style=\"margin-top:30px;color:#7c7c7c;\" >\n<div class=\"page_content_wrapper wide\">\n<div class=\"inner\">\n<div class=\"image_boxed_wrapper theme_radius\" style=\"text-align:center;>&#8220;><img decoding=\"async\" src=\"https:\/\/www.balnea.ca\/wp-content\/uploads\/2020\/10\/Bal20_Automne_M1_820x496_011.jpg\" alt=\"\"\/>\n<div class=\"image_boxed_content\" style=\"padding:40px;\">\n<h2>NATURE RUN<\/h2>\n<p>Did you know that the reserve is offering Nature Run workshops on the trails of Gale Lake every Sunday morning from September 26 to October 24? Pam\u00e9la Boucher, our certified coach, will guide you through this training program, which is suitable for both beginners and experienced runners!<\/p>\n<p><a class=\"button small \" onclick=\"window.open('https:\/\/www.balnea.ca\/en\/course-en-nature\/', '_self')\">FIND OUT THE DETAILS<\/a><br \/>\n<!-- AddThis Advanced Settings generic via filter on the_content --><!-- AddThis Share Buttons generic via filter on the_content --><!-- AddThis Related Posts generic via filter on the_content --><\/div>\n<\/div>\n<\/div>\n<\/div>\n<\/div>\n<\/div>\n<div class=\"standard_wrapper\">\n<div  class=\"ppb_image_boxed one_half last\" style=\"margin-top:30px;color:#7c7c7c;\" >\n<div class=\"page_content_wrapper wide\">\n<div class=\"inner\">\n<div class=\"image_boxed_wrapper theme_radius\" style=\"text-align:center;>&#8220;><img decoding=\"async\" src=\"https:\/\/www.balnea.ca\/wp-content\/uploads\/2019\/09\/BAL19_M1_AUTOMNE_6.jpg\" alt=\"\"\/>\n<div class=\"image_boxed_content\" style=\"padding:40px;\">\n<h2>SHINRIN YOKU<\/h2>\n<p>Bernadette Rey and her team invite you to take part in an introductory session to this Japanese practice, also known as \u00ab\u00a0forest bathing\u00a0\u00bb. This practice is a real invitation to relaxation and allows you to find a state of physical and psychological well-being.<\/p>\n<p><a class=\"button small \" onclick=\"window.open('https:\/\/www.balnea.ca\/en\/shinrin-yoku\/', '_self')\">FIND OUT MORE<\/a><br \/>\n<!-- AddThis Advanced Settings generic via filter on the_content --><!-- AddThis Share Buttons generic via filter on the_content --><!-- AddThis Related Posts generic via filter on the_content --><\/div>\n<\/div>\n<\/div>\n<\/div>\n<\/div>\n<\/div>\n<div  class=\"one withsmallpadding ppb_text\" style=\"font-size:18px;text-align:center;padding:0px 0 0px 0;margin-top:70px;margin-bottom:20px;\" >\n<div class=\"standard_wrapper\">\n<div class=\"page_content_wrapper wide\">\n<div class=\"inner\">\n<div style=\"margin:auto;width:60%\">\n<p><img loading=\"lazy\" decoding=\"async\" class=\"alignnone size-full wp-image-147057 aligncenter\" src=\"https:\/\/www.balnea.ca\/wp-content\/uploads\/2020\/03\/Icones_120x120_4.png\" alt=\"\" width=\"120\" height=\"120\" \/><\/p>\n<h2 style=\"text-align: center;\"><span style=\"color: #00acd4;\">OUR GOOD TO KNOW\u00a0<\/span><\/h2>\n<p>\n<!-- AddThis Advanced Settings generic via filter on the_content --><!-- AddThis Share Buttons generic via filter on the_content --><!-- AddThis Related Posts generic via filter on the_content --><\/div>\n<\/div>\n<\/div>\n<\/div>\n<\/div>\n<div class=\"standard_wrapper\">\n<div  class=\"ppb_image_boxed one_third\" style=\"margin-top:30px;color:#7c7c7c;\" >\n<div class=\"page_content_wrapper wide\">\n<div class=\"inner\">\n<div class=\"image_boxed_wrapper theme_radius\" style=\"text-align:center;>&#8220;><img decoding=\"async\" src=\"https:\/\/www.balnea.ca\/wp-content\/uploads\/2019\/09\/M1-820X496_4.jpg\" alt=\"\"\/>\n<div class=\"image_boxed_content\" style=\"padding:40px;\"><a class=\"button small \" onclick=\"window.open('https:\/\/www.balnea.ca\/en\/frequently-asked-questions\/', '_self')\">OUR FREQUENTLY ASKED QUESTIONS<\/a><br \/>\n<!-- AddThis Advanced Settings generic via filter on the_content --><!-- AddThis Share Buttons generic via filter on the_content --><!-- AddThis Related Posts generic via filter on the_content --><\/div>\n<\/div>\n<\/div>\n<\/div>\n<\/div>\n<\/div>\n<div class=\"standard_wrapper\">\n<div  class=\"ppb_image_boxed one_third\" style=\"margin-top:30px;color:#7c7c7c;\" >\n<div class=\"page_content_wrapper wide\">\n<div class=\"inner\">\n<div class=\"image_boxed_wrapper theme_radius\" style=\"text-align:center;>&#8220;><img decoding=\"async\" src=\"https:\/\/www.balnea.ca\/wp-content\/uploads\/2018\/09\/Automne_Bain_m1.jpg\" alt=\"\"\/>\n<div class=\"image_boxed_content\" style=\"padding:40px;\"><a class=\"button small \" onclick=\"window.open('https:\/\/www.balnea.ca\/en\/politiques\/', '_self')\">OUR POLICIES<\/a><br \/>\n<!-- AddThis Advanced Settings generic via filter on the_content --><!-- AddThis Share Buttons generic via filter on the_content --><!-- AddThis Related Posts generic via filter on the_content --><\/div>\n<\/div>\n<\/div>\n<\/div>\n<\/div>\n<\/div>\n<div class=\"standard_wrapper\">\n<div  class=\"ppb_image_boxed one_third last\" style=\"margin-top:30px;color:#7c7c7c;\" >\n<div class=\"page_content_wrapper wide\">\n<div class=\"inner\">\n<div class=\"image_boxed_wrapper theme_radius\" style=\"text-align:center;>&#8220;><img decoding=\"async\" src=\"https:\/\/www.balnea.ca\/wp-content\/uploads\/2019\/09\/M1-820X496_.jpg\" alt=\"\"\/>\n<div class=\"image_boxed_content\" style=\"padding:40px;\"><a class=\"button small \" onclick=\"window.open('https:\/\/www.balnea.ca\/en\/contact\/', '_self')\">CONTACT US<\/a><br \/>\n<!-- AddThis Advanced Settings generic via filter on the_content --><!-- AddThis Share Buttons generic via filter on the_content --><!-- AddThis Related Posts generic via filter on the_content --><\/div>\n<\/div>\n<\/div>\n<\/div>\n<\/div>\n<\/div>\n<div class=\"standard_wrapper\">\n<div class=\"one withsmallpadding ppb_line_divider\"  style=\"text-align:center;padding:0px 0 0px 0;\" >\n<div class=\"page_content_wrapper wide\">\n<div class=\"inner\">\n<div class=\"line_divider_border\" style=\"width:250px;\"><\/div>\n<div class=\"line_divider_seperator\"><i class=\"fa fa-leaf\" style=\"color:#00add4;\"><\/i><\/div>\n<div class=\"line_divider_border\" style=\"width:250px;\"><\/div>\n<\/div>\n<\/div>\n<\/div>\n<\/div>\n<p><!-- AddThis Advanced Settings generic via filter on the_content --><!-- AddThis Share Buttons generic via filter on the_content --><!-- AddThis Related Posts generic via filter on the_content --><\/p>\n","protected":false},"excerpt":{"rendered":"<p>PLAN YOUR VISIT<\/p>\n","protected":false},"author":2341,"featured_media":163120,"parent":0,"menu_order":3,"comment_status":"closed","ping_status":"closed","template":"","meta":{"_acf_changed":false,"footnotes":""},"class_list":["post-256056","page","type-page","status-publish","has-post-thumbnail","hentry"],"acf":[],"yoast_head":"<!-- This site is optimized with the Yoast SEO plugin v27.3 - https:\/\/yoast.com\/product\/yoast-seo-wordpress\/ -->\n<title>BALNEA : Planifiez votre visite<\/title>\n<meta name=\"robots\" content=\"index, follow, max-snippet:-1, max-image-preview:large, max-video-preview:-1\" \/>\n<link rel=\"canonical\" href=\"https:\/\/www.balnea.ca\/en\/plan-your-visit\/\" \/>\n<meta property=\"og:locale\" content=\"en_US\" \/>\n<meta property=\"og:type\" content=\"article\" \/>\n<meta property=\"og:title\" content=\"BALNEA spa + r\u00e9serve thermale, massages et soins\" \/>\n<meta property=\"og:description\" content=\"Consultez nos promotions en cours ! BALNEA r\u00e9invente l\u2019art de la d\u00e9tente en conviant tous les sens \u00e0 vivre une exp\u00e9rience renversante.\" \/>\n<meta property=\"og:url\" content=\"https:\/\/www.balnea.ca\/en\/plan-your-visit\/\" \/>\n<meta property=\"og:site_name\" content=\"Balnea\" \/>\n<meta property=\"article:modified_time\" content=\"2021-09-17T13:34:46+00:00\" \/>\n<meta property=\"og:image\" content=\"https:\/\/www.balnea.ca\/wp-content\/uploads\/2018\/11\/promotions_og.jpg\" \/>\n\t<meta property=\"og:image:width\" content=\"1200\" \/>\n\t<meta property=\"og:image:height\" content=\"630\" \/>\n\t<meta property=\"og:image:type\" content=\"image\/jpeg\" \/>\n<meta name=\"twitter:card\" content=\"summary_large_image\" \/>\n<meta name=\"twitter:title\" content=\"BALNEA spa + r\u00e9serve thermale, massages et soins\" \/>\n<meta name=\"twitter:description\" content=\"Consultez nos promotions en cours ! BALNEA r\u00e9invente l\u2019art de la d\u00e9tente en conviant tous les sens \u00e0 vivre une exp\u00e9rience renversante.\" \/>\n<meta name=\"twitter:image\" content=\"https:\/\/www.balnea.ca\/wp-content\/uploads\/2018\/11\/accueil_twitter.jpg\" \/>\n<meta name=\"twitter:label1\" content=\"Est. reading time\" \/>\n\t<meta name=\"twitter:data1\" content=\"2 minutes\" \/>\n<script type=\"application\/ld+json\" class=\"yoast-schema-graph\">{\"@context\":\"https:\\\/\\\/schema.org\",\"@graph\":[{\"@type\":\"WebPage\",\"@id\":\"https:\\\/\\\/www.balnea.ca\\\/en\\\/plan-your-visit\\\/\",\"url\":\"https:\\\/\\\/www.balnea.ca\\\/en\\\/plan-your-visit\\\/\",\"name\":\"BALNEA : Planifiez votre visite\",\"isPartOf\":{\"@id\":\"https:\\\/\\\/www.balnea.ca\\\/en\\\/#website\"},\"primaryImageOfPage\":{\"@id\":\"https:\\\/\\\/www.balnea.ca\\\/en\\\/plan-your-visit\\\/#primaryimage\"},\"image\":{\"@id\":\"https:\\\/\\\/www.balnea.ca\\\/en\\\/plan-your-visit\\\/#primaryimage\"},\"thumbnailUrl\":\"https:\\\/\\\/www.balnea.ca\\\/wp-content\\\/uploads\\\/2020\\\/06\\\/Header_1920x1044_Quai-\u00e9t\u00e9-2020.jpg\",\"datePublished\":\"2021-09-14T19:28:29+00:00\",\"dateModified\":\"2021-09-17T13:34:46+00:00\",\"breadcrumb\":{\"@id\":\"https:\\\/\\\/www.balnea.ca\\\/en\\\/plan-your-visit\\\/#breadcrumb\"},\"inLanguage\":\"en-US\",\"potentialAction\":[{\"@type\":\"ReadAction\",\"target\":[\"https:\\\/\\\/www.balnea.ca\\\/en\\\/plan-your-visit\\\/\"]}]},{\"@type\":\"ImageObject\",\"inLanguage\":\"en-US\",\"@id\":\"https:\\\/\\\/www.balnea.ca\\\/en\\\/plan-your-visit\\\/#primaryimage\",\"url\":\"https:\\\/\\\/www.balnea.ca\\\/wp-content\\\/uploads\\\/2020\\\/06\\\/Header_1920x1044_Quai-\u00e9t\u00e9-2020.jpg\",\"contentUrl\":\"https:\\\/\\\/www.balnea.ca\\\/wp-content\\\/uploads\\\/2020\\\/06\\\/Header_1920x1044_Quai-\u00e9t\u00e9-2020.jpg\",\"width\":1920,\"height\":1044},{\"@type\":\"BreadcrumbList\",\"@id\":\"https:\\\/\\\/www.balnea.ca\\\/en\\\/plan-your-visit\\\/#breadcrumb\",\"itemListElement\":[{\"@type\":\"ListItem\",\"position\":1,\"name\":\"Home\",\"item\":\"https:\\\/\\\/www.balnea.ca\\\/en\\\/\"},{\"@type\":\"ListItem\",\"position\":2,\"name\":\"AUTUMN AT THE BALNEA\"}]},{\"@type\":\"WebSite\",\"@id\":\"https:\\\/\\\/www.balnea.ca\\\/en\\\/#website\",\"url\":\"https:\\\/\\\/www.balnea.ca\\\/en\\\/\",\"name\":\"Balnea\",\"description\":\"Spa + r\u00e9serve thermale\",\"potentialAction\":[{\"@type\":\"SearchAction\",\"target\":{\"@type\":\"EntryPoint\",\"urlTemplate\":\"https:\\\/\\\/www.balnea.ca\\\/en\\\/?s={search_term_string}\"},\"query-input\":{\"@type\":\"PropertyValueSpecification\",\"valueRequired\":true,\"valueName\":\"search_term_string\"}}],\"inLanguage\":\"en-US\"}]}<\/script>\n<!-- \/ Yoast SEO plugin. -->","yoast_head_json":{"title":"BALNEA : Planifiez votre visite","robots":{"index":"index","follow":"follow","max-snippet":"max-snippet:-1","max-image-preview":"max-image-preview:large","max-video-preview":"max-video-preview:-1"},"canonical":"https:\/\/www.balnea.ca\/en\/plan-your-visit\/","og_locale":"en_US","og_type":"article","og_title":"BALNEA spa + r\u00e9serve thermale, massages et soins","og_description":"Consultez nos promotions en cours ! BALNEA r\u00e9invente l\u2019art de la d\u00e9tente en conviant tous les sens \u00e0 vivre une exp\u00e9rience renversante.","og_url":"https:\/\/www.balnea.ca\/en\/plan-your-visit\/","og_site_name":"Balnea","article_modified_time":"2021-09-17T13:34:46+00:00","og_image":[{"width":1200,"height":630,"url":"https:\/\/www.balnea.ca\/wp-content\/uploads\/2018\/11\/promotions_og.jpg","type":"image\/jpeg"}],"twitter_card":"summary_large_image","twitter_title":"BALNEA spa + r\u00e9serve thermale, massages et soins","twitter_description":"Consultez nos promotions en cours ! BALNEA r\u00e9invente l\u2019art de la d\u00e9tente en conviant tous les sens \u00e0 vivre une exp\u00e9rience renversante.","twitter_image":"https:\/\/www.balnea.ca\/wp-content\/uploads\/2018\/11\/accueil_twitter.jpg","twitter_misc":{"Est. reading time":"2 minutes"},"schema":{"@context":"https:\/\/schema.org","@graph":[{"@type":"WebPage","@id":"https:\/\/www.balnea.ca\/en\/plan-your-visit\/","url":"https:\/\/www.balnea.ca\/en\/plan-your-visit\/","name":"BALNEA : Planifiez votre visite","isPartOf":{"@id":"https:\/\/www.balnea.ca\/en\/#website"},"primaryImageOfPage":{"@id":"https:\/\/www.balnea.ca\/en\/plan-your-visit\/#primaryimage"},"image":{"@id":"https:\/\/www.balnea.ca\/en\/plan-your-visit\/#primaryimage"},"thumbnailUrl":"https:\/\/www.balnea.ca\/wp-content\/uploads\/2020\/06\/Header_1920x1044_Quai-\u00e9t\u00e9-2020.jpg","datePublished":"2021-09-14T19:28:29+00:00","dateModified":"2021-09-17T13:34:46+00:00","breadcrumb":{"@id":"https:\/\/www.balnea.ca\/en\/plan-your-visit\/#breadcrumb"},"inLanguage":"en-US","potentialAction":[{"@type":"ReadAction","target":["https:\/\/www.balnea.ca\/en\/plan-your-visit\/"]}]},{"@type":"ImageObject","inLanguage":"en-US","@id":"https:\/\/www.balnea.ca\/en\/plan-your-visit\/#primaryimage","url":"https:\/\/www.balnea.ca\/wp-content\/uploads\/2020\/06\/Header_1920x1044_Quai-\u00e9t\u00e9-2020.jpg","contentUrl":"https:\/\/www.balnea.ca\/wp-content\/uploads\/2020\/06\/Header_1920x1044_Quai-\u00e9t\u00e9-2020.jpg","width":1920,"height":1044},{"@type":"BreadcrumbList","@id":"https:\/\/www.balnea.ca\/en\/plan-your-visit\/#breadcrumb","itemListElement":[{"@type":"ListItem","position":1,"name":"Home","item":"https:\/\/www.balnea.ca\/en\/"},{"@type":"ListItem","position":2,"name":"AUTUMN AT THE BALNEA"}]},{"@type":"WebSite","@id":"https:\/\/www.balnea.ca\/en\/#website","url":"https:\/\/www.balnea.ca\/en\/","name":"Balnea","description":"Spa + r\u00e9serve thermale","potentialAction":[{"@type":"SearchAction","target":{"@type":"EntryPoint","urlTemplate":"https:\/\/www.balnea.ca\/en\/?s={search_term_string}"},"query-input":{"@type":"PropertyValueSpecification","valueRequired":true,"valueName":"search_term_string"}}],"inLanguage":"en-US"}]}},"_links":{"self":[{"href":"https:\/\/www.balnea.ca\/en\/wp-json\/wp\/v2\/pages\/256056","targetHints":{"allow":["GET"]}}],"collection":[{"href":"https:\/\/www.balnea.ca\/en\/wp-json\/wp\/v2\/pages"}],"about":[{"href":"https:\/\/www.balnea.ca\/en\/wp-json\/wp\/v2\/types\/page"}],"author":[{"embeddable":true,"href":"https:\/\/www.balnea.ca\/en\/wp-json\/wp\/v2\/users\/2341"}],"replies":[{"embeddable":true,"href":"https:\/\/www.balnea.ca\/en\/wp-json\/wp\/v2\/comments?post=256056"}],"version-history":[{"count":9,"href":"https:\/\/www.balnea.ca\/en\/wp-json\/wp\/v2\/pages\/256056\/revisions"}],"predecessor-version":[{"id":256371,"href":"https:\/\/www.balnea.ca\/en\/wp-json\/wp\/v2\/pages\/256056\/revisions\/256371"}],"wp:featuredmedia":[{"embeddable":true,"href":"https:\/\/www.balnea.ca\/en\/wp-json\/wp\/v2\/media\/163120"}],"wp:attachment":[{"href":"https:\/\/www.balnea.ca\/en\/wp-json\/wp\/v2\/media?parent=256056"}],"curies":[{"name":"wp","href":"https:\/\/api.w.org\/{rel}","templated":true}]}}