{"id":3806,"date":"2018-08-22T18:39:51","date_gmt":"2018-08-22T18:39:51","guid":{"rendered":"http:\/\/dev.balnea.ca\/?page_id=3806"},"modified":"2026-05-05T08:54:58","modified_gmt":"2026-05-05T12:54:58","slug":"tarifs","status":"publish","type":"page","link":"https:\/\/www.balnea.ca\/en\/tarifs\/","title":{"rendered":"Thermal Experience Rates &#038; Schedule"},"content":{"rendered":"<div  class=\"one withsmallpadding ppb_text\" style=\"text-align:center;padding:0px 0 0px 0;color:#7c7c7c !important;\" >\n<div class=\"standard_wrapper\">\n<div class=\"page_content_wrapper wide\">\n<div class=\"inner\">\n<div style=\"margin:auto;width:100%\">\n<h2 style=\"text-align: center;\"><span style=\"color: #00acd4;\">2 options for your next visit<\/span><\/h2>\n<\/div>\n<\/div>\n<\/div>\n<\/div>\n<\/div>\n<div class=\"standard_wrapper\">\n<div  class=\"ppb_image_boxed one_half\" style=\"\" >\n<div class=\"page_content_wrapper wide\">\n<div class=\"inner\">\n<div class=\"image_boxed_wrapper theme_radius\" style=\"text-align:center;\">\n<div class=\"image_boxed_content\" style=\"padding:40px;\">\n<p><img loading=\"lazy\" decoding=\"async\" class=\"aligncenter size-full wp-image-3411\" src=\"https:\/\/reskin.balnea.ca\/wp-content\/uploads\/2024\/07\/telechargement.png\" alt=\"\" width=\"60\" height=\"60\" \/><\/p>\n<h2><strong>With reservation<\/strong><\/h2>\n<p><em>Pricing based on the e-ticket calendar<\/em><\/p>\n<\/div>\n<\/div>\n<\/div>\n<\/div>\n<\/div>\n<\/div>\n<div class=\"standard_wrapper\">\n<div  class=\"ppb_image_boxed one_half last\" style=\"\" >\n<div class=\"page_content_wrapper wide\">\n<div class=\"inner\">\n<div class=\"image_boxed_wrapper theme_radius\" style=\"text-align:center;\">\n<div class=\"image_boxed_content\" style=\"padding:40px;\">\n<p><img loading=\"lazy\" decoding=\"async\" class=\"aligncenter size-full wp-image-3411\" src=\"https:\/\/reskin.balnea.ca\/wp-content\/uploads\/2024\/07\/telechargement-1.png\" alt=\"\" width=\"60\" height=\"60\" \/><\/p>\n<h2><strong>Without reservation<\/strong><\/h2>\n<p><em>Please go directly to the reception<\/em><\/p>\n<\/div>\n<\/div>\n<\/div>\n<\/div>\n<\/div>\n<\/div>\n<div class=\"divider one\">&nbsp;<\/div>\n<div class=\"standard_wrapper\">\n<div  class=\"ppb_image_boxed one_half\" style=\"\" >\n<div class=\"page_content_wrapper wide\">\n<div class=\"inner\">\n<div class=\"image_boxed_wrapper theme_radius\" style=\"text-align:center;\">\n<div class=\"image_boxed_content\" style=\"padding:40px;\">\n<h2><span style=\"color: #363226;\">Episode<\/span><\/h2>\n<p>Monday to Thursday: 11 AM to 1 PM \u2192\u00a0 <strong><span style=\"color: #363226;\">$ 45 + tx.<\/span><\/strong><br \/>\nFriday &#038; Saturday: 10 AM to 1 PM \u2192\u00a0 <strong><span style=\"color: #363226;\">$ 55 + tx.<\/span><\/strong><br \/>\nSunday: 10 AM to 1 PM \u2192\u00a0 <strong><span style=\"color: #363226;\">$ 55 + tx.<\/span><\/strong><\/p>\n<p>*<span style=\"color: #363226;\">Monday May 18<\/span> : 10 AM to 1 PM \u2192\u00a0 <strong><span style=\"color: #363226;\">$ 55 + tx.<\/span><\/strong><\/p>\n<p><a class=\"button small \" onclick=\"window.open('\/en\/product\/e-ticket-balnea-episode\/', '_self')\">BOOK YOUR MORNING<\/a>\n<\/div>\n<\/div>\n<\/div>\n<\/div>\n<\/div>\n<\/div>\n<div class=\"standard_wrapper\">\n<div  class=\"ppb_image_boxed one_half last\" style=\"\" >\n<div class=\"page_content_wrapper wide\">\n<div class=\"inner\">\n<div class=\"image_boxed_wrapper theme_radius\" style=\"text-align:center;\">\n<div class=\"image_boxed_content\" style=\"padding:40px;\">\n<h2><span style=\"color: #363226;\">Full day<\/span><\/h2>\n<p>Monday to Thursday: 11 AM to 8 PM \u2192\u00a0 <strong><span style=\"color: #363226;\">$ 95 + tx.<\/span><\/strong><br \/>\nFriday &#038; Saturday: 10 AM to 10 PM \u2192\u00a0 <strong><span style=\"color: #363226;\">$ 100 + tx.<\/span><\/strong><br \/>\nSunday : 10 AM to 8 PM \u2192\u00a0 <strong><span style=\"color: #363226;\">$ 100 + tx.<\/span><\/strong><\/p>\n<p>*<span style=\"color: #363226;\">Sunday May 17<\/span> : 10 AM to 9 PM \u2192\u00a0 <strong><span style=\"color: #363226;\">$ 100 + tx.<\/span><\/strong><br \/>\n*<span style=\"color: #363226;\">Monday May 18<\/span> : 10 AM to 8 PM \u2192\u00a0 <strong><span style=\"color: #363226;\">$ 100 + tx.<\/span><\/strong><\/p>\n<p><a class=\"button small \" onclick=\"window.open('\/en\/product\/e-ticket-thermal-experience\/', '_self')\">Book your day<\/a>\n<\/div>\n<\/div>\n<\/div>\n<\/div>\n<\/div>\n<\/div>\n<div class=\"standard_wrapper\">\n<div  class=\"ppb_image_boxed one_half\" style=\"\" >\n<div class=\"page_content_wrapper wide\">\n<div class=\"inner\">\n<div class=\"image_boxed_wrapper theme_radius\" style=\"text-align:center;\">\n<div class=\"image_boxed_content\" style=\"padding:40px;\">\n<h2><span style=\"color: #363226;\">Twilight<\/span><\/h2>\n<p>Sunday to Thursday : 3:30 PM to 8 PM \u2192\u00a0 <strong><span style=\"color: #363226;\">$ 65 + tx.<\/span><\/strong><br \/>\nFriday &#038; Saturday: 4:30 PM to 10 PM \u2192\u00a0 <strong><span style=\"color: #363226;\">$ 75 + tx.<\/span><\/strong><\/p>\n<p>*<span style=\"color: #363226;\">Sunday May 17<\/span> : 4:30 PM to 9 PM \u2192\u00a0 <strong><span style=\"color: #363226;\">$ 75 + tx.<\/span><\/strong><\/p>\n<p><a class=\"button small \" onclick=\"window.open('\/en\/product\/e-ticket-twilight\/', '_self')\">Book your afternoon<\/a>\n<\/div>\n<\/div>\n<\/div>\n<\/div>\n<\/div>\n<\/div>\n<div class=\"standard_wrapper\">\n<div  class=\"ppb_image_boxed one_half last\" style=\"\" >\n<div class=\"page_content_wrapper wide\">\n<div class=\"inner\">\n<div class=\"image_boxed_wrapper theme_radius\" style=\"text-align:center;\">\n<div class=\"image_boxed_content\" style=\"padding:40px;\">\n<h2><span style=\"color: #363226;\">Evening<\/span><\/h2>\n<p>Sunday to Thursday : 5 PM to 8 PM \u2192\u00a0 <strong><span style=\"color: #363226;\">$ 50 + tx.<\/span><\/strong><br \/>\nFriday &#038; Saturday : 6 PM to 10 PM \u2192\u00a0 <strong><span style=\"color: #363226;\">$ 60 + tx.<\/span><\/strong><\/p>\n<p>*<span style=\"color: #363226;\">Sunday May 17<\/span> : 6 PM to 9 PM \u2192\u00a0 <strong><span style=\"color: #363226;\">$ 60 + tx.<\/span><\/strong><\/p>\n<p><a class=\"button small \" onclick=\"window.open('\/en\/product\/e-ticket-evening\/', '_self')\">Book your evening<\/a>\n<\/div>\n<\/div>\n<\/div>\n<\/div>\n<\/div>\n<\/div>\n<div  class=\"one withsmallpadding ppb_text\" style=\"text-align:left;padding:0px 0 0px 0;color:#7c7c7c !important;\" >\n<div class=\"standard_wrapper\">\n<div class=\"page_content_wrapper wide\">\n<div class=\"inner\">\n<div style=\"margin:auto;width:100%\">\n<h2 style=\"text-align: center;\"><span style=\"color: #00acd4;\">Please note<\/span><\/h2>\n<p style=\"color: #7c7c7c; text-align: center;\"><span style=\"text-align: center;\"><a href=\"https:\/\/www.balnea.ca\/en\/opening-hours\/\" target=\"_blank\" rel=\"noopener\">Our opening hours<\/a> &#038; rates may vary during holidays and peak season.<br \/>\n<\/span><br \/>\n<span style=\"color: #7c7c7c;\">The price of an e-ticket varies based on supply and demand and guarantees you access to the site upon arrival. You may visit without an e-ticket, but please note that there may be a wait on busy days<\/span><\/p>\n<p style=\"color: #7c7c7c; text-align: center;\">Admission is restricted to those 14 years and older. Individuals aged 14 or 15 must be accompanied by an adult\u2014one adult per 14- or 15-year-old. ID required.<\/p>\n<p style=\"color: #7c7c7c; text-align: center;\"><a href=\"https:\/\/reskin.balnea.ca\/wp-content\/uploads\/2025\/11\/HAUTE-SAISON-BALNEA_2025-2026_EN.jpg\" target=\"_blank\" rel=\"noopener\">Holidays and high season.<\/a><\/p>\n<\/div>\n<\/div>\n<\/div>\n<\/div>\n<\/div>\n","protected":false},"excerpt":{"rendered":"<p>2 options for your next visit With reservation Pricing based on the e-ticket calendar Without reservation Please go directly to the reception &nbsp; Episode Monday to Thursday: 11 AM to 1 PM \u2192\u00a0 $ 45 + tx. Friday &#038; Saturday: [&hellip;]<\/p>\n","protected":false},"author":2341,"featured_media":607671,"parent":0,"menu_order":2,"comment_status":"closed","ping_status":"closed","template":"","meta":{"_acf_changed":false,"footnotes":""},"class_list":["post-3806","page","type-page","status-publish","has-post-thumbnail","hentry"],"acf":[],"yoast_head":"<!-- This site is optimized with the Yoast SEO plugin v27.5 - https:\/\/yoast.com\/product\/yoast-seo-wordpress\/ -->\n<title>Tarifs exp\u00e9rience thermale | BALNEA<\/title>\n<meta name=\"description\" content=\"En forfait, \u00e0 la carte, l\u2019exp\u00e9rience thermale s\u2019ajoute \u00e0 un massage ou un soin. Consultez nos offres et tarifs et r\u00e9servez votre s\u00e9jour !\" \/>\n<meta name=\"robots\" content=\"index, follow, max-snippet:-1, max-image-preview:large, max-video-preview:-1\" \/>\n<link rel=\"canonical\" href=\"https:\/\/www.balnea.ca\/en\/tarifs\/\" \/>\n<meta property=\"og:locale\" content=\"en_US\" \/>\n<meta property=\"og:type\" content=\"article\" \/>\n<meta property=\"og:title\" content=\"Tarifs exp\u00e9rience thermale | BALNEA\" \/>\n<meta property=\"og:description\" content=\"En forfait, \u00e0 la carte, l\u2019exp\u00e9rience thermale s\u2019ajoute \u00e0 un massage ou un soin. Consultez nos offres et tarifs et r\u00e9servez votre s\u00e9jour !\" \/>\n<meta property=\"og:url\" content=\"https:\/\/www.balnea.ca\/en\/tarifs\/\" \/>\n<meta property=\"og:site_name\" content=\"Balnea\" \/>\n<meta property=\"article:modified_time\" content=\"2026-05-05T12:54:58+00:00\" \/>\n<meta property=\"og:image\" content=\"https:\/\/www.balnea.ca\/wp-content\/uploads\/2026\/05\/Hero_1930x800_6-1024x424.png\" \/>\n\t<meta property=\"og:image:width\" content=\"1024\" \/>\n\t<meta property=\"og:image:height\" content=\"424\" \/>\n\t<meta property=\"og:image:type\" content=\"image\/png\" \/>\n<meta name=\"twitter:card\" content=\"summary_large_image\" \/>\n<meta name=\"twitter:label1\" content=\"Est. reading time\" \/>\n\t<meta name=\"twitter:data1\" content=\"3 minutes\" \/>\n<script type=\"application\/ld+json\" class=\"yoast-schema-graph\">{\"@context\":\"https:\\\/\\\/schema.org\",\"@graph\":[{\"@type\":\"WebPage\",\"@id\":\"https:\\\/\\\/www.balnea.ca\\\/en\\\/tarifs\\\/\",\"url\":\"https:\\\/\\\/www.balnea.ca\\\/en\\\/tarifs\\\/\",\"name\":\"Tarifs exp\u00e9rience thermale | BALNEA\",\"isPartOf\":{\"@id\":\"https:\\\/\\\/www.balnea.ca\\\/en\\\/#website\"},\"primaryImageOfPage\":{\"@id\":\"https:\\\/\\\/www.balnea.ca\\\/en\\\/tarifs\\\/#primaryimage\"},\"image\":{\"@id\":\"https:\\\/\\\/www.balnea.ca\\\/en\\\/tarifs\\\/#primaryimage\"},\"thumbnailUrl\":\"https:\\\/\\\/www.balnea.ca\\\/wp-content\\\/uploads\\\/2026\\\/05\\\/Hero_1930x800_6.png\",\"datePublished\":\"2018-08-22T18:39:51+00:00\",\"dateModified\":\"2026-05-05T12:54:58+00:00\",\"description\":\"En forfait, \u00e0 la carte, l\u2019exp\u00e9rience thermale s\u2019ajoute \u00e0 un massage ou un soin. Consultez nos offres et tarifs et r\u00e9servez votre s\u00e9jour !\",\"breadcrumb\":{\"@id\":\"https:\\\/\\\/www.balnea.ca\\\/en\\\/tarifs\\\/#breadcrumb\"},\"inLanguage\":\"en-US\",\"potentialAction\":[{\"@type\":\"ReadAction\",\"target\":[\"https:\\\/\\\/www.balnea.ca\\\/en\\\/tarifs\\\/\"]}]},{\"@type\":\"ImageObject\",\"inLanguage\":\"en-US\",\"@id\":\"https:\\\/\\\/www.balnea.ca\\\/en\\\/tarifs\\\/#primaryimage\",\"url\":\"https:\\\/\\\/www.balnea.ca\\\/wp-content\\\/uploads\\\/2026\\\/05\\\/Hero_1930x800_6.png\",\"contentUrl\":\"https:\\\/\\\/www.balnea.ca\\\/wp-content\\\/uploads\\\/2026\\\/05\\\/Hero_1930x800_6.png\",\"width\":1930,\"height\":800},{\"@type\":\"BreadcrumbList\",\"@id\":\"https:\\\/\\\/www.balnea.ca\\\/en\\\/tarifs\\\/#breadcrumb\",\"itemListElement\":[{\"@type\":\"ListItem\",\"position\":1,\"name\":\"Home\",\"item\":\"https:\\\/\\\/www.balnea.ca\\\/en\\\/\"},{\"@type\":\"ListItem\",\"position\":2,\"name\":\"Thermal Experience Rates &#038; Schedule\"}]},{\"@type\":\"WebSite\",\"@id\":\"https:\\\/\\\/www.balnea.ca\\\/en\\\/#website\",\"url\":\"https:\\\/\\\/www.balnea.ca\\\/en\\\/\",\"name\":\"Balnea\",\"description\":\"Spa + r\u00e9serve thermale\",\"potentialAction\":[{\"@type\":\"SearchAction\",\"target\":{\"@type\":\"EntryPoint\",\"urlTemplate\":\"https:\\\/\\\/www.balnea.ca\\\/en\\\/?s={search_term_string}\"},\"query-input\":{\"@type\":\"PropertyValueSpecification\",\"valueRequired\":true,\"valueName\":\"search_term_string\"}}],\"inLanguage\":\"en-US\"}]}<\/script>\n<!-- \/ Yoast SEO plugin. -->","yoast_head_json":{"title":"Tarifs exp\u00e9rience thermale | BALNEA","description":"En forfait, \u00e0 la carte, l\u2019exp\u00e9rience thermale s\u2019ajoute \u00e0 un massage ou un soin. Consultez nos offres et tarifs et r\u00e9servez votre s\u00e9jour !","robots":{"index":"index","follow":"follow","max-snippet":"max-snippet:-1","max-image-preview":"max-image-preview:large","max-video-preview":"max-video-preview:-1"},"canonical":"https:\/\/www.balnea.ca\/en\/tarifs\/","og_locale":"en_US","og_type":"article","og_title":"Tarifs exp\u00e9rience thermale | BALNEA","og_description":"En forfait, \u00e0 la carte, l\u2019exp\u00e9rience thermale s\u2019ajoute \u00e0 un massage ou un soin. Consultez nos offres et tarifs et r\u00e9servez votre s\u00e9jour !","og_url":"https:\/\/www.balnea.ca\/en\/tarifs\/","og_site_name":"Balnea","article_modified_time":"2026-05-05T12:54:58+00:00","og_image":[{"width":1024,"height":424,"url":"https:\/\/www.balnea.ca\/wp-content\/uploads\/2026\/05\/Hero_1930x800_6-1024x424.png","type":"image\/png"}],"twitter_card":"summary_large_image","twitter_misc":{"Est. reading time":"3 minutes"},"schema":{"@context":"https:\/\/schema.org","@graph":[{"@type":"WebPage","@id":"https:\/\/www.balnea.ca\/en\/tarifs\/","url":"https:\/\/www.balnea.ca\/en\/tarifs\/","name":"Tarifs exp\u00e9rience thermale | BALNEA","isPartOf":{"@id":"https:\/\/www.balnea.ca\/en\/#website"},"primaryImageOfPage":{"@id":"https:\/\/www.balnea.ca\/en\/tarifs\/#primaryimage"},"image":{"@id":"https:\/\/www.balnea.ca\/en\/tarifs\/#primaryimage"},"thumbnailUrl":"https:\/\/www.balnea.ca\/wp-content\/uploads\/2026\/05\/Hero_1930x800_6.png","datePublished":"2018-08-22T18:39:51+00:00","dateModified":"2026-05-05T12:54:58+00:00","description":"En forfait, \u00e0 la carte, l\u2019exp\u00e9rience thermale s\u2019ajoute \u00e0 un massage ou un soin. Consultez nos offres et tarifs et r\u00e9servez votre s\u00e9jour !","breadcrumb":{"@id":"https:\/\/www.balnea.ca\/en\/tarifs\/#breadcrumb"},"inLanguage":"en-US","potentialAction":[{"@type":"ReadAction","target":["https:\/\/www.balnea.ca\/en\/tarifs\/"]}]},{"@type":"ImageObject","inLanguage":"en-US","@id":"https:\/\/www.balnea.ca\/en\/tarifs\/#primaryimage","url":"https:\/\/www.balnea.ca\/wp-content\/uploads\/2026\/05\/Hero_1930x800_6.png","contentUrl":"https:\/\/www.balnea.ca\/wp-content\/uploads\/2026\/05\/Hero_1930x800_6.png","width":1930,"height":800},{"@type":"BreadcrumbList","@id":"https:\/\/www.balnea.ca\/en\/tarifs\/#breadcrumb","itemListElement":[{"@type":"ListItem","position":1,"name":"Home","item":"https:\/\/www.balnea.ca\/en\/"},{"@type":"ListItem","position":2,"name":"Thermal Experience Rates &#038; Schedule"}]},{"@type":"WebSite","@id":"https:\/\/www.balnea.ca\/en\/#website","url":"https:\/\/www.balnea.ca\/en\/","name":"Balnea","description":"Spa + r\u00e9serve thermale","potentialAction":[{"@type":"SearchAction","target":{"@type":"EntryPoint","urlTemplate":"https:\/\/www.balnea.ca\/en\/?s={search_term_string}"},"query-input":{"@type":"PropertyValueSpecification","valueRequired":true,"valueName":"search_term_string"}}],"inLanguage":"en-US"}]}},"_links":{"self":[{"href":"https:\/\/www.balnea.ca\/en\/wp-json\/wp\/v2\/pages\/3806","targetHints":{"allow":["GET"]}}],"collection":[{"href":"https:\/\/www.balnea.ca\/en\/wp-json\/wp\/v2\/pages"}],"about":[{"href":"https:\/\/www.balnea.ca\/en\/wp-json\/wp\/v2\/types\/page"}],"author":[{"embeddable":true,"href":"https:\/\/www.balnea.ca\/en\/wp-json\/wp\/v2\/users\/2341"}],"replies":[{"embeddable":true,"href":"https:\/\/www.balnea.ca\/en\/wp-json\/wp\/v2\/comments?post=3806"}],"version-history":[{"count":7,"href":"https:\/\/www.balnea.ca\/en\/wp-json\/wp\/v2\/pages\/3806\/revisions"}],"predecessor-version":[{"id":607928,"href":"https:\/\/www.balnea.ca\/en\/wp-json\/wp\/v2\/pages\/3806\/revisions\/607928"}],"wp:featuredmedia":[{"embeddable":true,"href":"https:\/\/www.balnea.ca\/en\/wp-json\/wp\/v2\/media\/607671"}],"wp:attachment":[{"href":"https:\/\/www.balnea.ca\/en\/wp-json\/wp\/v2\/media?parent=3806"}],"curies":[{"name":"wp","href":"https:\/\/api.w.org\/{rel}","templated":true}]}}