{"id":3814,"date":"2018-10-04T15:22:02","date_gmt":"2018-10-04T15:22:02","guid":{"rendered":"http:\/\/dev.balnea.ca\/menu-lumami\/"},"modified":"2026-04-02T11:08:19","modified_gmt":"2026-04-02T15:08:19","slug":"menu-lumami","status":"publish","type":"page","link":"https:\/\/www.balnea.ca\/en\/menu-lumami\/","title":{"rendered":"LUMAMI Menu"},"content":{"rendered":"<div  class=\"one withsmallpadding ppb_text\" style=\"font-size:18px;text-align:center;padding:70px 0 70px 0;\" >\n<div class=\"standard_wrapper\">\n<div class=\"page_content_wrapper wide\">\n<div class=\"inner\">\n<div style=\"margin:auto;width:60%\">\n<p style=\"text-align: center;\"><span style=\"color: #7c7c7c;\">Our LUMAMI restaurant menu is also available at the Lounge counter. You may see it below as an indicator. It is subject to change according to the seasons and our garden&rsquo;s harvests.<br \/>\n<\/span><\/p>\n<\/div>\n<\/div>\n<\/div>\n<\/div>\n<\/div>\n<div  class=\"one withsmallpadding ppb_text\" style=\"text-align:center;padding:0px 0 0px 0;\" >\n<div class=\"standard_wrapper\">\n<div class=\"page_content_wrapper wide\">\n<div class=\"inner\">\n<div style=\"margin:auto;width:100%\">\n<p><img loading=\"lazy\" decoding=\"async\" class=\"icon size-full wp-image-3443 aligncenter\" src=\"https:\/\/www.balnea.ca\/wp-content\/uploads\/2018\/10\/Gastronomie_Bleu_120px.png\" alt=\"\" width=\"60\" height=\"60\" \/><\/p>\n<h2 style=\"text-align: center;\">Regular Menu<\/h2>\n<\/div>\n<\/div>\n<\/div>\n<\/div>\n<\/div>\n<div  class=\"one withsmallpadding ppb_text\" style=\"text-align:center;padding:20px 0 20px 0;\" >\n<div class=\"standard_wrapper\">\n<div class=\"page_content_wrapper wide\">\n<div class=\"inner\">\n<div style=\"margin:auto;width:100%\">\n<p style=\"text-align: center;\">Soup of the day <strong style=\"color: #00acd4;\">| 11<\/strong><\/p>\n<p style=\"text-align: center;\">Focaccia &#8211; homemade aromatic butter<strong style=\"color: #00acd4;\">\u00a0| 8<\/strong><\/p>\n<p style=\"text-align: center;\">Mesclun from our garden &#8211; maple vinaigrette <strong style=\"color: #00acd4;\">| 12<\/strong><\/p>\n<p style=\"text-align: center;\">Arancini cacio e pepe &#8211; roasted garlic tomato sauce\u00a0<strong style=\"color: #00acd4;\">| 12<\/strong><\/p>\n<p style=\"text-align: center;\">Homemade roasted nut mix &#8211; sumac, sriracha and maple syrup <strong style=\"color: #00acd4;\">| 9<\/strong><\/p>\n<p style=\"text-align: center;\">*<\/p>\n<p style=\"text-align: center;\">Burratini &#8211; variety of squash &#8211; focaccia <strong style=\"color: #00acd4;\">| 25<\/strong><\/p>\n<p style=\"text-align: center;\">Beets &#8211; goat cream &#8211; pomegranate &#8211; walnuts from Grenoble <strong style=\"color: #00acd4;\">| 17<\/strong><\/p>\n<p style=\"text-align: center;\">Quebec cheese platter &#8211; homemade chutney &#8211; croutons\u00a0<strong style=\"color: #00acd4;\">| 19<\/strong><\/p>\n<p style=\"text-align: center;\">Lion\u2019s mane mushroom steak &#8211; roasted potatoes &#8211; pepper sauce\u00a0<strong style=\"color: #00acd4;\">| 29<\/strong><\/p>\n<p style=\"text-align: center;\">Duck breast &#8211; peppercorn and honey &#8211; cauliflower puree &#8211; sea buckthorn\u00a0 <strong style=\"color: #00acd4;\">| 34<\/strong><\/p>\n<p style=\"text-align: center;\">Cod &#8211; parsnip puree &#8211; roasted parsnip &#8211; chamomile infused cream &#8211; blackcurrant <strong style=\"color: #00acd4;\">| 31<\/strong><\/p>\n<p style=\"text-align: center;\">Hot smoked salmon tartine &#8211; creme fraiche with caviar &#8211; marinade from the garden\u00a0<strong style=\"color: #00acd4;\">| 26<\/strong><\/p>\n<p style=\"text-align: center;\">Pulled pork sandwich &#8211; apple sauce &#8211; homemade coleslaw &#8211; fresh apple &#8211; cheddar <strong style=\"color: #00acd4;\">| 21<\/strong><\/p>\n<p style=\"text-align: center;\">Mycep mushrooms risotto <strong style=\"color: #00acd4;\">| 27<\/strong><\/p>\n<p style=\"text-align: center;\">Hunter\u2019s board : Terrine &#8211; dry sausage &#8211; marinated egg &#8211; cheeses &#8211; nuts &#8211; croutons &#8211; marinades &#8211; mostarda <strong style=\"color: #00acd4;\">| 34<\/strong><\/p>\n<p style=\"text-align: center;\">Dish of the moment<strong style=\"color: #00acd4;\">| MP<\/strong><\/p>\n<\/div>\n<\/div>\n<\/div>\n<\/div>\n<\/div>\n<div  class=\"one withsmallpadding ppb_text\" style=\"text-align:center;padding:0px 0 0px 0;\" >\n<div class=\"standard_wrapper\">\n<div class=\"page_content_wrapper wide\">\n<div class=\"inner\">\n<div style=\"margin:auto;width:100%\">\n<p><img loading=\"lazy\" decoding=\"async\" class=\"icon size-full wp-image-3443 aligncenter\" src=\"https:\/\/www.balnea.ca\/wp-content\/uploads\/2018\/10\/Gastronomie_Bleu_120px.png\" alt=\"\" width=\"60\" height=\"60\" \/><\/p>\n<h2 style=\"text-align: center;\">Desserts<\/h2>\n<\/div>\n<\/div>\n<\/div>\n<\/div>\n<\/div>\n<div  class=\"one withsmallpadding ppb_text\" style=\"text-align:center;padding:20px 0 20px 0;\" >\n<div class=\"standard_wrapper\">\n<div class=\"page_content_wrapper wide\">\n<div class=\"inner\">\n<div style=\"margin:auto;width:100%\">\n<p style=\"text-align: center;\">Seasonal Cookies <strong style=\"color: #00acd4;\">| 5<\/strong><\/p>\n<p style=\"text-align: center;\">Chocolate verrine, vanilla pear and cocoa crumble <strong style=\"color: #00acd4;\">| 9<\/strong><\/p>\n<p style=\"text-align: center;\">Blueberry and lemon vegan cake <strong style=\"color: #00acd4;\">| 11<\/strong><\/p>\n<p style=\"text-align: center;\">Apple crisp tart, crumble and spiced mousse <strong style=\"color: #00acd4;\">| 13<\/strong><\/p>\n<p style=\"text-align: center;\">\n<\/div>\n<\/div>\n<\/div>\n<\/div>\n<\/div>\n<div class=\"standard_wrapper\">\n<div class=\"one withsmallpadding ppb_line_divider\"  style=\"text-align:center;padding:0px 0 0px 0;\" >\n<div class=\"page_content_wrapper wide\">\n<div class=\"inner\">\n<div class=\"line_divider_border\" style=\"width:100px;\"><\/div>\n<div class=\"line_divider_seperator\"><i class=\"fa fa-leaf\" style=\"\"><\/i><\/div>\n<div class=\"line_divider_border\" style=\"width:100px;\"><\/div>\n<\/div>\n<\/div>\n<\/div>\n<\/div>\n<div class=\"standard_wrapper\">\n<div  class=\"one\" style=\"padding:40px 0 40px 0;\" >\n<div class=\"page_content_wrapper wide nopadding\">\n<div class=\"inner\">\n<div id=\"1775142499228020191\" class=\"slider_wrapper\">\n<div class=\"flexslider tg_gallery \" data-height=\"750\">\n<ul class=\"slides\">\n<li><img decoding=\"async\" src=\"https:\/\/www.balnea.ca\/wp-content\/uploads\/2024\/02\/0F8A4559-1.jpg\" alt=\"\"\/>\n<div class=\"ppb_image_caption\"><\/div>\n<\/li>\n<li><img decoding=\"async\" src=\"https:\/\/www.balnea.ca\/wp-content\/uploads\/2024\/02\/0F8A4077.jpg\" alt=\"\"\/>\n<div class=\"ppb_image_caption\"><\/div>\n<\/li>\n<li><img decoding=\"async\" src=\"https:\/\/www.balnea.ca\/wp-content\/uploads\/2024\/02\/4N5A0097.jpg\" alt=\"\"\/>\n<div class=\"ppb_image_caption\"><\/div>\n<\/li>\n<li><img decoding=\"async\" src=\"https:\/\/www.balnea.ca\/wp-content\/uploads\/2024\/02\/0F8A3920.jpg\" alt=\"\"\/>\n<div class=\"ppb_image_caption\"><\/div>\n<\/li>\n<li><img decoding=\"async\" src=\"https:\/\/www.balnea.ca\/wp-content\/uploads\/2024\/02\/IMG_6991-scaled.jpg\" alt=\"\"\/>\n<div class=\"ppb_image_caption\"><\/div>\n<\/li>\n<li><img decoding=\"async\" src=\"https:\/\/www.balnea.ca\/wp-content\/uploads\/2024\/02\/IMG_6881-scaled.jpg\" alt=\"\"\/>\n<div class=\"ppb_image_caption\"><\/div>\n<\/li>\n<\/ul>\n<\/div>\n<\/div>\n<\/div>\n<\/div>\n<\/div>\n<\/div>\n<div class=\"standard_wrapper\">\n<div class=\"one withsmallpadding ppb_line_divider\"  style=\"text-align:center;padding:0px 0 0px 0;\" >\n<div class=\"page_content_wrapper wide\">\n<div class=\"inner\">\n<div class=\"line_divider_border\" style=\"width:100px;\"><\/div>\n<div class=\"line_divider_seperator\"><i class=\"fa fa-leaf\" style=\"\"><\/i><\/div>\n<div class=\"line_divider_border\" style=\"width:100px;\"><\/div>\n<\/div>\n<\/div>\n<\/div>\n<\/div>\n<div  class=\"one withsmallpadding ppb_text\" style=\"text-align:center;padding:40px 0 40px 0;\" >\n<div class=\"standard_wrapper\">\n<div class=\"page_content_wrapper wide\">\n<div class=\"inner\">\n<div style=\"margin:auto;width:100%\">\n<p><sup>LUMAMI supports local and organic products<\/sup><br \/>\n319, Chemin du lac Gale, Bromont, Qc, J2L 2S5<\/p>\n<\/div>\n<\/div>\n<\/div>\n<\/div>\n<\/div>\n","protected":false},"excerpt":{"rendered":"<p>Our LUMAMI restaurant menu is also available at the Lounge counter. You may see it below as an indicator. It is subject to change according to the seasons and our garden&rsquo;s harvests. Regular Menu Soup of the day | 11 [&hellip;]<\/p>\n","protected":false},"author":2341,"featured_media":373939,"parent":0,"menu_order":0,"comment_status":"closed","ping_status":"closed","template":"","meta":{"_acf_changed":false,"footnotes":""},"class_list":["post-3814","page","type-page","status-publish","has-post-thumbnail","hentry"],"acf":[],"yoast_head":"<!-- This site is optimized with the Yoast SEO plugin v27.3 - https:\/\/yoast.com\/product\/yoast-seo-wordpress\/ -->\n<title>LUMAMI Menu - Balnea<\/title>\n<meta name=\"description\" content=\"Le restaurant LUMAMI cuisine nature est ouvert du dimanche au jeudi de 12 h \u00e0 19 h et le vendredi et samedi de 12 h \u00e0 21 h. R\u00e9servez une table d\u00e8s maintenant !\" \/>\n<meta name=\"robots\" content=\"index, follow, max-snippet:-1, max-image-preview:large, max-video-preview:-1\" \/>\n<link rel=\"canonical\" href=\"https:\/\/www.balnea.ca\/en\/menu-lumami\/\" \/>\n<meta property=\"og:locale\" content=\"en_US\" \/>\n<meta property=\"og:type\" content=\"article\" \/>\n<meta property=\"og:title\" content=\"LUMAMI Menu - Balnea\" \/>\n<meta property=\"og:description\" content=\"Le restaurant LUMAMI cuisine nature est ouvert du dimanche au jeudi de 12 h \u00e0 19 h et le vendredi et samedi de 12 h \u00e0 21 h. R\u00e9servez une table d\u00e8s maintenant !\" \/>\n<meta property=\"og:url\" content=\"https:\/\/www.balnea.ca\/en\/menu-lumami\/\" \/>\n<meta property=\"og:site_name\" content=\"Balnea\" \/>\n<meta property=\"article:modified_time\" content=\"2026-04-02T15:08:19+00:00\" \/>\n<meta property=\"og:image\" content=\"https:\/\/www.balnea.ca\/wp-content\/uploads\/2022\/11\/02_Menu-LUMAMI.jpg\" \/>\n\t<meta property=\"og:image:width\" content=\"1024\" \/>\n\t<meta property=\"og:image:height\" content=\"683\" \/>\n\t<meta property=\"og:image:type\" content=\"image\/jpeg\" \/>\n<meta name=\"twitter:card\" content=\"summary_large_image\" \/>\n<meta name=\"twitter:label1\" content=\"Est. reading time\" \/>\n\t<meta name=\"twitter:data1\" content=\"3 minutes\" \/>\n<script type=\"application\/ld+json\" class=\"yoast-schema-graph\">{\"@context\":\"https:\\\/\\\/schema.org\",\"@graph\":[{\"@type\":\"WebPage\",\"@id\":\"https:\\\/\\\/www.balnea.ca\\\/en\\\/menu-lumami\\\/\",\"url\":\"https:\\\/\\\/www.balnea.ca\\\/en\\\/menu-lumami\\\/\",\"name\":\"LUMAMI Menu - Balnea\",\"isPartOf\":{\"@id\":\"https:\\\/\\\/www.balnea.ca\\\/en\\\/#website\"},\"primaryImageOfPage\":{\"@id\":\"https:\\\/\\\/www.balnea.ca\\\/en\\\/menu-lumami\\\/#primaryimage\"},\"image\":{\"@id\":\"https:\\\/\\\/www.balnea.ca\\\/en\\\/menu-lumami\\\/#primaryimage\"},\"thumbnailUrl\":\"https:\\\/\\\/www.balnea.ca\\\/wp-content\\\/uploads\\\/2022\\\/11\\\/02_Menu-LUMAMI.jpg\",\"datePublished\":\"2018-10-04T15:22:02+00:00\",\"dateModified\":\"2026-04-02T15:08:19+00:00\",\"description\":\"Le restaurant LUMAMI cuisine nature est ouvert du dimanche au jeudi de 12 h \u00e0 19 h et le vendredi et samedi de 12 h \u00e0 21 h. R\u00e9servez une table d\u00e8s maintenant !\",\"breadcrumb\":{\"@id\":\"https:\\\/\\\/www.balnea.ca\\\/en\\\/menu-lumami\\\/#breadcrumb\"},\"inLanguage\":\"en-US\",\"potentialAction\":[{\"@type\":\"ReadAction\",\"target\":[\"https:\\\/\\\/www.balnea.ca\\\/en\\\/menu-lumami\\\/\"]}]},{\"@type\":\"ImageObject\",\"inLanguage\":\"en-US\",\"@id\":\"https:\\\/\\\/www.balnea.ca\\\/en\\\/menu-lumami\\\/#primaryimage\",\"url\":\"https:\\\/\\\/www.balnea.ca\\\/wp-content\\\/uploads\\\/2022\\\/11\\\/02_Menu-LUMAMI.jpg\",\"contentUrl\":\"https:\\\/\\\/www.balnea.ca\\\/wp-content\\\/uploads\\\/2022\\\/11\\\/02_Menu-LUMAMI.jpg\",\"width\":1024,\"height\":683},{\"@type\":\"BreadcrumbList\",\"@id\":\"https:\\\/\\\/www.balnea.ca\\\/en\\\/menu-lumami\\\/#breadcrumb\",\"itemListElement\":[{\"@type\":\"ListItem\",\"position\":1,\"name\":\"Home\",\"item\":\"https:\\\/\\\/www.balnea.ca\\\/en\\\/\"},{\"@type\":\"ListItem\",\"position\":2,\"name\":\"LUMAMI Menu\"}]},{\"@type\":\"WebSite\",\"@id\":\"https:\\\/\\\/www.balnea.ca\\\/en\\\/#website\",\"url\":\"https:\\\/\\\/www.balnea.ca\\\/en\\\/\",\"name\":\"Balnea\",\"description\":\"Spa + r\u00e9serve thermale\",\"potentialAction\":[{\"@type\":\"SearchAction\",\"target\":{\"@type\":\"EntryPoint\",\"urlTemplate\":\"https:\\\/\\\/www.balnea.ca\\\/en\\\/?s={search_term_string}\"},\"query-input\":{\"@type\":\"PropertyValueSpecification\",\"valueRequired\":true,\"valueName\":\"search_term_string\"}}],\"inLanguage\":\"en-US\"}]}<\/script>\n<!-- \/ Yoast SEO plugin. -->","yoast_head_json":{"title":"LUMAMI Menu - Balnea","description":"Le restaurant LUMAMI cuisine nature est ouvert du dimanche au jeudi de 12 h \u00e0 19 h et le vendredi et samedi de 12 h \u00e0 21 h. R\u00e9servez une table d\u00e8s maintenant !","robots":{"index":"index","follow":"follow","max-snippet":"max-snippet:-1","max-image-preview":"max-image-preview:large","max-video-preview":"max-video-preview:-1"},"canonical":"https:\/\/www.balnea.ca\/en\/menu-lumami\/","og_locale":"en_US","og_type":"article","og_title":"LUMAMI Menu - Balnea","og_description":"Le restaurant LUMAMI cuisine nature est ouvert du dimanche au jeudi de 12 h \u00e0 19 h et le vendredi et samedi de 12 h \u00e0 21 h. R\u00e9servez une table d\u00e8s maintenant !","og_url":"https:\/\/www.balnea.ca\/en\/menu-lumami\/","og_site_name":"Balnea","article_modified_time":"2026-04-02T15:08:19+00:00","og_image":[{"width":1024,"height":683,"url":"https:\/\/www.balnea.ca\/wp-content\/uploads\/2022\/11\/02_Menu-LUMAMI.jpg","type":"image\/jpeg"}],"twitter_card":"summary_large_image","twitter_misc":{"Est. reading time":"3 minutes"},"schema":{"@context":"https:\/\/schema.org","@graph":[{"@type":"WebPage","@id":"https:\/\/www.balnea.ca\/en\/menu-lumami\/","url":"https:\/\/www.balnea.ca\/en\/menu-lumami\/","name":"LUMAMI Menu - Balnea","isPartOf":{"@id":"https:\/\/www.balnea.ca\/en\/#website"},"primaryImageOfPage":{"@id":"https:\/\/www.balnea.ca\/en\/menu-lumami\/#primaryimage"},"image":{"@id":"https:\/\/www.balnea.ca\/en\/menu-lumami\/#primaryimage"},"thumbnailUrl":"https:\/\/www.balnea.ca\/wp-content\/uploads\/2022\/11\/02_Menu-LUMAMI.jpg","datePublished":"2018-10-04T15:22:02+00:00","dateModified":"2026-04-02T15:08:19+00:00","description":"Le restaurant LUMAMI cuisine nature est ouvert du dimanche au jeudi de 12 h \u00e0 19 h et le vendredi et samedi de 12 h \u00e0 21 h. R\u00e9servez une table d\u00e8s maintenant !","breadcrumb":{"@id":"https:\/\/www.balnea.ca\/en\/menu-lumami\/#breadcrumb"},"inLanguage":"en-US","potentialAction":[{"@type":"ReadAction","target":["https:\/\/www.balnea.ca\/en\/menu-lumami\/"]}]},{"@type":"ImageObject","inLanguage":"en-US","@id":"https:\/\/www.balnea.ca\/en\/menu-lumami\/#primaryimage","url":"https:\/\/www.balnea.ca\/wp-content\/uploads\/2022\/11\/02_Menu-LUMAMI.jpg","contentUrl":"https:\/\/www.balnea.ca\/wp-content\/uploads\/2022\/11\/02_Menu-LUMAMI.jpg","width":1024,"height":683},{"@type":"BreadcrumbList","@id":"https:\/\/www.balnea.ca\/en\/menu-lumami\/#breadcrumb","itemListElement":[{"@type":"ListItem","position":1,"name":"Home","item":"https:\/\/www.balnea.ca\/en\/"},{"@type":"ListItem","position":2,"name":"LUMAMI Menu"}]},{"@type":"WebSite","@id":"https:\/\/www.balnea.ca\/en\/#website","url":"https:\/\/www.balnea.ca\/en\/","name":"Balnea","description":"Spa + r\u00e9serve thermale","potentialAction":[{"@type":"SearchAction","target":{"@type":"EntryPoint","urlTemplate":"https:\/\/www.balnea.ca\/en\/?s={search_term_string}"},"query-input":{"@type":"PropertyValueSpecification","valueRequired":true,"valueName":"search_term_string"}}],"inLanguage":"en-US"}]}},"_links":{"self":[{"href":"https:\/\/www.balnea.ca\/en\/wp-json\/wp\/v2\/pages\/3814","targetHints":{"allow":["GET"]}}],"collection":[{"href":"https:\/\/www.balnea.ca\/en\/wp-json\/wp\/v2\/pages"}],"about":[{"href":"https:\/\/www.balnea.ca\/en\/wp-json\/wp\/v2\/types\/page"}],"author":[{"embeddable":true,"href":"https:\/\/www.balnea.ca\/en\/wp-json\/wp\/v2\/users\/2341"}],"replies":[{"embeddable":true,"href":"https:\/\/www.balnea.ca\/en\/wp-json\/wp\/v2\/comments?post=3814"}],"version-history":[{"count":5,"href":"https:\/\/www.balnea.ca\/en\/wp-json\/wp\/v2\/pages\/3814\/revisions"}],"predecessor-version":[{"id":602728,"href":"https:\/\/www.balnea.ca\/en\/wp-json\/wp\/v2\/pages\/3814\/revisions\/602728"}],"wp:featuredmedia":[{"embeddable":true,"href":"https:\/\/www.balnea.ca\/en\/wp-json\/wp\/v2\/media\/373939"}],"wp:attachment":[{"href":"https:\/\/www.balnea.ca\/en\/wp-json\/wp\/v2\/media?parent=3814"}],"curies":[{"name":"wp","href":"https:\/\/api.w.org\/{rel}","templated":true}]}}