{"id":3884,"date":"2018-10-04T15:27:29","date_gmt":"2018-10-04T15:27:29","guid":{"rendered":"http:\/\/dev.balnea.ca\/restaurant\/carte-des-vins\/"},"modified":"2025-04-01T13:38:34","modified_gmt":"2025-04-01T17:38:34","slug":"carte-vins","status":"publish","type":"page","link":"https:\/\/www.balnea.ca\/en\/carte-vins\/","title":{"rendered":"Alcohol and beverages list"},"content":{"rendered":"<div  class=\"one withsmallpadding ppb_text\" style=\"font-size:18px;text-align:center;padding:70px 0 70px 0;\" >\n<div class=\"standard_wrapper\">\n<div class=\"page_content_wrapper wide\">\n<div class=\"inner\">\n<div style=\"margin:auto;width:60%\">\n<p>Sparkling, wines, beers and sweets !<\/p>\n<p>Our wines are primarily sourced from practices such as sustainable, organic, biodynamic, natural, or local farming.<\/p>\n<p><span style=\"color: #00acd4;\">List for reference only.<\/span><\/p>\n<\/div>\n<\/div>\n<\/div>\n<\/div>\n<\/div>\n<div  class=\"one withsmallpadding ppb_text\" style=\"text-align:center;padding:0px 0 0px 0;\" >\n<div class=\"standard_wrapper\">\n<div class=\"page_content_wrapper wide\">\n<div class=\"inner\">\n<div style=\"margin:auto;width:100%\">\n<p><img loading=\"lazy\" decoding=\"async\" src=\"https:\/\/www.balnea.ca\/wp-content\/uploads\/2018\/10\/Gastronomie_Bleu_120px.png\" alt=\"\" width=\"60\" height=\"60\" class=\"icon aligncenter size-full wp-image-3443\" \/><\/p>\n<h2>Sparkling<\/h2>\n<\/div>\n<\/div>\n<\/div>\n<\/div>\n<\/div>\n<div  class=\"one withsmallpadding ppb_text\" style=\"text-align:center;padding:20px 0 20px 0;\" >\n<div class=\"standard_wrapper\">\n<div class=\"page_content_wrapper wide\">\n<div class=\"inner\">\n<div style=\"margin:auto;width:100%\">\n<p>Dans ma bulle, Sparkling apple cider.<br \/>\nCidrerie Autour de la pomme. Canada, Shefford.<\/p>\n<p>Les Complices Camerise, Sparkling honeyberry cider.<br \/>\nCidrerie Autour de la pomme. Canada, Shefford.<\/p>\n<p>Muse, Brut 2019, St-P\u00e9pin.<br \/>\nL\u00e9on Courville Vigneron, Canada, Lac-Brome.<\/p>\n<p>Champagne Tradition 1er cru, Lelarge-Pugeot.<br \/>\nPinot meunier, Pinot Noir, Chardonnay.<br \/>\nFrance, Champagne.<\/p>\n<\/div>\n<\/div>\n<\/div>\n<\/div>\n<\/div>\n<div class=\"divider one\">&nbsp;<\/div>\n<div  class=\"one withsmallpadding ppb_text\" style=\"text-align:center;padding:0px 0 0px 0;\" >\n<div class=\"standard_wrapper\">\n<div class=\"page_content_wrapper wide\">\n<div class=\"inner\">\n<div style=\"margin:auto;width:100%\">\n<h2>Whites<\/h2>\n<\/div>\n<\/div>\n<\/div>\n<\/div>\n<\/div>\n<div  class=\"one withsmallpadding ppb_text\" style=\"text-align:center;padding:20px 0 20px 0;\" >\n<div class=\"standard_wrapper\">\n<div class=\"page_content_wrapper wide\">\n<div class=\"inner\">\n<div style=\"margin:auto;width:100%\">\n<p>Gneiss &#038; Glimmer 2023, Nibiru. Gr\u00fcner Veltliner. Austria, Kamptal.<\/p>\n<p>Le Virage 2018, Vignoble Sugar Hill. St-P\u00e9pin. Canada, Knowlton.<\/p>\n<p>Chardonnay 2023, Maison Guillot-Broux. Chardonnay. France, Burgundy.<\/p>\n<p>Les 2 Terres Muscadet 2022, Domaine Des Cognettes. Melon de Bourgogne. France, Burgundy.<\/p>\n<p>Alcoolitre 2023, Les Sabots d\u2019H\u00e9l\u00e8ne. Macabeu, Grenache Blanc et Muscat. France, Occitania.<\/p>\n<p>Ekwo 2022, Tenuta Terraviva. Pecorino. Italie, Abruzzi.<\/p>\n<p>Terra Madre 2023, Vino Lauria. Pinot Grigio. Italie, Sicily.<\/p>\n<\/div>\n<\/div>\n<\/div>\n<\/div>\n<\/div>\n<div class=\"divider one\">&nbsp;<\/div>\n<div  class=\"one withsmallpadding ppb_text\" style=\"text-align:center;padding:0px 0 0px 0;\" >\n<div class=\"standard_wrapper\">\n<div class=\"page_content_wrapper wide\">\n<div class=\"inner\">\n<div style=\"margin:auto;width:100%\">\n<h2>Reds<\/h2>\n<\/div>\n<\/div>\n<\/div>\n<\/div>\n<\/div>\n<div  class=\"one withsmallpadding ppb_text\" style=\"text-align:center;padding:20px 0 20px 0;\" >\n<div class=\"standard_wrapper\">\n<div class=\"page_content_wrapper wide\">\n<div class=\"inner\">\n<div style=\"margin:auto;width:100%\">\n<p>R\u00e9serve Baco 2020, L\u00e9on Courville Vigneron. Baco. Canada, Brome-Lake.<\/p>\n<p>Les Parages 2018, Vignoble Sugar Hill. Marquette. Canada, Knowlton.<\/p>\n<p>Les Beraudies Cahors 2022, Cosse-Maisonneuve. Malbec. France, South-West.<\/p>\n<p>La Petite Ourse 2022, Domaine La Grande Ourse. Syrah, grenache. France, C\u00f4tes-du-Rh\u00f4ne.<\/p>\n<p>Bordeaux Sup\u00e9rieur 2021, Ch\u00e2teau C\u00f4tes de Cassagne. Merlot, Cabernet Sauvignon &#038; Cabernet Franc. France, Burgundy.<\/p>\n<p>Basilicata Rosso 2018, Musto Carmelitano. Aglianico. Italy, Basilicate.<\/p>\n<\/div>\n<\/div>\n<\/div>\n<\/div>\n<\/div>\n<div class=\"divider one\">&nbsp;<\/div>\n<div  class=\"one withsmallpadding ppb_text\" style=\"text-align:center;padding:0px 0 0px 0;\" >\n<div class=\"standard_wrapper\">\n<div class=\"page_content_wrapper wide\">\n<div class=\"inner\">\n<div style=\"margin:auto;width:100%\">\n<h2>Ros\u00e9<\/h2>\n<\/div>\n<\/div>\n<\/div>\n<\/div>\n<\/div>\n<div  class=\"one withsmallpadding ppb_text\" style=\"text-align:center;padding:20px 0 20px 0;\" >\n<div class=\"standard_wrapper\">\n<div class=\"page_content_wrapper wide\">\n<div class=\"inner\">\n<div style=\"margin:auto;width:100%\">\n<p>PicBois Ros\u00e9 2023, PicBois Vineyards. Geisenheim, Vidal, Sabrevois. Canada, Mont\u00e9r\u00e9gie.<\/p>\n<p>Toscana Rosato 2023, Ottamani. Sangiovese, Canaiolo. Italy, Tuscany.<\/p>\n<\/div>\n<\/div>\n<\/div>\n<\/div>\n<\/div>\n<div class=\"divider one\">&nbsp;<\/div>\n<div  class=\"one withsmallpadding ppb_text\" style=\"text-align:center;padding:0px 0 0px 0;\" >\n<div class=\"standard_wrapper\">\n<div class=\"page_content_wrapper wide\">\n<div class=\"inner\">\n<div style=\"margin:auto;width:100%\">\n<h2>Cocktail<\/h2>\n<\/div>\n<\/div>\n<\/div>\n<\/div>\n<\/div>\n<div  class=\"one withsmallpadding ppb_text\" style=\"text-align:center;padding:20px 0 20px 0;\" >\n<div class=\"standard_wrapper\">\n<div class=\"page_content_wrapper wide\">\n<div class=\"inner\">\n<div style=\"margin:auto;width:100%\">\n<p>Bloody Ceasar<br \/>\nVodka \u2013 Mott\u2019s Clamato \u2013 Horseradish<\/p>\n<p>Mimosa<br \/>\nSparkling wine \u2013 orange juice \/ grapefruit \/ tropical fruits<\/p>\n<p>Spritz<br \/>\nSparkling wine \u2013 Spritz Oshlag Les \u00eeles<\/p>\n<p>Sparkling Kir<br \/>\nSparkling wine \u2013 Blackcurrant cream Mona et Filles<\/p>\n<\/div>\n<\/div>\n<\/div>\n<\/div>\n<\/div>\n<div class=\"divider one\">&nbsp;<\/div>\n<div  class=\"one withsmallpadding ppb_text\" style=\"text-align:center;padding:0px 0 0px 0;\" >\n<div class=\"standard_wrapper\">\n<div class=\"page_content_wrapper wide\">\n<div class=\"inner\">\n<div style=\"margin:auto;width:100%\">\n<h2>Mocktail<\/h2>\n<\/div>\n<\/div>\n<\/div>\n<\/div>\n<\/div>\n<div  class=\"one withsmallpadding ppb_text\" style=\"text-align:center;padding:20px 0 20px 0;\" >\n<div class=\"standard_wrapper\">\n<div class=\"page_content_wrapper wide\">\n<div class=\"inner\">\n<div style=\"margin:auto;width:100%\">\n<p>Virgin Ceasar<br \/>\nMott\u2019s Clamato \u2013 worcestershire<\/p>\n<p>London Mule<br \/>\nStatera alcohol-free gin \u2013 sparkling water \u2013 lime juice &#8211; ginger<\/p>\n<p>Gin &#038; Tonic<br \/>\nStatera alcohol-free gin \u2013 sparkling water \u2013 tonic<\/p>\n<p>Margarita<br \/>\nStatera tonic water &#8211; spicy mango<\/p>\n<p>Mimosa<br \/>\nStatera tonic water &#8211; grapefruit juice<\/p>\n<\/div>\n<\/div>\n<\/div>\n<\/div>\n<\/div>\n<div class=\"divider one\">&nbsp;<\/div>\n<div  class=\"one withsmallpadding ppb_text\" style=\"text-align:center;padding:0px 0 0px 0;\" >\n<div class=\"standard_wrapper\">\n<div class=\"page_content_wrapper wide\">\n<div class=\"inner\">\n<div style=\"margin:auto;width:100%\">\n<h2>Sweets<\/h2>\n<\/div>\n<\/div>\n<\/div>\n<\/div>\n<\/div>\n<div  class=\"one withsmallpadding ppb_text\" style=\"text-align:center;padding:20px 0 20px 0;\" >\n<div class=\"standard_wrapper\">\n<div class=\"page_content_wrapper wide\">\n<div class=\"inner\">\n<div style=\"margin:auto;width:100%\">\n<p>Autour de la glace, Ice Cider, Autour de la pomme. Shefford, Canada.<\/p>\n<p>Red port, Cabral Reserva Especia Tawny, Porto, Portugal.<\/p>\n<\/div>\n<\/div>\n<\/div>\n<\/div>\n<\/div>\n<div class=\"divider one\">&nbsp;<\/div>\n<div  class=\"one withsmallpadding ppb_text\" style=\"text-align:center;padding:0px 0 0px 0;\" >\n<div class=\"standard_wrapper\">\n<div class=\"page_content_wrapper wide\">\n<div class=\"inner\">\n<div style=\"margin:auto;width:100%\">\n<h2>Beers<\/h2>\n<\/div>\n<\/div>\n<\/div>\n<\/div>\n<\/div>\n<div  class=\"one withsmallpadding ppb_text\" style=\"text-align:center;padding:20px 0 20px 0;\" >\n<div class=\"standard_wrapper\">\n<div class=\"page_content_wrapper wide\">\n<div class=\"inner\">\n<div style=\"margin:auto;width:100%\">\n<p><span style=\"color: #41535d;\">Farham Ale &#038; Lager Microbrewery, Farham, Canada<\/span><br \/>\nHefeweizen 12, White german wheat<br \/>\nPilsener 27, Blond Lager<br \/>\nSouth Burlington 58, New England IPA<br \/>\nRousse 35, English red ale<\/p>\n<p><strong><span style=\"color: #41535d;\">Non-alcoholic<\/span><\/strong><br \/>\n<span style=\"color: #41535d;\">Farham Ale &#038;\u00a0Lager Microbrewery, Farham, Canada<\/span><br \/>\nWhite (0.5 alc\/vol.), Farham Ale &#038; Lager Microbrewery, Farham, Canada<br \/>\nIPA (0.5 % alc\/vol.), Farham Ale &#038; Lager Microbrewery, Farham, Canada<\/p>\n<\/div>\n<\/div>\n<\/div>\n<\/div>\n<\/div>\n<div class=\"divider one\">&nbsp;<\/div>\n<div  class=\"one withsmallpadding ppb_text\" style=\"text-align:center;padding:0px 0 0px 0;\" >\n<div class=\"standard_wrapper\">\n<div class=\"page_content_wrapper wide\">\n<div class=\"inner\">\n<div style=\"margin:auto;width:100%\">\n<h2>Freshness<\/h2>\n<\/div>\n<\/div>\n<\/div>\n<\/div>\n<\/div>\n<div  class=\"one withsmallpadding ppb_text\" style=\"text-align:center;padding:20px 0 20px 0;\" >\n<div class=\"standard_wrapper\">\n<div class=\"page_content_wrapper wide\">\n<div class=\"inner\">\n<div style=\"margin:auto;width:100%\">\n<p>Sparkling Eska, 500 or 750ml<br \/>\nFruit juice (orange, apple, grapefruit or tropical fruits)<br \/>\nIced latte<br \/>\nSparkling apple must- raw non-filtered juice &#8211; Terre fruiti\u00e8re, Dunham<br \/>\nSparkling iced tea (Grapefruit &#038; Earl Grey), Loop, Montreal<\/p>\n<p><span style=\"color: #41535d;\">Kombucha RISE<\/span><br \/>\nBleuberry &#038; maple<br \/>\nHibiscus &#038; rosehip<br \/>\nMint &#038; chlorophylle<br \/>\nLitchi &#038; jasmin<br \/>\nOrange &#038; turmeric<br \/>\nGinger<br \/>\nLime &#038; lemon<br \/>\nWatermelon &#038; mint<br \/>\nKiwi &#038; pineapple<br \/>\nRaspberry &#038; vanilla<br \/>\nMango et papaya<br \/>\nPeach &#038; mango<\/p>\n<p><span style=\"color: #41535d;\">Probiotic soda LOOP<\/span><br \/>\nGinger,\u00a0 Clementine<\/p>\n<p><span style=\"color: #41535d;\">LOOP juice<\/span><br \/>\nUndercover, King of the hill, Beach Bum, Morning Glory, Big bang<\/p>\n<p><span style=\"color: #41535d;\">LOOP Smoothie<\/span><br \/>\nMango paradise, Green vibes<\/p>\n<\/div>\n<\/div>\n<\/div>\n<\/div>\n<\/div>\n<div class=\"divider one\">&nbsp;<\/div>\n<div  class=\"one withsmallpadding ppb_text\" style=\"text-align:center;padding:0px 0 0px 0;\" >\n<div class=\"standard_wrapper\">\n<div class=\"page_content_wrapper wide\">\n<div class=\"inner\">\n<div style=\"margin:auto;width:100%\">\n<h2>Some warmth<\/h2>\n<\/div>\n<\/div>\n<\/div>\n<\/div>\n<\/div>\n<div  class=\"one withsmallpadding ppb_text\" style=\"text-align:center;padding:20px 0 20px 0;\" >\n<div class=\"standard_wrapper\">\n<div class=\"page_content_wrapper wide\">\n<div class=\"inner\">\n<div style=\"margin:auto;width:100%\">\n<p>Espresso \/ Americano<br \/>\nCappuccino \/ Latte *<br \/>\nMochaccino *<br \/>\nHot chocolate<br \/>\nTea and herbal tea<\/p>\n<p><em>* Add Baileys 4<\/em><\/p>\n<\/div>\n<\/div>\n<\/div>\n<\/div>\n<\/div>\n<div class=\"standard_wrapper\">\n<div class=\"one withsmallpadding ppb_line_divider\"  style=\"text-align:center;padding:0px 0 0px 0;\" >\n<div class=\"page_content_wrapper wide\">\n<div class=\"inner\">\n<div class=\"line_divider_border\" style=\"width:100px;\"><\/div>\n<div class=\"line_divider_seperator\"><i class=\"fa fa-leaf\" style=\"\"><\/i><\/div>\n<div class=\"line_divider_border\" style=\"width:100px;\"><\/div>\n<\/div>\n<\/div>\n<\/div>\n<\/div>\n<div  class=\"one withsmallpadding ppb_text\" style=\"text-align:center;padding:40px 0 40px 0;\" >\n<div class=\"standard_wrapper\">\n<div class=\"page_content_wrapper wide\">\n<div class=\"inner\">\n<div style=\"margin:auto;width:100%\">\n<p><em>According to the law, you may bring your opened bottle of wine at home.<\/em>\n<\/div>\n<\/div>\n<\/div>\n<\/div>\n<\/div>\n","protected":false},"excerpt":{"rendered":"<p>Sparkling, wines, beers and sweets ! Our wines are primarily sourced from practices such as sustainable, organic, biodynamic, natural, or local farming. List for reference only. Sparkling Dans ma bulle, Sparkling apple cider. Cidrerie Autour de la pomme. Canada, Shefford. [&hellip;]<\/p>\n","protected":false},"author":2341,"featured_media":279250,"parent":0,"menu_order":0,"comment_status":"closed","ping_status":"closed","template":"","meta":{"_acf_changed":false,"footnotes":""},"class_list":["post-3884","page","type-page","status-publish","has-post-thumbnail","hentry"],"acf":[],"yoast_head":"<!-- This site is optimized with the Yoast SEO plugin v27.1.1 - https:\/\/yoast.com\/product\/yoast-seo-wordpress\/ -->\n<title>Alcohol and beverages list - Balnea<\/title>\n<meta name=\"robots\" content=\"index, follow, max-snippet:-1, max-image-preview:large, max-video-preview:-1\" \/>\n<link rel=\"canonical\" href=\"https:\/\/www.balnea.ca\/en\/carte-vins\/\" \/>\n<meta property=\"og:locale\" content=\"en_US\" \/>\n<meta property=\"og:type\" content=\"article\" \/>\n<meta property=\"og:title\" content=\"Alcohol and beverages list - Balnea\" \/>\n<meta property=\"og:description\" content=\"Sparkling, wines, beers and sweets ! Our wines are primarily sourced from practices such as sustainable, organic, biodynamic, natural, or local farming. List for reference only. Sparkling Dans ma bulle, Sparkling apple cider. Cidrerie Autour de la pomme. Canada, Shefford. [&hellip;]\" \/>\n<meta property=\"og:url\" content=\"https:\/\/www.balnea.ca\/en\/carte-vins\/\" \/>\n<meta property=\"og:site_name\" content=\"Balnea\" \/>\n<meta property=\"article:modified_time\" content=\"2025-04-01T17:38:34+00:00\" \/>\n<meta property=\"og:image\" content=\"https:\/\/www.balnea.ca\/wp-content\/uploads\/2021\/11\/BAL21_HEADER_1920X1044_HIVER_Vino.jpg\" \/>\n\t<meta property=\"og:image:width\" content=\"1920\" \/>\n\t<meta property=\"og:image:height\" content=\"1040\" \/>\n\t<meta property=\"og:image:type\" content=\"image\/jpeg\" \/>\n<meta name=\"twitter:card\" content=\"summary_large_image\" \/>\n<meta name=\"twitter:label1\" content=\"Est. reading time\" \/>\n\t<meta name=\"twitter:data1\" content=\"3 minutes\" \/>\n<script type=\"application\/ld+json\" class=\"yoast-schema-graph\">{\"@context\":\"https:\/\/schema.org\",\"@graph\":[{\"@type\":\"WebPage\",\"@id\":\"https:\/\/www.balnea.ca\/en\/carte-vins\/\",\"url\":\"https:\/\/www.balnea.ca\/en\/carte-vins\/\",\"name\":\"Alcohol and beverages list - Balnea\",\"isPartOf\":{\"@id\":\"https:\/\/www.balnea.ca\/en\/#website\"},\"primaryImageOfPage\":{\"@id\":\"https:\/\/www.balnea.ca\/en\/carte-vins\/#primaryimage\"},\"image\":{\"@id\":\"https:\/\/www.balnea.ca\/en\/carte-vins\/#primaryimage\"},\"thumbnailUrl\":\"https:\/\/www.balnea.ca\/wp-content\/uploads\/2021\/11\/BAL21_HEADER_1920X1044_HIVER_Vino.jpg\",\"datePublished\":\"2018-10-04T15:27:29+00:00\",\"dateModified\":\"2025-04-01T17:38:34+00:00\",\"breadcrumb\":{\"@id\":\"https:\/\/www.balnea.ca\/en\/carte-vins\/#breadcrumb\"},\"inLanguage\":\"en-US\",\"potentialAction\":[{\"@type\":\"ReadAction\",\"target\":[\"https:\/\/www.balnea.ca\/en\/carte-vins\/\"]}]},{\"@type\":\"ImageObject\",\"inLanguage\":\"en-US\",\"@id\":\"https:\/\/www.balnea.ca\/en\/carte-vins\/#primaryimage\",\"url\":\"https:\/\/www.balnea.ca\/wp-content\/uploads\/2021\/11\/BAL21_HEADER_1920X1044_HIVER_Vino.jpg\",\"contentUrl\":\"https:\/\/www.balnea.ca\/wp-content\/uploads\/2021\/11\/BAL21_HEADER_1920X1044_HIVER_Vino.jpg\",\"width\":1920,\"height\":1040},{\"@type\":\"BreadcrumbList\",\"@id\":\"https:\/\/www.balnea.ca\/en\/carte-vins\/#breadcrumb\",\"itemListElement\":[{\"@type\":\"ListItem\",\"position\":1,\"name\":\"Home\",\"item\":\"https:\/\/www.balnea.ca\/en\/\"},{\"@type\":\"ListItem\",\"position\":2,\"name\":\"Alcohol and beverages list\"}]},{\"@type\":\"WebSite\",\"@id\":\"https:\/\/www.balnea.ca\/en\/#website\",\"url\":\"https:\/\/www.balnea.ca\/en\/\",\"name\":\"Balnea\",\"description\":\"Spa + r\u00e9serve thermale\",\"potentialAction\":[{\"@type\":\"SearchAction\",\"target\":{\"@type\":\"EntryPoint\",\"urlTemplate\":\"https:\/\/www.balnea.ca\/en\/?s={search_term_string}\"},\"query-input\":{\"@type\":\"PropertyValueSpecification\",\"valueRequired\":true,\"valueName\":\"search_term_string\"}}],\"inLanguage\":\"en-US\"}]}<\/script>\n<!-- \/ Yoast SEO plugin. -->","yoast_head_json":{"title":"Alcohol and beverages list - Balnea","robots":{"index":"index","follow":"follow","max-snippet":"max-snippet:-1","max-image-preview":"max-image-preview:large","max-video-preview":"max-video-preview:-1"},"canonical":"https:\/\/www.balnea.ca\/en\/carte-vins\/","og_locale":"en_US","og_type":"article","og_title":"Alcohol and beverages list - Balnea","og_description":"Sparkling, wines, beers and sweets ! Our wines are primarily sourced from practices such as sustainable, organic, biodynamic, natural, or local farming. List for reference only. Sparkling Dans ma bulle, Sparkling apple cider. Cidrerie Autour de la pomme. Canada, Shefford. [&hellip;]","og_url":"https:\/\/www.balnea.ca\/en\/carte-vins\/","og_site_name":"Balnea","article_modified_time":"2025-04-01T17:38:34+00:00","og_image":[{"width":1920,"height":1040,"url":"https:\/\/www.balnea.ca\/wp-content\/uploads\/2021\/11\/BAL21_HEADER_1920X1044_HIVER_Vino.jpg","type":"image\/jpeg"}],"twitter_card":"summary_large_image","twitter_misc":{"Est. reading time":"3 minutes"},"schema":{"@context":"https:\/\/schema.org","@graph":[{"@type":"WebPage","@id":"https:\/\/www.balnea.ca\/en\/carte-vins\/","url":"https:\/\/www.balnea.ca\/en\/carte-vins\/","name":"Alcohol and beverages list - Balnea","isPartOf":{"@id":"https:\/\/www.balnea.ca\/en\/#website"},"primaryImageOfPage":{"@id":"https:\/\/www.balnea.ca\/en\/carte-vins\/#primaryimage"},"image":{"@id":"https:\/\/www.balnea.ca\/en\/carte-vins\/#primaryimage"},"thumbnailUrl":"https:\/\/www.balnea.ca\/wp-content\/uploads\/2021\/11\/BAL21_HEADER_1920X1044_HIVER_Vino.jpg","datePublished":"2018-10-04T15:27:29+00:00","dateModified":"2025-04-01T17:38:34+00:00","breadcrumb":{"@id":"https:\/\/www.balnea.ca\/en\/carte-vins\/#breadcrumb"},"inLanguage":"en-US","potentialAction":[{"@type":"ReadAction","target":["https:\/\/www.balnea.ca\/en\/carte-vins\/"]}]},{"@type":"ImageObject","inLanguage":"en-US","@id":"https:\/\/www.balnea.ca\/en\/carte-vins\/#primaryimage","url":"https:\/\/www.balnea.ca\/wp-content\/uploads\/2021\/11\/BAL21_HEADER_1920X1044_HIVER_Vino.jpg","contentUrl":"https:\/\/www.balnea.ca\/wp-content\/uploads\/2021\/11\/BAL21_HEADER_1920X1044_HIVER_Vino.jpg","width":1920,"height":1040},{"@type":"BreadcrumbList","@id":"https:\/\/www.balnea.ca\/en\/carte-vins\/#breadcrumb","itemListElement":[{"@type":"ListItem","position":1,"name":"Home","item":"https:\/\/www.balnea.ca\/en\/"},{"@type":"ListItem","position":2,"name":"Alcohol and beverages list"}]},{"@type":"WebSite","@id":"https:\/\/www.balnea.ca\/en\/#website","url":"https:\/\/www.balnea.ca\/en\/","name":"Balnea","description":"Spa + r\u00e9serve thermale","potentialAction":[{"@type":"SearchAction","target":{"@type":"EntryPoint","urlTemplate":"https:\/\/www.balnea.ca\/en\/?s={search_term_string}"},"query-input":{"@type":"PropertyValueSpecification","valueRequired":true,"valueName":"search_term_string"}}],"inLanguage":"en-US"}]}},"_links":{"self":[{"href":"https:\/\/www.balnea.ca\/en\/wp-json\/wp\/v2\/pages\/3884","targetHints":{"allow":["GET"]}}],"collection":[{"href":"https:\/\/www.balnea.ca\/en\/wp-json\/wp\/v2\/pages"}],"about":[{"href":"https:\/\/www.balnea.ca\/en\/wp-json\/wp\/v2\/types\/page"}],"author":[{"embeddable":true,"href":"https:\/\/www.balnea.ca\/en\/wp-json\/wp\/v2\/users\/2341"}],"replies":[{"embeddable":true,"href":"https:\/\/www.balnea.ca\/en\/wp-json\/wp\/v2\/comments?post=3884"}],"version-history":[{"count":6,"href":"https:\/\/www.balnea.ca\/en\/wp-json\/wp\/v2\/pages\/3884\/revisions"}],"predecessor-version":[{"id":530655,"href":"https:\/\/www.balnea.ca\/en\/wp-json\/wp\/v2\/pages\/3884\/revisions\/530655"}],"wp:featuredmedia":[{"embeddable":true,"href":"https:\/\/www.balnea.ca\/en\/wp-json\/wp\/v2\/media\/279250"}],"wp:attachment":[{"href":"https:\/\/www.balnea.ca\/en\/wp-json\/wp\/v2\/media?parent=3884"}],"curies":[{"name":"wp","href":"https:\/\/api.w.org\/{rel}","templated":true}]}}