{"id":4156,"date":"2018-10-11T14:28:35","date_gmt":"2018-10-11T14:28:35","guid":{"rendered":"http:\/\/dev.balnea.ca\/press\/communiques-de-presse\/"},"modified":"2024-08-05T08:28:59","modified_gmt":"2024-08-05T12:28:59","slug":"press-releases","status":"publish","type":"page","link":"https:\/\/www.balnea.ca\/en\/press-releases\/","title":{"rendered":"Press releases"},"content":{"rendered":"<div  class=\"one withsmallpadding ppb_text\" style=\"text-align:left;padding:40px 0 40px 0;\" >\n<div class=\"standard_wrapper\">\n<div class=\"page_content_wrapper wide\">\n<div class=\"inner\">\n<div style=\"margin:auto;width:100%\">\n<h2>2024<\/h2>\n<ul>\n<li><a href=\"https:\/\/www.balnea.ca\/en\/press-release-maxime\/\">BALNEA spa + r\u00e9serve thermale welcomes Maxime Delmont as Executive Chef of LUMAMI restaurant<\/a><\/li>\n<\/ul>\n<\/div>\n<\/div>\n<\/div>\n<\/div>\n<\/div>\n<div  class=\"one withsmallpadding ppb_text\" style=\"text-align:left;padding:40px 0 40px 0;\" >\n<div class=\"standard_wrapper\">\n<div class=\"page_content_wrapper wide\">\n<div class=\"inner\">\n<div style=\"margin:auto;width:100%\">\n<h2>2022<\/h2>\n<ul>\n<li><a href=\"https:\/\/www.balnea.ca\/wp-content\/uploads\/2022\/06\/20220623-communique.pdf\">Communiqu\u00e9 annonce projet d&rsquo;agrandissement \u00e9coresponsable<\/a><\/li>\n<\/ul>\n<\/div>\n<\/div>\n<\/div>\n<\/div>\n<\/div>\n<div  class=\"one withsmallpadding ppb_text\" style=\"text-align:left;padding:20px 0 20px 0;margin-top:40px;\" >\n<div class=\"standard_wrapper\">\n<div class=\"page_content_wrapper wide\">\n<div class=\"inner\">\n<div style=\"margin:auto;width:100%\">\n<h2>2015<\/h2>\n<ul>\n<li><a href=\"https:\/\/www.balnea.ca\/wp-content\/uploads\/2018\/10\/BALNEA_Communiqu-10-me_format-en-ligne.pdf\">Communiqu\u00e9 10\u00e8me anniversaire BALNEA<\/a><\/li>\n<li><a href=\"https:\/\/www.balnea.ca\/wp-content\/uploads\/2018\/10\/Communiqu-g-n-ral-BALNEA1.pdf\">Communiqu\u00e9 lancement \u00c9t\u00e9 des chefs 2015<\/a><\/li>\n<li><a href=\"https:\/\/www.balnea.ca\/wp-content\/uploads\/2018\/10\/Communiqu-g-n-ral-BALNEA1.pdf\">Communiqu\u00e9 g\u00e9n\u00e9ral BALNEA<\/a><\/li>\n<\/ul>\n<\/div>\n<\/div>\n<\/div>\n<\/div>\n<\/div>\n<div  class=\"one withsmallpadding ppb_text\" style=\"text-align:left;padding:20px 0 20px 0;\" >\n<div class=\"standard_wrapper\">\n<div class=\"page_content_wrapper wide\">\n<div class=\"inner\">\n<div style=\"margin:auto;width:100%\">\n<h2>2014<\/h2>\n<ul>\n<li><a href=\"https:\/\/www.balnea.ca\/wp-content\/uploads\/2018\/10\/Communiqu-lancement-t-des-chefs-20141.pdf\">Communiqu\u00e9 recherche 10e chef \u00c9t\u00e9 des chefs 2014<\/a><\/li>\n<li><a href=\"https:\/\/www.balnea.ca\/wp-content\/uploads\/2018\/10\/Communiqu-lancement-t-des-chefs-20141.pdf\">Communiqu\u00e9 lancement \u00c9t\u00e9 des chefs 2014<\/a><\/li>\n<li><a href=\"https:\/\/www.balnea.ca\/wp-content\/uploads\/2018\/10\/Communiqu-ouverture-restaurant-BALNEA1.pdf\">Communiqu\u00e9 ouverture restaurant BALNEA<\/a><\/li>\n<li><a href=\"https:\/\/www.balnea.ca\/wp-content\/uploads\/2018\/10\/Communiqu-_Enfilez-le-peignoir_BALNEA1.pdf\">Communiqu\u00e9 enfilez le peignoir BALNEA<\/a><\/li>\n<\/ul>\n<\/div>\n<\/div>\n<\/div>\n<\/div>\n<\/div>\n<div  class=\"one withsmallpadding ppb_text\" style=\"text-align:left;padding:20px 0 20px 0;\" >\n<div class=\"standard_wrapper\">\n<div class=\"page_content_wrapper wide\">\n<div class=\"inner\">\n<div style=\"margin:auto;width:100%\">\n<h2>2013<\/h2>\n<ul>\n<li><a href=\"https:\/\/www.balnea.ca\/wp-content\/uploads\/2018\/10\/Communiqu-lancement-t-des-chefs-20131.pdf\">Communiqu\u00e9 recherche 10e chef_\u00c9t\u00e9 des chefs 2013<\/a><\/li>\n<li><a href=\"https:\/\/www.balnea.ca\/wp-content\/uploads\/2018\/10\/Communiqu-lancement-t-des-chefs-20131.pdf\">Communiqu\u00e9 lancement \u00c9t\u00e9 des chefs 2013<\/a><\/li>\n<li><a href=\"https:\/\/www.balnea.ca\/wp-content\/uploads\/2018\/10\/Communiqu-lancement-passeport-3B1.pdf\">Communiqu\u00e9 ouverture salon marocain_Concours design BALNEA SIDIM<\/a><\/li>\n<li><a href=\"https:\/\/www.balnea.ca\/wp-content\/uploads\/2018\/10\/Communiqu-lancement-passeport-3B1.pdf\">Communiqu\u00e9 lancement passeport 3B<\/a><\/li>\n<li><a href=\"https:\/\/www.balnea.ca\/wp-content\/uploads\/2018\/10\/Communiqu-_5ans-BATHROOM1.pdf\">Communiqu\u00e9 5ans BATHROOM<\/a><\/li>\n<\/ul>\n<\/div>\n<\/div>\n<\/div>\n<\/div>\n<\/div>\n<div  class=\"one withsmallpadding ppb_text\" style=\"text-align:left;padding:20px 0 20px 0;\" >\n<div class=\"standard_wrapper\">\n<div class=\"page_content_wrapper wide\">\n<div class=\"inner\">\n<div style=\"margin:auto;width:100%\">\n<h2>2012<\/h2>\n<ul>\n<li><a href=\"https:\/\/www.balnea.ca\/wp-content\/uploads\/2018\/10\/Communique-annonce-gagnants-concours-BALNEA-SIDIM1.pdf\">Communiqu\u00e9 post-\u00e9v\u00e9nement \u00c9t\u00e9 des chefs 2012<\/a><\/li>\n<li><a href=\"https:\/\/www.balnea.ca\/wp-content\/uploads\/2018\/10\/Communique-annonce-gagnants-concours-BALNEA-SIDIM1.pdf\">Communique annonce gagnants Concours design BALNEA SIDIM<\/a><\/li>\n<li><a href=\"https:\/\/www.balnea.ca\/wp-content\/uploads\/2018\/10\/Communiqu-lancement_concours-design-BALNEA-SIDIM1.pdf\">Communiqu\u00e9 lancement_Concours design BALNEA SIDIM<\/a><\/li>\n<li><a href=\"https:\/\/www.balnea.ca\/wp-content\/uploads\/2018\/10\/Communiqu-lancement-cure-d-tox-BALNEA.pdf\">Communiqu\u00e9 lancement cure d\u00e9tox BALNEA<\/a><\/li>\n<\/ul>\n<\/div>\n<\/div>\n<\/div>\n<\/div>\n<\/div>\n<div  class=\"one withsmallpadding ppb_text\" style=\"text-align:left;padding:20px 0 20px 0;\" >\n<div class=\"standard_wrapper\">\n<div class=\"page_content_wrapper wide\">\n<div class=\"inner\">\n<div style=\"margin:auto;width:100%\">\n<h2>2011<\/h2>\n<ul>\n<li><a href=\"https:\/\/www.balnea.ca\/wp-content\/uploads\/2018\/10\/Communiqu-lancement-t-des-chefs-20111.pdf\">Communiqu\u00e9 lancement \u00c9t\u00e9 des chefs 2011<\/a><\/li>\n<li><a href=\"https:\/\/www.balnea.ca\/wp-content\/uploads\/2018\/10\/Communiqu-ouverture-AIRSPA1.pdf\">Communiqu\u00e9 ouverture AIRSPA<\/a><\/li>\n<\/ul>\n<\/div>\n<\/div>\n<\/div>\n<\/div>\n<\/div>\n<div  class=\"one withsmallpadding ppb_text\" style=\"text-align:left;padding:20px 0 20px 0;\" >\n<div class=\"standard_wrapper\">\n<div class=\"page_content_wrapper wide\">\n<div class=\"inner\">\n<div style=\"margin:auto;width:100%\">\n<h2>2010<\/h2>\n<ul>\n<li><a href=\"https:\/\/www.balnea.ca\/wp-content\/uploads\/2018\/10\/Communiqu-lancement-t-des-chefs-20101.pdf\">Communiqu\u00e9 lancement \u00c9t\u00e9 des chefs 2010<\/a><\/li>\n<\/ul>\n<\/div>\n<\/div>\n<\/div>\n<\/div>\n<\/div>\n","protected":false},"excerpt":{"rendered":"<p>2024 BALNEA spa + r\u00e9serve thermale welcomes Maxime Delmont as Executive Chef of LUMAMI restaurant 2022 Communiqu\u00e9 annonce projet d&rsquo;agrandissement \u00e9coresponsable 2015 Communiqu\u00e9 10\u00e8me anniversaire BALNEA Communiqu\u00e9 lancement \u00c9t\u00e9 des chefs 2015 Communiqu\u00e9 g\u00e9n\u00e9ral BALNEA 2014 Communiqu\u00e9 recherche 10e chef [&hellip;]<\/p>\n","protected":false},"author":2341,"featured_media":1342,"parent":0,"menu_order":0,"comment_status":"closed","ping_status":"closed","template":"","meta":{"_acf_changed":false,"footnotes":""},"class_list":["post-4156","page","type-page","status-publish","has-post-thumbnail","hentry"],"acf":[],"yoast_head":"<!-- This site is optimized with the Yoast SEO plugin v27.3 - https:\/\/yoast.com\/product\/yoast-seo-wordpress\/ -->\n<title>Press releases - Balnea<\/title>\n<meta name=\"robots\" content=\"index, follow, max-snippet:-1, max-image-preview:large, max-video-preview:-1\" \/>\n<link rel=\"canonical\" href=\"https:\/\/www.balnea.ca\/en\/press-releases\/\" \/>\n<meta property=\"og:locale\" content=\"en_US\" \/>\n<meta property=\"og:type\" content=\"article\" \/>\n<meta property=\"og:title\" content=\"Press releases - Balnea\" \/>\n<meta property=\"og:description\" content=\"2024 BALNEA spa + r\u00e9serve thermale welcomes Maxime Delmont as Executive Chef of LUMAMI restaurant 2022 Communiqu\u00e9 annonce projet d&rsquo;agrandissement \u00e9coresponsable 2015 Communiqu\u00e9 10\u00e8me anniversaire BALNEA Communiqu\u00e9 lancement \u00c9t\u00e9 des chefs 2015 Communiqu\u00e9 g\u00e9n\u00e9ral BALNEA 2014 Communiqu\u00e9 recherche 10e chef [&hellip;]\" \/>\n<meta property=\"og:url\" content=\"https:\/\/www.balnea.ca\/en\/press-releases\/\" \/>\n<meta property=\"og:site_name\" content=\"Balnea\" \/>\n<meta property=\"article:modified_time\" content=\"2024-08-05T12:28:59+00:00\" \/>\n<meta property=\"og:image\" content=\"https:\/\/www.balnea.ca\/wp-content\/uploads\/2018\/09\/medias.jpg\" \/>\n\t<meta property=\"og:image:width\" content=\"1920\" \/>\n\t<meta property=\"og:image:height\" content=\"1280\" \/>\n\t<meta property=\"og:image:type\" content=\"image\/jpeg\" \/>\n<meta name=\"twitter:card\" content=\"summary_large_image\" \/>\n<meta name=\"twitter:label1\" content=\"Est. reading time\" \/>\n\t<meta name=\"twitter:data1\" content=\"1 minute\" \/>\n<script type=\"application\/ld+json\" class=\"yoast-schema-graph\">{\"@context\":\"https:\\\/\\\/schema.org\",\"@graph\":[{\"@type\":\"WebPage\",\"@id\":\"https:\\\/\\\/www.balnea.ca\\\/en\\\/press-releases\\\/\",\"url\":\"https:\\\/\\\/www.balnea.ca\\\/en\\\/press-releases\\\/\",\"name\":\"Press releases - Balnea\",\"isPartOf\":{\"@id\":\"https:\\\/\\\/www.balnea.ca\\\/en\\\/#website\"},\"primaryImageOfPage\":{\"@id\":\"https:\\\/\\\/www.balnea.ca\\\/en\\\/press-releases\\\/#primaryimage\"},\"image\":{\"@id\":\"https:\\\/\\\/www.balnea.ca\\\/en\\\/press-releases\\\/#primaryimage\"},\"thumbnailUrl\":\"https:\\\/\\\/www.balnea.ca\\\/wp-content\\\/uploads\\\/2018\\\/09\\\/medias.jpg\",\"datePublished\":\"2018-10-11T14:28:35+00:00\",\"dateModified\":\"2024-08-05T12:28:59+00:00\",\"breadcrumb\":{\"@id\":\"https:\\\/\\\/www.balnea.ca\\\/en\\\/press-releases\\\/#breadcrumb\"},\"inLanguage\":\"en-US\",\"potentialAction\":[{\"@type\":\"ReadAction\",\"target\":[\"https:\\\/\\\/www.balnea.ca\\\/en\\\/press-releases\\\/\"]}]},{\"@type\":\"ImageObject\",\"inLanguage\":\"en-US\",\"@id\":\"https:\\\/\\\/www.balnea.ca\\\/en\\\/press-releases\\\/#primaryimage\",\"url\":\"https:\\\/\\\/www.balnea.ca\\\/wp-content\\\/uploads\\\/2018\\\/09\\\/medias.jpg\",\"contentUrl\":\"https:\\\/\\\/www.balnea.ca\\\/wp-content\\\/uploads\\\/2018\\\/09\\\/medias.jpg\",\"width\":1920,\"height\":1280},{\"@type\":\"BreadcrumbList\",\"@id\":\"https:\\\/\\\/www.balnea.ca\\\/en\\\/press-releases\\\/#breadcrumb\",\"itemListElement\":[{\"@type\":\"ListItem\",\"position\":1,\"name\":\"Home\",\"item\":\"https:\\\/\\\/www.balnea.ca\\\/en\\\/\"},{\"@type\":\"ListItem\",\"position\":2,\"name\":\"Press releases\"}]},{\"@type\":\"WebSite\",\"@id\":\"https:\\\/\\\/www.balnea.ca\\\/en\\\/#website\",\"url\":\"https:\\\/\\\/www.balnea.ca\\\/en\\\/\",\"name\":\"Balnea\",\"description\":\"Spa + r\u00e9serve thermale\",\"potentialAction\":[{\"@type\":\"SearchAction\",\"target\":{\"@type\":\"EntryPoint\",\"urlTemplate\":\"https:\\\/\\\/www.balnea.ca\\\/en\\\/?s={search_term_string}\"},\"query-input\":{\"@type\":\"PropertyValueSpecification\",\"valueRequired\":true,\"valueName\":\"search_term_string\"}}],\"inLanguage\":\"en-US\"}]}<\/script>\n<!-- \/ Yoast SEO plugin. -->","yoast_head_json":{"title":"Press releases - Balnea","robots":{"index":"index","follow":"follow","max-snippet":"max-snippet:-1","max-image-preview":"max-image-preview:large","max-video-preview":"max-video-preview:-1"},"canonical":"https:\/\/www.balnea.ca\/en\/press-releases\/","og_locale":"en_US","og_type":"article","og_title":"Press releases - Balnea","og_description":"2024 BALNEA spa + r\u00e9serve thermale welcomes Maxime Delmont as Executive Chef of LUMAMI restaurant 2022 Communiqu\u00e9 annonce projet d&rsquo;agrandissement \u00e9coresponsable 2015 Communiqu\u00e9 10\u00e8me anniversaire BALNEA Communiqu\u00e9 lancement \u00c9t\u00e9 des chefs 2015 Communiqu\u00e9 g\u00e9n\u00e9ral BALNEA 2014 Communiqu\u00e9 recherche 10e chef [&hellip;]","og_url":"https:\/\/www.balnea.ca\/en\/press-releases\/","og_site_name":"Balnea","article_modified_time":"2024-08-05T12:28:59+00:00","og_image":[{"width":1920,"height":1280,"url":"https:\/\/www.balnea.ca\/wp-content\/uploads\/2018\/09\/medias.jpg","type":"image\/jpeg"}],"twitter_card":"summary_large_image","twitter_misc":{"Est. reading time":"1 minute"},"schema":{"@context":"https:\/\/schema.org","@graph":[{"@type":"WebPage","@id":"https:\/\/www.balnea.ca\/en\/press-releases\/","url":"https:\/\/www.balnea.ca\/en\/press-releases\/","name":"Press releases - Balnea","isPartOf":{"@id":"https:\/\/www.balnea.ca\/en\/#website"},"primaryImageOfPage":{"@id":"https:\/\/www.balnea.ca\/en\/press-releases\/#primaryimage"},"image":{"@id":"https:\/\/www.balnea.ca\/en\/press-releases\/#primaryimage"},"thumbnailUrl":"https:\/\/www.balnea.ca\/wp-content\/uploads\/2018\/09\/medias.jpg","datePublished":"2018-10-11T14:28:35+00:00","dateModified":"2024-08-05T12:28:59+00:00","breadcrumb":{"@id":"https:\/\/www.balnea.ca\/en\/press-releases\/#breadcrumb"},"inLanguage":"en-US","potentialAction":[{"@type":"ReadAction","target":["https:\/\/www.balnea.ca\/en\/press-releases\/"]}]},{"@type":"ImageObject","inLanguage":"en-US","@id":"https:\/\/www.balnea.ca\/en\/press-releases\/#primaryimage","url":"https:\/\/www.balnea.ca\/wp-content\/uploads\/2018\/09\/medias.jpg","contentUrl":"https:\/\/www.balnea.ca\/wp-content\/uploads\/2018\/09\/medias.jpg","width":1920,"height":1280},{"@type":"BreadcrumbList","@id":"https:\/\/www.balnea.ca\/en\/press-releases\/#breadcrumb","itemListElement":[{"@type":"ListItem","position":1,"name":"Home","item":"https:\/\/www.balnea.ca\/en\/"},{"@type":"ListItem","position":2,"name":"Press releases"}]},{"@type":"WebSite","@id":"https:\/\/www.balnea.ca\/en\/#website","url":"https:\/\/www.balnea.ca\/en\/","name":"Balnea","description":"Spa + r\u00e9serve thermale","potentialAction":[{"@type":"SearchAction","target":{"@type":"EntryPoint","urlTemplate":"https:\/\/www.balnea.ca\/en\/?s={search_term_string}"},"query-input":{"@type":"PropertyValueSpecification","valueRequired":true,"valueName":"search_term_string"}}],"inLanguage":"en-US"}]}},"_links":{"self":[{"href":"https:\/\/www.balnea.ca\/en\/wp-json\/wp\/v2\/pages\/4156","targetHints":{"allow":["GET"]}}],"collection":[{"href":"https:\/\/www.balnea.ca\/en\/wp-json\/wp\/v2\/pages"}],"about":[{"href":"https:\/\/www.balnea.ca\/en\/wp-json\/wp\/v2\/types\/page"}],"author":[{"embeddable":true,"href":"https:\/\/www.balnea.ca\/en\/wp-json\/wp\/v2\/users\/2341"}],"replies":[{"embeddable":true,"href":"https:\/\/www.balnea.ca\/en\/wp-json\/wp\/v2\/comments?post=4156"}],"version-history":[{"count":6,"href":"https:\/\/www.balnea.ca\/en\/wp-json\/wp\/v2\/pages\/4156\/revisions"}],"predecessor-version":[{"id":485719,"href":"https:\/\/www.balnea.ca\/en\/wp-json\/wp\/v2\/pages\/4156\/revisions\/485719"}],"wp:featuredmedia":[{"embeddable":true,"href":"https:\/\/www.balnea.ca\/en\/wp-json\/wp\/v2\/media\/1342"}],"wp:attachment":[{"href":"https:\/\/www.balnea.ca\/en\/wp-json\/wp\/v2\/media?parent=4156"}],"curies":[{"name":"wp","href":"https:\/\/api.w.org\/{rel}","templated":true}]}}