{"id":4181,"date":"2018-09-19T14:08:25","date_gmt":"2018-09-19T14:08:25","guid":{"rendered":"http:\/\/dev.balnea.ca\/about\/prix-et-reconnaissances\/"},"modified":"2023-11-29T09:40:39","modified_gmt":"2023-11-29T14:40:39","slug":"prix-et-reconnaissances","status":"publish","type":"page","link":"https:\/\/www.balnea.ca\/en\/prix-et-reconnaissances\/","title":{"rendered":"Awards and Recognition"},"content":{"rendered":"<div  class=\"one withsmallpadding ppb_text\" style=\"font-size: 18px;text-align:center;padding:0px 0 0px 0;color:#7c7c7c !important;margin-top:70px;margin-bottom:70px;\" >\n<div class=\"standard_wrapper\">\n<div class=\"page_content_wrapper wide\">\n<div class=\"inner\">\n<div style=\"margin:auto;width:60%\">\n<p>Chic and unique, BALNEA is the recipient of numerous design and architecture awards, as well as several awards from Canada\u2019s spa industry.<\/p>\n<\/div>\n<\/div>\n<\/div>\n<\/div>\n<\/div>\n<div  class=\"one withsmallpadding ppb_text\" style=\"text-align:left;padding:0px 0 0px 0;margin-bottom:35px;\" >\n<div class=\"standard_wrapper\">\n<div class=\"page_content_wrapper wide\">\n<div class=\"inner\">\n<div style=\"margin:auto;width:75%\">\n<div class=\"one_third \" style=\"\">\n<h2>2023<\/h2>\n<\/div>\n<div class=\"two_third last \" style=\"\">\n<h3>\u00ab Top 25 \u00bb spas au Canada \/ Top 25 Spas in Canada<\/h3>\n<p>Prix canadien du spa &#038; du bien-\u00eatre 2023, pr\u00e9sent\u00e9 par <em>Spa Inc. Magazine<\/em> \/ Canadian Spa &#038; Wellness Awards 2023, presented by <em>Spa Inc. Magazine<\/em><\/p>\n<p><img decoding=\"async\" loading=\"lazy\" class=\"alignnone wp-image-452004\" src=\"https:\/\/www.balnea.ca\/wp-content\/uploads\/2023\/11\/SPA_23_Awards_WinnerEmblems-Top25SpasinCanada.png\" alt=\"\" width=\"168\" height=\"168\" \/><\/p>\n<\/div>\n<p><br class=\"clear\"\/><\/p>\n<\/div>\n<\/div>\n<\/div>\n<\/div>\n<\/div>\n<div  class=\"one withsmallpadding ppb_text\" style=\"text-align:left;padding:0px 0 0px 0;margin-bottom:35px;\" >\n<div class=\"standard_wrapper\">\n<div class=\"page_content_wrapper wide\">\n<div class=\"inner\">\n<div style=\"margin:auto;width:75%\">\n<div class=\"one_third \" style=\"\">\n<h2>2022<\/h2>\n<\/div>\n<div class=\"two_third last \" style=\"\">\n<h3>\u00ab Top 25 \u00bb spas au Canada \/ Top 25 Spas in Canada<\/h3>\n<p>Prix canadien du spa &#038; du bien-\u00eatre 2022, pr\u00e9sent\u00e9 par <em>Spa Inc. Magazine<\/em> \/ Canadian Spa &#038; Wellness Awards 2022, presented by <em>Spa Inc. Magazine<\/em><\/p>\n<h3>Meilleure spa \u00e0 destination \/ Top Destination Spa<\/h3>\n<p>Prix canadien du spa &#038; du bien-\u00eatre 2022, pr\u00e9sent\u00e9 par <em>Spa Inc. Magazine<\/em> \/ Canadian Spa &#038; Wellness Awards 2022, presented by <em>Spa Inc. Magazine<\/em><\/p>\n<p><img decoding=\"async\" loading=\"lazy\" class=\"alignnone wp-image-378886 \" src=\"https:\/\/www.balnea.ca\/wp-content\/uploads\/2022\/12\/SPA_22_Awards_WinnerEmblems12-002-300x300.png\" alt=\"\" width=\"161\" height=\"161\" \/><img decoding=\"async\" loading=\"lazy\" class=\"alignnone wp-image-378888 \" src=\"https:\/\/www.balnea.ca\/wp-content\/uploads\/2022\/12\/SPA_22_Awards_WinnerEmblems5-002-300x300.png\" alt=\"\" width=\"163\" height=\"163\" \/><\/p>\n<\/div>\n<p><br class=\"clear\"\/><\/p>\n<\/div>\n<\/div>\n<\/div>\n<\/div>\n<\/div>\n<div  class=\"one withsmallpadding ppb_text\" style=\"text-align:left;padding:0px 0 0px 0;margin-bottom:35px;\" >\n<div class=\"standard_wrapper\">\n<div class=\"page_content_wrapper wide\">\n<div class=\"inner\">\n<div style=\"margin:auto;width:75%\">\n<div class=\"one_third \" style=\"\">\n<h2>2021<\/h2>\n<\/div>\n<div class=\"two_third last \" style=\"\">\n<h3>\u00ab Top 25 \u00bb spas au Canada \/ Top 25 Spas in Canada<\/h3>\n<p>Prix canadien du spa &#038; du bien-\u00eatre 2022, pr\u00e9sent\u00e9 par <em>Spa Inc. <\/em><em>Magazine<\/em> \/ Canadian Spa &#038; Wellness Awards 2022, presented by <em>Spa Inc. <\/em><em>Magazine<\/em><\/p>\n<p><img decoding=\"async\" loading=\"lazy\" class=\"alignnone size-full wp-image-342932\" src=\"https:\/\/www.balnea.ca\/wp-content\/uploads\/2022\/08\/download-e1660143016423.png\" alt=\"\" width=\"150\" height=\"150\" \/><\/p>\n<\/div>\n<p><br class=\"clear\"\/><\/p>\n<\/div>\n<\/div>\n<\/div>\n<\/div>\n<\/div>\n<div  class=\"one withsmallpadding ppb_text\" style=\"text-align:left;padding:0px 0 0px 0;color:#7c7c7c !important;margin-bottom:35px;\" >\n<div class=\"standard_wrapper\">\n<div class=\"page_content_wrapper wide\">\n<div class=\"inner\">\n<div style=\"margin:auto;width:75%\">\n<div class=\"one_third \" style=\"\">\n<h2>2018<\/h2>\n<\/div>\n<div class=\"two_third last \" style=\"\">\n<h3>Certificat d\u2019excellence TripAdvisor \/ TripAdvisor Certificate of Excellence<\/h3>\n<p>Avec une moyenne de 4.5 \u00e9toiles sur 5 \/ With an average of 4.5 stars out of 5<\/p>\n<h3>Laur\u00e9at du meilleur spa Sanitas \/ Winner of the best Sanitas spa<\/h3>\n<p>Prix canadien du spa &#038; du bien-\u00eatre \/ Canadian Spa &#038; Wellness Award<\/p>\n<h3>\u00ab Top 25 \u00bb spas au Canada \/ Top 25 Spas in Canada<\/h3>\n<p>Prix canadien du spa &#038; du bien-\u00eatre \/ Canadian Spa &#038; Wellness Award<\/p>\n<h3><em>Spa bien-\u00eatre de l\u2019ann\u00e9e <\/em>au Qu\u00e9bec\/Wellness spa of the year au Qu\u00e9bec<\/h3>\n<p>Lux life magazine<\/p>\n<p><img decoding=\"async\" loading=\"lazy\" class=\"alignnone wp-image-113868 size-thumbnail\" src=\"https:\/\/www.balnea.ca\/wp-content\/uploads\/2019\/04\/Top-Sanitas-Spa-150x150.jpg\" alt=\"\" width=\"150\" height=\"150\" \/><img decoding=\"async\" loading=\"lazy\" class=\"alignnone wp-image-113866 size-thumbnail\" src=\"https:\/\/www.balnea.ca\/wp-content\/uploads\/2019\/04\/Top-25-Spas-150x150.jpg\" alt=\"\" width=\"150\" height=\"150\" \/><img decoding=\"async\" loading=\"lazy\" class=\"alignnone wp-image-113864 size-thumbnail\" src=\"https:\/\/www.balnea.ca\/wp-content\/uploads\/2019\/04\/Dec18541-LUX-Global-Excelence-Award-Winners-Logo-150x150.jpg\" alt=\"\" width=\"150\" height=\"150\" \/><\/p>\n<\/div>\n<p><br class=\"clear\"\/><\/p>\n<\/div>\n<\/div>\n<\/div>\n<\/div>\n<\/div>\n<div  class=\"one withsmallpadding ppb_text\" style=\"text-align:left;padding:0px 0 0px 0;color:#7c7c7c !important;margin-bottom:35px;\" >\n<div class=\"standard_wrapper\">\n<div class=\"page_content_wrapper wide\">\n<div class=\"inner\">\n<div style=\"margin:auto;width:75%\">\n<div class=\"one_third \" style=\"\">\n<h2>2017<\/h2>\n<\/div>\n<div class=\"two_third last \" style=\"\">\n<h3>Certificat d\u2019excellence TripAdvisor \/ TripAdvisor Certificate of Excellence<br \/>\n<\/h3>\n<p>Avec une moyenne de 4.5 \u00e9toiles sur 5 \/ With an average of 4.5 stars out of 5<\/p>\n<h3>Laur\u00e9at du Grand prix du Design \/ Winner of the Grand Prix du Design<\/h3>\n<h5>Mention terrasse et am\u00e9nagement paysager commercial \/ Terrace and Commercial Landscaping<\/h5>\n<p>Conception par Blouin Tardif Architecture-Environnement  \/ Conception by Blouin Tardif Architecture-Environnement<\/p>\n<h3>Laur\u00e9at du Grand Prix du Design \/ Winner of the Grand Prix du Design<\/h3>\n<h5>Prix centre de bien-\u00eatre, d\u2019entrainement et r\u00e9cr\u00e9atif \/ Wellness, Training and Recreation Centre Award<\/h5>\n<p>Conception par Blouin Tardif Architecture-Environnement \/ Conception by Blouin Tardif Architecture-Environnement<\/p>\n<h3>Laur\u00e9at du meilleur spa Sanitas \/ Winner of the best Sanitas spa<\/h3>\n<p>Prix canadien du spa &#038; du bien-\u00eatre \/ Canadian Spa &#038; Wellness Award<\/p>\n<\/div>\n<p><br class=\"clear\"\/><\/p>\n<\/div>\n<\/div>\n<\/div>\n<\/div>\n<\/div>\n<div  class=\"one withsmallpadding ppb_text\" style=\"text-align:left;padding:0px 0 0px 0;color:#7c7c7c !important;margin-bottom:35px;\" >\n<div class=\"standard_wrapper\">\n<div class=\"page_content_wrapper wide\">\n<div class=\"inner\">\n<div style=\"margin:auto;width:75%\">\n<div class=\"one_third \" style=\"\">\n<h2>2016<\/h2>\n<\/div>\n<div class=\"two_third last \" style=\"\">\n<h3>Certificat d\u2019excellence TripAdvisor \/ TripAdvisor Certificate of Excellence<br \/>\n<\/h3>\n<p>Avec une moyenne de 4.5 \u00e9toiles sur 5 \/ With an average of 4.5 stars out of 5<\/p>\n<\/div>\n<p><br class=\"clear\"\/><\/p>\n<\/div>\n<\/div>\n<\/div>\n<\/div>\n<\/div>\n<div  class=\"one withsmallpadding ppb_text\" style=\"text-align:left;padding:0px 0 0px 0;color:#7c7c7c !important;margin-bottom:35px;\" >\n<div class=\"standard_wrapper\">\n<div class=\"page_content_wrapper wide\">\n<div class=\"inner\">\n<div style=\"margin:auto;width:75%\">\n<div class=\"one_third \" style=\"\">\n<h2>2015<\/h2>\n<\/div>\n<div class=\"two_third last \" style=\"\">\n<h3>Certificat d\u2019excellence TripAdvisor \/ TripAdvisor Certificate of Excellence<\/p>\n<\/h3>\n<p>Avec une moyenne de 4.5 \u00e9toiles sur 5 \/ With an average of 4.5 stars out of 5<\/p>\n<h3>Finaliste au Prix d\u2019excellence de l\u2019Ordre des Architectes du Qu\u00e9bec \/ Finalist for the Qu\u00e9bec Order of Architects Award of Excellence<\/h3>\n<h4>Prix du public pour le Pavillon des arbres \/ Public Award for the Tree Pavilion<\/h4>\n<p>Conception par Blouin Tardif Architecture-Environnement \/ Conception by Blouin Tardif Architecture-Environnemen<\/p>\n<\/div>\n<p><br class=\"clear\"\/><\/p>\n<\/div>\n<\/div>\n<\/div>\n<\/div>\n<\/div>\n<div  class=\"one withsmallpadding ppb_text\" style=\"text-align:left;padding:0px 0 0px 0;color:#7c7c7c !important;margin-bottom:35px;\" >\n<div class=\"standard_wrapper\">\n<div class=\"page_content_wrapper wide\">\n<div class=\"inner\">\n<div style=\"margin:auto;width:75%\">\n<div class=\"one_third \" style=\"\">\n<h2>2014<\/h2>\n<\/div>\n<div class=\"two_third last \" style=\"\">\n<h3>Certificat d\u2019excellence TripAdvisor \/ TripAdvisor Certificate of Excellence<\/p>\n<\/h3>\n<p>Avec une moyenne de 4.5 \u00e9toiles sur 5 \/ With an average of 4.5 stars out of 5<\/p>\n<h3>Rang 51 au Spas of America\u2019s Top 100 Spas \/ Rank 51 at the Spa of America Top 100 Spas<\/h3>\n<p>Organis\u00e9 par Spas of America \/ Presented by Spas of America<\/p>\n<h3>Rang 20 au Spas of America\u2019s Top 50 Canada \/ Rank 20 at the Spa of America Top 100 SpasSpas<\/h3>\n<p>Organis\u00e9 par Spas of America \/ Presented by Spas of America<\/p>\n<\/div>\n<p><br class=\"clear\"\/><\/p>\n<\/div>\n<\/div>\n<\/div>\n<\/div>\n<\/div>\n<div  class=\"one withsmallpadding ppb_text\" style=\"text-align:left;padding:0px 0 0px 0;color:#7c7c7c !important;margin-bottom:35px;\" >\n<div class=\"standard_wrapper\">\n<div class=\"page_content_wrapper wide\">\n<div class=\"inner\">\n<div style=\"margin:auto;width:75%\">\n<div class=\"one_third \" style=\"\">\n<h2>2013<\/h2>\n<\/div>\n<div class=\"two_third last \" style=\"\">\n<h3>Certificat d\u2019excellence TripAdvisor \/ TripAdvisor Certificate of Excellence<br \/>\n<\/h3>\n<p>Avec une moyenne de 4.5 \u00e9toiles sur 5 \/ With an average of 4.5 stars out of 5<\/p>\n<\/div>\n<p><br class=\"clear\"\/><\/p>\n<\/div>\n<\/div>\n<\/div>\n<\/div>\n<\/div>\n<div  class=\"one withsmallpadding ppb_text\" style=\"text-align:left;padding:0px 0 0px 0;color:#7c7c7c !important;margin-bottom:70px;\" >\n<div class=\"standard_wrapper\">\n<div class=\"page_content_wrapper wide\">\n<div class=\"inner\">\n<div style=\"margin:auto;width:75%\">\n<div class=\"one_third \" style=\"\">\n<h2>2006<\/h2>\n<\/div>\n<div class=\"two_third last \" style=\"\">\n<h3>Laur\u00e9at Concours Cr\u00e9ativit\u00e9 Montr\u00e9al Design de commerces \/ Winner of the Montr\u00e9al Creativity Business Design Contest<\/h3>\n<p>\u00a0<\/p>\n<h3>Laur\u00e9at Spa Select \u2013 Concept spa de l\u2019ann\u00e9e \/ Winner Spa Select &#8211; Concept of the year<\/h3>\n<h4>1<sup>\u00e8re<\/sup> place spa de jour \/ 1<sup>st<\/sup><\/h4>\n<p> place day spa<\/p>\n<p>Organis\u00e9 par Les Nouvelles Esth\u00e9tiques \/ Presented by Les Nouvelles Esth\u00e9tiques<\/p>\n<\/div>\n<p><br class=\"clear\"\/><\/p>\n<\/div>\n<\/div>\n<\/div>\n<\/div>\n<\/div>\n","protected":false},"excerpt":{"rendered":"<p>Chic and unique, BALNEA is the recipient of numerous design and architecture awards, as well as several awards from Canada\u2019s spa industry. 2023 \u00ab Top 25 \u00bb spas au Canada \/ Top 25 Spas in Canada Prix canadien du spa [&hellip;]<\/p>\n","protected":false},"author":2341,"featured_media":113856,"parent":0,"menu_order":5,"comment_status":"closed","ping_status":"closed","template":"","meta":{"_acf_changed":false,"footnotes":""},"class_list":["post-4181","page","type-page","status-publish","has-post-thumbnail","hentry"],"acf":[],"yoast_head":"<!-- This site is optimized with the Yoast SEO plugin v27.3 - https:\/\/yoast.com\/product\/yoast-seo-wordpress\/ -->\n<title>Awards and Recognition - Balnea<\/title>\n<meta name=\"robots\" content=\"index, follow, max-snippet:-1, max-image-preview:large, max-video-preview:-1\" \/>\n<link rel=\"canonical\" href=\"https:\/\/www.balnea.ca\/en\/prix-et-reconnaissances\/\" \/>\n<meta property=\"og:locale\" content=\"en_US\" \/>\n<meta property=\"og:type\" content=\"article\" \/>\n<meta property=\"og:title\" content=\"Awards and Recognition - Balnea\" \/>\n<meta property=\"og:description\" content=\"Chic and unique, BALNEA is the recipient of numerous design and architecture awards, as well as several awards from Canada\u2019s spa industry. 2023 \u00ab Top 25 \u00bb spas au Canada \/ Top 25 Spas in Canada Prix canadien du spa [&hellip;]\" \/>\n<meta property=\"og:url\" content=\"https:\/\/www.balnea.ca\/en\/prix-et-reconnaissances\/\" \/>\n<meta property=\"og:site_name\" content=\"Balnea\" \/>\n<meta property=\"article:modified_time\" content=\"2023-11-29T14:40:39+00:00\" \/>\n<meta property=\"og:image\" content=\"https:\/\/www.balnea.ca\/wp-content\/uploads\/2019\/04\/BAL19_Header_1920X1044_09-1.jpg\" \/>\n\t<meta property=\"og:image:width\" content=\"1920\" \/>\n\t<meta property=\"og:image:height\" content=\"1040\" \/>\n\t<meta property=\"og:image:type\" content=\"image\/jpeg\" \/>\n<meta name=\"twitter:card\" content=\"summary_large_image\" \/>\n<meta name=\"twitter:label1\" content=\"Est. reading time\" \/>\n\t<meta name=\"twitter:data1\" content=\"5 minutes\" \/>\n<script type=\"application\/ld+json\" class=\"yoast-schema-graph\">{\"@context\":\"https:\\\/\\\/schema.org\",\"@graph\":[{\"@type\":\"WebPage\",\"@id\":\"https:\\\/\\\/www.balnea.ca\\\/en\\\/prix-et-reconnaissances\\\/\",\"url\":\"https:\\\/\\\/www.balnea.ca\\\/en\\\/prix-et-reconnaissances\\\/\",\"name\":\"Awards and Recognition - Balnea\",\"isPartOf\":{\"@id\":\"https:\\\/\\\/www.balnea.ca\\\/en\\\/#website\"},\"primaryImageOfPage\":{\"@id\":\"https:\\\/\\\/www.balnea.ca\\\/en\\\/prix-et-reconnaissances\\\/#primaryimage\"},\"image\":{\"@id\":\"https:\\\/\\\/www.balnea.ca\\\/en\\\/prix-et-reconnaissances\\\/#primaryimage\"},\"thumbnailUrl\":\"https:\\\/\\\/www.balnea.ca\\\/wp-content\\\/uploads\\\/2019\\\/04\\\/BAL19_Header_1920X1044_09-1.jpg\",\"datePublished\":\"2018-09-19T14:08:25+00:00\",\"dateModified\":\"2023-11-29T14:40:39+00:00\",\"breadcrumb\":{\"@id\":\"https:\\\/\\\/www.balnea.ca\\\/en\\\/prix-et-reconnaissances\\\/#breadcrumb\"},\"inLanguage\":\"en-US\",\"potentialAction\":[{\"@type\":\"ReadAction\",\"target\":[\"https:\\\/\\\/www.balnea.ca\\\/en\\\/prix-et-reconnaissances\\\/\"]}]},{\"@type\":\"ImageObject\",\"inLanguage\":\"en-US\",\"@id\":\"https:\\\/\\\/www.balnea.ca\\\/en\\\/prix-et-reconnaissances\\\/#primaryimage\",\"url\":\"https:\\\/\\\/www.balnea.ca\\\/wp-content\\\/uploads\\\/2019\\\/04\\\/BAL19_Header_1920X1044_09-1.jpg\",\"contentUrl\":\"https:\\\/\\\/www.balnea.ca\\\/wp-content\\\/uploads\\\/2019\\\/04\\\/BAL19_Header_1920X1044_09-1.jpg\",\"width\":1920,\"height\":1040},{\"@type\":\"BreadcrumbList\",\"@id\":\"https:\\\/\\\/www.balnea.ca\\\/en\\\/prix-et-reconnaissances\\\/#breadcrumb\",\"itemListElement\":[{\"@type\":\"ListItem\",\"position\":1,\"name\":\"Home\",\"item\":\"https:\\\/\\\/www.balnea.ca\\\/en\\\/\"},{\"@type\":\"ListItem\",\"position\":2,\"name\":\"Awards and Recognition\"}]},{\"@type\":\"WebSite\",\"@id\":\"https:\\\/\\\/www.balnea.ca\\\/en\\\/#website\",\"url\":\"https:\\\/\\\/www.balnea.ca\\\/en\\\/\",\"name\":\"Balnea\",\"description\":\"Spa + r\u00e9serve thermale\",\"potentialAction\":[{\"@type\":\"SearchAction\",\"target\":{\"@type\":\"EntryPoint\",\"urlTemplate\":\"https:\\\/\\\/www.balnea.ca\\\/en\\\/?s={search_term_string}\"},\"query-input\":{\"@type\":\"PropertyValueSpecification\",\"valueRequired\":true,\"valueName\":\"search_term_string\"}}],\"inLanguage\":\"en-US\"}]}<\/script>\n<!-- \/ Yoast SEO plugin. -->","yoast_head_json":{"title":"Awards and Recognition - Balnea","robots":{"index":"index","follow":"follow","max-snippet":"max-snippet:-1","max-image-preview":"max-image-preview:large","max-video-preview":"max-video-preview:-1"},"canonical":"https:\/\/www.balnea.ca\/en\/prix-et-reconnaissances\/","og_locale":"en_US","og_type":"article","og_title":"Awards and Recognition - Balnea","og_description":"Chic and unique, BALNEA is the recipient of numerous design and architecture awards, as well as several awards from Canada\u2019s spa industry. 2023 \u00ab Top 25 \u00bb spas au Canada \/ Top 25 Spas in Canada Prix canadien du spa [&hellip;]","og_url":"https:\/\/www.balnea.ca\/en\/prix-et-reconnaissances\/","og_site_name":"Balnea","article_modified_time":"2023-11-29T14:40:39+00:00","og_image":[{"width":1920,"height":1040,"url":"https:\/\/www.balnea.ca\/wp-content\/uploads\/2019\/04\/BAL19_Header_1920X1044_09-1.jpg","type":"image\/jpeg"}],"twitter_card":"summary_large_image","twitter_misc":{"Est. reading time":"5 minutes"},"schema":{"@context":"https:\/\/schema.org","@graph":[{"@type":"WebPage","@id":"https:\/\/www.balnea.ca\/en\/prix-et-reconnaissances\/","url":"https:\/\/www.balnea.ca\/en\/prix-et-reconnaissances\/","name":"Awards and Recognition - Balnea","isPartOf":{"@id":"https:\/\/www.balnea.ca\/en\/#website"},"primaryImageOfPage":{"@id":"https:\/\/www.balnea.ca\/en\/prix-et-reconnaissances\/#primaryimage"},"image":{"@id":"https:\/\/www.balnea.ca\/en\/prix-et-reconnaissances\/#primaryimage"},"thumbnailUrl":"https:\/\/www.balnea.ca\/wp-content\/uploads\/2019\/04\/BAL19_Header_1920X1044_09-1.jpg","datePublished":"2018-09-19T14:08:25+00:00","dateModified":"2023-11-29T14:40:39+00:00","breadcrumb":{"@id":"https:\/\/www.balnea.ca\/en\/prix-et-reconnaissances\/#breadcrumb"},"inLanguage":"en-US","potentialAction":[{"@type":"ReadAction","target":["https:\/\/www.balnea.ca\/en\/prix-et-reconnaissances\/"]}]},{"@type":"ImageObject","inLanguage":"en-US","@id":"https:\/\/www.balnea.ca\/en\/prix-et-reconnaissances\/#primaryimage","url":"https:\/\/www.balnea.ca\/wp-content\/uploads\/2019\/04\/BAL19_Header_1920X1044_09-1.jpg","contentUrl":"https:\/\/www.balnea.ca\/wp-content\/uploads\/2019\/04\/BAL19_Header_1920X1044_09-1.jpg","width":1920,"height":1040},{"@type":"BreadcrumbList","@id":"https:\/\/www.balnea.ca\/en\/prix-et-reconnaissances\/#breadcrumb","itemListElement":[{"@type":"ListItem","position":1,"name":"Home","item":"https:\/\/www.balnea.ca\/en\/"},{"@type":"ListItem","position":2,"name":"Awards and Recognition"}]},{"@type":"WebSite","@id":"https:\/\/www.balnea.ca\/en\/#website","url":"https:\/\/www.balnea.ca\/en\/","name":"Balnea","description":"Spa + r\u00e9serve thermale","potentialAction":[{"@type":"SearchAction","target":{"@type":"EntryPoint","urlTemplate":"https:\/\/www.balnea.ca\/en\/?s={search_term_string}"},"query-input":{"@type":"PropertyValueSpecification","valueRequired":true,"valueName":"search_term_string"}}],"inLanguage":"en-US"}]}},"_links":{"self":[{"href":"https:\/\/www.balnea.ca\/en\/wp-json\/wp\/v2\/pages\/4181","targetHints":{"allow":["GET"]}}],"collection":[{"href":"https:\/\/www.balnea.ca\/en\/wp-json\/wp\/v2\/pages"}],"about":[{"href":"https:\/\/www.balnea.ca\/en\/wp-json\/wp\/v2\/types\/page"}],"author":[{"embeddable":true,"href":"https:\/\/www.balnea.ca\/en\/wp-json\/wp\/v2\/users\/2341"}],"replies":[{"embeddable":true,"href":"https:\/\/www.balnea.ca\/en\/wp-json\/wp\/v2\/comments?post=4181"}],"version-history":[{"count":7,"href":"https:\/\/www.balnea.ca\/en\/wp-json\/wp\/v2\/pages\/4181\/revisions"}],"predecessor-version":[{"id":452022,"href":"https:\/\/www.balnea.ca\/en\/wp-json\/wp\/v2\/pages\/4181\/revisions\/452022"}],"wp:featuredmedia":[{"embeddable":true,"href":"https:\/\/www.balnea.ca\/en\/wp-json\/wp\/v2\/media\/113856"}],"wp:attachment":[{"href":"https:\/\/www.balnea.ca\/en\/wp-json\/wp\/v2\/media?parent=4181"}],"curies":[{"name":"wp","href":"https:\/\/api.w.org\/{rel}","templated":true}]}}