{"id":4262,"date":"2018-09-21T15:12:44","date_gmt":"2018-09-21T15:12:44","guid":{"rendered":"http:\/\/dev.balnea.ca\/services-and-rates\/groupes\/"},"modified":"2025-08-20T15:16:46","modified_gmt":"2025-08-20T19:16:46","slug":"groupes","status":"publish","type":"page","link":"https:\/\/www.balnea.ca\/en\/groupes\/","title":{"rendered":"Groupes"},"content":{"rendered":"<div  class=\"one withsmallpadding ppb_text\" style=\"font-size: 18px;text-align:center;padding:70px 0 70px 0;\" >\n<div class=\"standard_wrapper\">\n<div class=\"page_content_wrapper wide\">\n<div class=\"inner\">\n<div style=\"margin:auto;width:60%\">\n<h3 style=\"text-align: center;\">. . .<\/h3>\n<p style=\"text-align: center;\">Vous d\u00e9sirez vous r\u00e9unir pour une escapade multisensorielle sign\u00e9e BALNEA ? Nous avons quelques formules pouvant accueillir les groupes de 10 \u00e0 20 personnes \u00e0 l&rsquo;exp\u00e9rience thermale, en massoth\u00e9rapie, en format r\u00e9union ou pour un d\u00eener dans notre salle corporative. Informez-vous !<\/p>\n<\/div>\n<\/div>\n<\/div>\n<\/div>\n<\/div>\n<div  class=\"one withsmallpadding ppb_text\" style=\"text-align:left;padding:20px 0 20px 0;\" >\n<div class=\"standard_wrapper\">\n<div class=\"page_content_wrapper wide\">\n<div class=\"inner\">\n<div style=\"margin:auto;width:100%\">\n<h2>Imaginez votre exp\u00e9rience Balnea pouvant inclure<\/h2>\n<ul>\n<li>Massages et soins beaut\u00e9<\/li>\n<li>Acc\u00e8s \u00e0 l&rsquo;exp\u00e9rience thermale<\/li>\n<li>Randonn\u00e9e dans nos sentiers en for\u00eat<\/li>\n<li>Repas dans une salle priv\u00e9e<\/li>\n<\/ul>\n<p>Notez qu&rsquo;il n&rsquo;est pas possible pour un groupe de r\u00e9server seulement pour l&rsquo;exp\u00e9rience thermale. Tous nos forfaits de groupe incluent des soins (en massoth\u00e9rapie ou en esth\u00e9tique) et\/ou une formule r\u00e9union ou repas au restaurant LUMAMI.<\/p>\n<\/div>\n<\/div>\n<\/div>\n<\/div>\n<\/div>\n<div  class=\"one withsmallpadding ppb_text\" style=\"text-align:left;padding:20px 0 20px 0;\" >\n<div class=\"standard_wrapper\">\n<div class=\"page_content_wrapper wide\">\n<div class=\"inner\">\n<div style=\"margin:auto;width:100%\">\n<p><strong>Pour plus d\u2019informations sur nos forfaits de groupe (de 10 \u00e0 20 personnes)<\/strong><\/p>\n<ul>\n<li>Compl\u00e9tez <a href=\"https:\/\/www.balnea.ca\/en\/demande-reservations-groupe-en-ligne\/\">le formulaire de demande de r\u00e9servation de groupe en ligne<\/a> ou contactez-nous au <a href=\"tel:1-844-710-2858\"><\/a>450-534-0604 poste 252 ou \u00e0 <a class=\"mailto\" data-mailto-name=\"groupes\" data-mailto-domain=\"balnea.ca\">groupes@balnea.ca.<\/a><\/li>\n<\/ul>\n<\/div>\n<\/div>\n<\/div>\n<\/div>\n<\/div>\n<div  class=\"one withsmallpadding ppb_text\" style=\"text-align:left;padding:20px 0 20px 0;\" >\n<div class=\"standard_wrapper\">\n<div class=\"page_content_wrapper wide\">\n<div class=\"inner\">\n<div style=\"margin:auto;width:100%\">\n<p><strong>Toute r\u00e9servation de groupe est possible :<br \/>\n<\/strong><\/p>\n<ul>\n<li>Du mardi au jeudi de mai \u00e0 septembre<\/li>\n<li>Du lundi au vendredi d&rsquo;octobre \u00e0 avril<\/li>\n<\/ul>\n<p><strong><br \/>\nToute r\u00e9servation de groupe est requise un minimum de 14 jours avant la date de votre visite<\/strong><\/p>\n<ul>\n<li>Un premier d\u00e9p\u00f4t non-remboursable de 50% du montant total est pr\u00e9lev\u00e9 lors de votre r\u00e9servation pour assurer le s\u00e9jour du groupe.<\/li>\n<li>Le paiement final (50% restant) s\u2019effectue lors de votre visite au BALNEA.<\/li>\n<\/ul>\n<\/div>\n<\/div>\n<\/div>\n<\/div>\n<\/div>\n<div class=\"divider one\">&nbsp;<\/div>\n<div  class=\"one withsmallpadding ppb_text\" style=\"text-align:left;padding:20px 0 20px 0;\" >\n<div class=\"standard_wrapper\">\n<div class=\"page_content_wrapper wide\">\n<div class=\"inner\">\n<div style=\"margin:auto;width:100%\">\n<h2>Politique de l\u2019ambiance spa<\/h2>\n<p>La politique de l\u2019ambiance spa consiste en le respect du silence dans les installations, ainsi que de la voix basse dans certaines zones autoris\u00e9es. Il sera demand\u00e9 aux groupes de s\u2019y conformer pour le bien-\u00eatre et la d\u00e9tente des autres clients pr\u00e9sents.<\/p>\n<\/div>\n<\/div>\n<\/div>\n<\/div>\n<\/div>\n<div  class=\"one withsmallpadding ppb_text\" style=\"text-align:left;padding:20px 0 20px 0;\" >\n<div class=\"standard_wrapper\">\n<div class=\"page_content_wrapper wide\">\n<div class=\"inner\">\n<div style=\"margin:auto;width:100%\">\n<h2>Politique d\u2019annulation \/ modification<\/h2>\n<p>Le premier d\u00e9p\u00f4t de 50 % du montant total est non-remboursable. Toute r\u00e9servation de groupe peut \u00eatre annul\u00e9e moyennant un pr\u00e9avis de 72 heures ouvrables (excluant samedis, dimanches et jours f\u00e9ri\u00e9s) avant la date de visite du groupe. La personne ayant effectu\u00e9 la r\u00e9servation pourra alors recouvrir les frais en suspens., soit 50 % du montant total.<\/p>\n<p>Dans un d\u00e9lai moindre que 72 heures, toute r\u00e9servation de soin qui serait annul\u00e9e sera factur\u00e9e en totalit\u00e9.<\/p>\n<p>Tout invit\u00e9 qui ne se pr\u00e9sente pas \u00e0 son rendez-vous en soin la journ\u00e9e m\u00eame ou le manque se verra \u00e9galement factur\u00e9 en totalit\u00e9.<\/p>\n<\/div>\n<\/div>\n<\/div>\n<\/div>\n<\/div>\n<div class=\"divider one\">&nbsp;<\/div>\n","protected":false},"excerpt":{"rendered":"<p>. . . Vous d\u00e9sirez vous r\u00e9unir pour une escapade multisensorielle sign\u00e9e BALNEA ? Nous avons quelques formules pouvant accueillir les groupes de 10 \u00e0 20 personnes \u00e0 l&rsquo;exp\u00e9rience thermale, en massoth\u00e9rapie, en format r\u00e9union ou pour un d\u00eener dans [&hellip;]<\/p>\n","protected":false},"author":2341,"featured_media":373934,"parent":0,"menu_order":12,"comment_status":"closed","ping_status":"closed","template":"","meta":{"_acf_changed":false,"footnotes":""},"class_list":["post-4262","page","type-page","status-publish","has-post-thumbnail","hentry"],"acf":[],"yoast_head":"<!-- This site is optimized with the Yoast SEO plugin v27.3 - https:\/\/yoast.com\/product\/yoast-seo-wordpress\/ -->\n<title>Groupes - Balnea<\/title>\n<meta name=\"description\" content=\"Planifiez une escapade multisensorielle sign\u00e9e BALNEA et b\u00e9n\u00e9ficiez de tarifs avantageux pour les groupes de 10 \u00e0 20 personnes.\" \/>\n<meta name=\"robots\" content=\"index, follow, max-snippet:-1, max-image-preview:large, max-video-preview:-1\" \/>\n<link rel=\"canonical\" href=\"https:\/\/www.balnea.ca\/en\/groupes\/\" \/>\n<meta property=\"og:locale\" content=\"en_US\" \/>\n<meta property=\"og:type\" content=\"article\" \/>\n<meta property=\"og:title\" content=\"Groupes - Balnea\" \/>\n<meta property=\"og:description\" content=\"Planifiez une escapade multisensorielle sign\u00e9e BALNEA et b\u00e9n\u00e9ficiez de tarifs avantageux pour les groupes de 10 \u00e0 20 personnes.\" \/>\n<meta property=\"og:url\" content=\"https:\/\/www.balnea.ca\/en\/groupes\/\" \/>\n<meta property=\"og:site_name\" content=\"Balnea\" \/>\n<meta property=\"article:modified_time\" content=\"2025-08-20T19:16:46+00:00\" \/>\n<meta property=\"og:image\" content=\"https:\/\/www.balnea.ca\/wp-content\/uploads\/2022\/11\/01_Header-10.jpg\" \/>\n\t<meta property=\"og:image:width\" content=\"1024\" \/>\n\t<meta property=\"og:image:height\" content=\"692\" \/>\n\t<meta property=\"og:image:type\" content=\"image\/jpeg\" \/>\n<meta name=\"twitter:card\" content=\"summary_large_image\" \/>\n<meta name=\"twitter:label1\" content=\"Est. reading time\" \/>\n\t<meta name=\"twitter:data1\" content=\"3 minutes\" \/>\n<script type=\"application\/ld+json\" class=\"yoast-schema-graph\">{\"@context\":\"https:\\\/\\\/schema.org\",\"@graph\":[{\"@type\":\"WebPage\",\"@id\":\"https:\\\/\\\/www.balnea.ca\\\/en\\\/groupes\\\/\",\"url\":\"https:\\\/\\\/www.balnea.ca\\\/en\\\/groupes\\\/\",\"name\":\"Groupes - Balnea\",\"isPartOf\":{\"@id\":\"https:\\\/\\\/www.balnea.ca\\\/en\\\/#website\"},\"primaryImageOfPage\":{\"@id\":\"https:\\\/\\\/www.balnea.ca\\\/en\\\/groupes\\\/#primaryimage\"},\"image\":{\"@id\":\"https:\\\/\\\/www.balnea.ca\\\/en\\\/groupes\\\/#primaryimage\"},\"thumbnailUrl\":\"https:\\\/\\\/www.balnea.ca\\\/wp-content\\\/uploads\\\/2022\\\/11\\\/01_Header-10.jpg\",\"datePublished\":\"2018-09-21T15:12:44+00:00\",\"dateModified\":\"2025-08-20T19:16:46+00:00\",\"description\":\"Planifiez une escapade multisensorielle sign\u00e9e BALNEA et b\u00e9n\u00e9ficiez de tarifs avantageux pour les groupes de 10 \u00e0 20 personnes.\",\"breadcrumb\":{\"@id\":\"https:\\\/\\\/www.balnea.ca\\\/en\\\/groupes\\\/#breadcrumb\"},\"inLanguage\":\"en-US\",\"potentialAction\":[{\"@type\":\"ReadAction\",\"target\":[\"https:\\\/\\\/www.balnea.ca\\\/en\\\/groupes\\\/\"]}]},{\"@type\":\"ImageObject\",\"inLanguage\":\"en-US\",\"@id\":\"https:\\\/\\\/www.balnea.ca\\\/en\\\/groupes\\\/#primaryimage\",\"url\":\"https:\\\/\\\/www.balnea.ca\\\/wp-content\\\/uploads\\\/2022\\\/11\\\/01_Header-10.jpg\",\"contentUrl\":\"https:\\\/\\\/www.balnea.ca\\\/wp-content\\\/uploads\\\/2022\\\/11\\\/01_Header-10.jpg\",\"width\":1024,\"height\":692},{\"@type\":\"BreadcrumbList\",\"@id\":\"https:\\\/\\\/www.balnea.ca\\\/en\\\/groupes\\\/#breadcrumb\",\"itemListElement\":[{\"@type\":\"ListItem\",\"position\":1,\"name\":\"Home\",\"item\":\"https:\\\/\\\/www.balnea.ca\\\/en\\\/\"},{\"@type\":\"ListItem\",\"position\":2,\"name\":\"Groupes\"}]},{\"@type\":\"WebSite\",\"@id\":\"https:\\\/\\\/www.balnea.ca\\\/en\\\/#website\",\"url\":\"https:\\\/\\\/www.balnea.ca\\\/en\\\/\",\"name\":\"Balnea\",\"description\":\"Spa + r\u00e9serve thermale\",\"potentialAction\":[{\"@type\":\"SearchAction\",\"target\":{\"@type\":\"EntryPoint\",\"urlTemplate\":\"https:\\\/\\\/www.balnea.ca\\\/en\\\/?s={search_term_string}\"},\"query-input\":{\"@type\":\"PropertyValueSpecification\",\"valueRequired\":true,\"valueName\":\"search_term_string\"}}],\"inLanguage\":\"en-US\"}]}<\/script>\n<!-- \/ Yoast SEO plugin. -->","yoast_head_json":{"title":"Groupes - Balnea","description":"Planifiez une escapade multisensorielle sign\u00e9e BALNEA et b\u00e9n\u00e9ficiez de tarifs avantageux pour les groupes de 10 \u00e0 20 personnes.","robots":{"index":"index","follow":"follow","max-snippet":"max-snippet:-1","max-image-preview":"max-image-preview:large","max-video-preview":"max-video-preview:-1"},"canonical":"https:\/\/www.balnea.ca\/en\/groupes\/","og_locale":"en_US","og_type":"article","og_title":"Groupes - Balnea","og_description":"Planifiez une escapade multisensorielle sign\u00e9e BALNEA et b\u00e9n\u00e9ficiez de tarifs avantageux pour les groupes de 10 \u00e0 20 personnes.","og_url":"https:\/\/www.balnea.ca\/en\/groupes\/","og_site_name":"Balnea","article_modified_time":"2025-08-20T19:16:46+00:00","og_image":[{"width":1024,"height":692,"url":"https:\/\/www.balnea.ca\/wp-content\/uploads\/2022\/11\/01_Header-10.jpg","type":"image\/jpeg"}],"twitter_card":"summary_large_image","twitter_misc":{"Est. reading time":"3 minutes"},"schema":{"@context":"https:\/\/schema.org","@graph":[{"@type":"WebPage","@id":"https:\/\/www.balnea.ca\/en\/groupes\/","url":"https:\/\/www.balnea.ca\/en\/groupes\/","name":"Groupes - Balnea","isPartOf":{"@id":"https:\/\/www.balnea.ca\/en\/#website"},"primaryImageOfPage":{"@id":"https:\/\/www.balnea.ca\/en\/groupes\/#primaryimage"},"image":{"@id":"https:\/\/www.balnea.ca\/en\/groupes\/#primaryimage"},"thumbnailUrl":"https:\/\/www.balnea.ca\/wp-content\/uploads\/2022\/11\/01_Header-10.jpg","datePublished":"2018-09-21T15:12:44+00:00","dateModified":"2025-08-20T19:16:46+00:00","description":"Planifiez une escapade multisensorielle sign\u00e9e BALNEA et b\u00e9n\u00e9ficiez de tarifs avantageux pour les groupes de 10 \u00e0 20 personnes.","breadcrumb":{"@id":"https:\/\/www.balnea.ca\/en\/groupes\/#breadcrumb"},"inLanguage":"en-US","potentialAction":[{"@type":"ReadAction","target":["https:\/\/www.balnea.ca\/en\/groupes\/"]}]},{"@type":"ImageObject","inLanguage":"en-US","@id":"https:\/\/www.balnea.ca\/en\/groupes\/#primaryimage","url":"https:\/\/www.balnea.ca\/wp-content\/uploads\/2022\/11\/01_Header-10.jpg","contentUrl":"https:\/\/www.balnea.ca\/wp-content\/uploads\/2022\/11\/01_Header-10.jpg","width":1024,"height":692},{"@type":"BreadcrumbList","@id":"https:\/\/www.balnea.ca\/en\/groupes\/#breadcrumb","itemListElement":[{"@type":"ListItem","position":1,"name":"Home","item":"https:\/\/www.balnea.ca\/en\/"},{"@type":"ListItem","position":2,"name":"Groupes"}]},{"@type":"WebSite","@id":"https:\/\/www.balnea.ca\/en\/#website","url":"https:\/\/www.balnea.ca\/en\/","name":"Balnea","description":"Spa + r\u00e9serve thermale","potentialAction":[{"@type":"SearchAction","target":{"@type":"EntryPoint","urlTemplate":"https:\/\/www.balnea.ca\/en\/?s={search_term_string}"},"query-input":{"@type":"PropertyValueSpecification","valueRequired":true,"valueName":"search_term_string"}}],"inLanguage":"en-US"}]}},"_links":{"self":[{"href":"https:\/\/www.balnea.ca\/en\/wp-json\/wp\/v2\/pages\/4262","targetHints":{"allow":["GET"]}}],"collection":[{"href":"https:\/\/www.balnea.ca\/en\/wp-json\/wp\/v2\/pages"}],"about":[{"href":"https:\/\/www.balnea.ca\/en\/wp-json\/wp\/v2\/types\/page"}],"author":[{"embeddable":true,"href":"https:\/\/www.balnea.ca\/en\/wp-json\/wp\/v2\/users\/2341"}],"replies":[{"embeddable":true,"href":"https:\/\/www.balnea.ca\/en\/wp-json\/wp\/v2\/comments?post=4262"}],"version-history":[{"count":5,"href":"https:\/\/www.balnea.ca\/en\/wp-json\/wp\/v2\/pages\/4262\/revisions"}],"predecessor-version":[{"id":551111,"href":"https:\/\/www.balnea.ca\/en\/wp-json\/wp\/v2\/pages\/4262\/revisions\/551111"}],"wp:featuredmedia":[{"embeddable":true,"href":"https:\/\/www.balnea.ca\/en\/wp-json\/wp\/v2\/media\/373934"}],"wp:attachment":[{"href":"https:\/\/www.balnea.ca\/en\/wp-json\/wp\/v2\/media?parent=4262"}],"curies":[{"name":"wp","href":"https:\/\/api.w.org\/{rel}","templated":true}]}}