{"id":482632,"date":"2024-07-19T10:05:15","date_gmt":"2024-07-19T14:05:15","guid":{"rendered":"https:\/\/www.balnea.ca\/?page_id=482632"},"modified":"2025-04-23T14:15:00","modified_gmt":"2025-04-23T18:15:00","slug":"projetbalnea","status":"publish","type":"page","link":"https:\/\/www.balnea.ca\/en\/projetbalnea\/","title":{"rendered":"A larger than life project in the heart of nature"},"content":{"rendered":"<div  class=\"one withsmallpadding ppb_text\" style=\"font-size:16px;text-align:center;padding:0px 0 0px 0;margin-top:70px;margin-bottom:20px;\" >\n<div class=\"standard_wrapper\">\n<div class=\"page_content_wrapper wide\">\n<div class=\"inner\">\n<div style=\"margin:auto;width:70%\">\n<h2 style=\"text-align: center;\"><span style=\"color: #00acd4;\">A New Way to Showcase Nature<\/span><\/h2>\n<p>BALNEA spa + r\u00e9serve thermale announces the official opening of a unique new installation, designed to offer an even more immersive and revitalizing experience, promoting relaxation and contemplation amidst an exceptional natural setting. The project, set in the countryside of Bromont, Quebec, Canada, was conceived by the architectural firm MacKay-Lyons Sweetapple Architects, renowned for its international design excellence, and cultural responsiveness to local landscapes, climate, and material culture.<\/p>\n<\/div>\n<\/div>\n<\/div>\n<\/div>\n<\/div>\n<div class=\"standard_wrapper\">\n<div  class=\"ppb_image_boxed one_half\" style=\"margin-top:30px;color:#7c7c7c;\" >\n<div class=\"page_content_wrapper wide\">\n<div class=\"inner\">\n<div class=\"image_boxed_wrapper theme_radius\" style=\"text-align:center;>&#8220;><img decoding=\"async\" src=\"https:\/\/www.balnea.ca\/wp-content\/uploads\/2024\/07\/Bain_infini_M1.jpg\" alt=\"\"\/>\n<div class=\"image_boxed_content\" style=\"padding:40px;\">\n<h3>INFINITY BATH<\/h3>\n<p>This recently inaugurated 70-foot-wide infinity whirlpool bath offers a breathtaking view of Lake Gale and the Appalachians.<\/p>\n<p>The installation features integrated benches and can accommodate up to twenty people.<\/p>\n<\/div>\n<\/div>\n<\/div>\n<\/div>\n<\/div>\n<\/div>\n<div class=\"standard_wrapper\">\n<div  class=\"ppb_image_boxed one_half last\" style=\"margin-top:30px;color:#7c7c7c;\" >\n<div class=\"page_content_wrapper wide\">\n<div class=\"inner\">\n<div class=\"image_boxed_wrapper theme_radius\" style=\"text-align:center;>&#8220;><img decoding=\"async\" src=\"https:\/\/www.balnea.ca\/wp-content\/uploads\/2024\/07\/Salle_detente_M1.jpg\" alt=\"\"\/>\n<div class=\"image_boxed_content\" style=\"padding:40px;\">\n<h3>Relaxation room<\/h3>\n<p>This brand new, fully glazed four-season relaxation room is located under the infinity hot tub. Here, you will find sand, warmth, and light that follows the sun\u2019s cycle, allowing your mind to travel.<\/p>\n<\/div>\n<\/div>\n<\/div>\n<\/div>\n<\/div>\n<\/div>\n<div class=\"divider one\">&nbsp;<\/div>\n<div  class=\"one ppb_card_two_cols_with_image\" style=\"position:relative;padding:40px 0 40px 0;\" >\n<div class=\"standard_wrapper\">\n<div class=\"page_content_wrapper wide\">\n<div class=\"inner\">\n<div class=\"one_half parallax_scroll_image\" style=\"width:65%;\">\n<div class=\"image_classic_frame expand\">\n<div class=\"image_wrapper\"><img decoding=\"async\" src=\"https:\/\/www.balnea.ca\/wp-content\/uploads\/2025\/04\/chambre-groupe-3.png\" alt=\"\" class=\"portfolio_img\"\/><\/div>\n<\/div>\n<\/div>\n<div class=\"one_half last parallax_scroll parallax_text\" style=\"width:40%;position:absolute;padding:40px;background:#fff;\" data-stellar-ratio=\"1.3\">\n<h2 class=\"ppb_title\" style=\"\">Beatnik H\u00f4tel will add 24 rooms<\/h2>\n<div class=\"ppb_header_content\">\n<p>Located directly on the spa site, Beatnik H\u00f4tel is launching an ambitious expansion and upgrade project that includes the addition of 24 new rooms, in collaboration with Mackay-Lyons Sweetapple Architects and Local Design.<\/p>\n<p>To allow for the completion of this work, the hotel will temporarily close its doors starting April 22, 2025, until early summer.<\/p>\n<p><a class=\"button small \" onclick=\"window.open('https:\/\/beatnikhotel.com\/en\/agrandissement\/', '_self')\">More details<\/a>\n<\/div>\n<\/div>\n<p><br class=\"clear\"\/><\/div>\n<\/div>\n<\/div>\n<\/div>\n<\/div>\n<div  class=\"one withsmallpadding ppb_text\" style=\"font-size:18px;text-align:center;padding:0px 0 0px 0;margin-top:70px;margin-bottom:20px;\" >\n<div class=\"standard_wrapper\">\n<div class=\"page_content_wrapper wide\">\n<div class=\"inner\">\n<div style=\"margin:auto;width:60%\">\n<h2 style=\"text-align: center;\"><span style=\"color: #00acd4;\">Our partners<\/span><\/h2>\n<\/div>\n<\/div>\n<\/div>\n<\/div>\n<\/div>\n<div class=\"standard_wrapper\">\n<div  class=\"ppb_image_boxed one\" style=\"margin-top:30px;color:#7c7c7c;\" >\n<div class=\"page_content_wrapper wide\">\n<div class=\"inner\">\n<div class=\"image_boxed_wrapper theme_radius\" style=\"text-align:center;>&#8220;><img decoding=\"async\" src=\"https:\/\/www.balnea.ca\/wp-content\/uploads\/2024\/07\/Partenaires_Projet_FINAL.jpg\" alt=\"\"\/><\/div>\n<\/div>\n<\/div>\n<\/div>\n<\/div>\n<div class=\"divider one\">&nbsp;<\/div>\n<div class=\"divider one\">&nbsp;<\/div>\n<div  class=\"ppb_gallery_grid one\" style=\"\">\n<div class=\"standard_wrapper\">\n<div id=\"1745432100419541152\" class=\"portfolio_filter_wrapper gallery four_cols contain\" data-columns=\"4\">\n<div class=\"element grid  classic4_cols\">\n<div class=\"one_fourth gallery4 static filterable gallery_type animated1 \"><a class=\"fancy-gallery\" href=\"https:\/\/www.balnea.ca\/wp-content\/uploads\/2024\/07\/Balnea_Header_1930x800_Projet_2.jpg\" data-caption=\"\" ><img decoding=\"async\" src=\"https:\/\/www.balnea.ca\/wp-content\/uploads\/2024\/07\/Balnea_Header_1930x800_Projet_2-610x610.jpg\" alt=\"\"\/><\/a><\/div>\n<\/div>\n<div class=\"element grid  classic4_cols\">\n<div class=\"one_fourth gallery4 static filterable gallery_type animated2 \"><a class=\"fancy-gallery\" href=\"https:\/\/www.balnea.ca\/wp-content\/uploads\/2024\/06\/Balnea_Header_1930x800_Nouveau_1.jpg\" data-caption=\"\" ><img decoding=\"async\" src=\"https:\/\/www.balnea.ca\/wp-content\/uploads\/2024\/06\/Balnea_Header_1930x800_Nouveau_1-610x610.jpg\" alt=\"\"\/><\/a><\/div>\n<\/div>\n<div class=\"element grid  classic4_cols\">\n<div class=\"one_fourth gallery4 static filterable gallery_type animated3 \"><a class=\"fancy-gallery\" href=\"https:\/\/www.balnea.ca\/wp-content\/uploads\/2024\/07\/Header.jpg\" data-caption=\"\" ><img decoding=\"async\" src=\"https:\/\/www.balnea.ca\/wp-content\/uploads\/2024\/07\/Header-610x610.jpg\" alt=\"\"\/><\/a><\/div>\n<\/div>\n<div class=\"element grid  classic4_cols\">\n<div class=\"one_fourth gallery4 static filterable gallery_type animated4 \"><a class=\"fancy-gallery\" href=\"https:\/\/www.balnea.ca\/wp-content\/uploads\/2024\/07\/Balnea_Header_1930x800_Projet_.jpg\" data-caption=\"\" ><img decoding=\"async\" src=\"https:\/\/www.balnea.ca\/wp-content\/uploads\/2024\/07\/Balnea_Header_1930x800_Projet_-610x610.jpg\" alt=\"\"\/><\/a><\/div>\n<\/div>\n<\/div>\n<\/div>\n<\/div>\n<div  class=\"one withsmallpadding ppb_text\" style=\"font-size:14px;text-align:center;padding:0px 0 0px 0;margin-top:70px;margin-bottom:20px;\" >\n<div class=\"standard_wrapper\">\n<div class=\"page_content_wrapper wide\">\n<div class=\"inner\">\n<div style=\"margin:auto;width:80%\">\n<p>Photos credits <a href=\"https:\/\/www.maximebrouillet.com\/\" rel=\"noopener\" target=\"_blank\">Maxime Brouillet<\/a>, architectural photographer.<\/p>\n<\/div>\n<\/div>\n<\/div>\n<\/div>\n<\/div>\n<div  class=\"one withsmallpadding ppb_text\" style=\"text-align:left;padding:0px 0 0px 0;margin-top:70px;margin-bottom:20px;\" >\n<div class=\"standard_wrapper\">\n<div class=\"page_content_wrapper wide\">\n<div class=\"inner\">\n<div style=\"margin:auto;width:100%\">\n<div class=\"pp_accordion_close has_icon\">\n<h3><a href=\"#\">LEARN MORE ON OUR PROJECT<\/a><\/h3>\n<div>\n<p><span style=\"text-decoration: underline;\"><a href=\"https:\/\/www.balnea.ca\/en\/communique-de-presse-17-juillet\/\">BALNEA Presse Release\u00a0| July 2024<\/a><\/span><\/p>\n<p style=\"text-align: left;\"><span style=\"text-decoration: underline;\"><a href=\"https:\/\/www.balnea.ca\/en\/?page_id=448386\">BALNEA Presse Release <em>(in French only)<\/em> | November 2023<\/a><\/span><\/p>\n<p style=\"text-align: left;\"><span style=\"text-decoration: underline;\"><a href=\"https:\/\/www.balnea.ca\/en\/communique-de-presse\/\">BALNEA Press Release <em>(in French only)<\/em> | June 2022<\/a><\/span><\/p>\n<\/p>\n<\/div>\n<\/div>\n<div class=\"pp_accordion_close has_icon\">\n<h3><a href=\"#\">MEDIA REQUESTS<\/a><\/h3>\n<div>\n<p><p style=\"text-align: left;\">Hugo Martin-Bonneville<br \/>\nMarketing and Communications Director<br \/>\n<span style=\"text-decoration: underline;\"><a class=\"mailto\" style=\"color: #00acd4; text-decoration: underline;\" href=\"mailto:hugo@balnea.ca\" data-mailto-name=\"hugo\" data-mailto-domain=\"balnea.ca\">hugo@balnea.ca<\/a><\/span><br \/>\n450 534-0604, extension 242<\/p>\n<\/p>\n<\/div>\n<\/div>\n<\/div>\n<\/div>\n<\/div>\n<\/div>\n<\/div>\n","protected":false},"excerpt":{"rendered":"<p>A New Way to Showcase Nature BALNEA spa + r\u00e9serve thermale announces the official opening of a unique new installation, designed to offer an even more immersive and revitalizing experience, promoting relaxation and contemplation amidst an exceptional natural setting. The [&hellip;]<\/p>\n","protected":false},"author":2341,"featured_media":482220,"parent":0,"menu_order":3,"comment_status":"closed","ping_status":"closed","template":"","meta":{"_acf_changed":false,"footnotes":""},"class_list":["post-482632","page","type-page","status-publish","has-post-thumbnail","hentry"],"acf":[],"yoast_head":"<!-- This site is optimized with the Yoast SEO plugin v27.3 - https:\/\/yoast.com\/product\/yoast-seo-wordpress\/ -->\n<title>BALNEA : Planifiez votre visite<\/title>\n<meta name=\"description\" content=\"Passez l&#039;\u00e9t\u00e9 en nature au BALNEA spa + r\u00e9serve thermale. Profitez de l&#039;exp\u00e9rience thermale, avec un soin en massoth\u00e9rapie ou en esth\u00e9tique.\" \/>\n<meta name=\"robots\" content=\"index, follow, max-snippet:-1, max-image-preview:large, max-video-preview:-1\" \/>\n<link rel=\"canonical\" href=\"https:\/\/www.balnea.ca\/en\/projetbalnea\/\" \/>\n<meta property=\"og:locale\" content=\"en_US\" \/>\n<meta property=\"og:type\" content=\"article\" \/>\n<meta property=\"og:title\" content=\"BALNEA spa + r\u00e9serve thermale, massages et soins\" \/>\n<meta property=\"og:description\" content=\"Consultez nos promotions en cours ! BALNEA r\u00e9invente l\u2019art de la d\u00e9tente en conviant tous les sens \u00e0 vivre une exp\u00e9rience renversante.\" \/>\n<meta property=\"og:url\" content=\"https:\/\/www.balnea.ca\/en\/projetbalnea\/\" \/>\n<meta property=\"og:site_name\" content=\"Balnea\" \/>\n<meta property=\"article:modified_time\" content=\"2025-04-23T18:15:00+00:00\" \/>\n<meta property=\"og:image\" content=\"https:\/\/www.balnea.ca\/wp-content\/uploads\/2018\/11\/promotions_og.jpg\" \/>\n\t<meta property=\"og:image:width\" content=\"1200\" \/>\n\t<meta property=\"og:image:height\" content=\"630\" \/>\n\t<meta property=\"og:image:type\" content=\"image\/jpeg\" \/>\n<meta name=\"twitter:card\" content=\"summary_large_image\" \/>\n<meta name=\"twitter:title\" content=\"BALNEA spa + r\u00e9serve thermale, massages et soins\" \/>\n<meta name=\"twitter:description\" content=\"Consultez nos promotions en cours ! BALNEA r\u00e9invente l\u2019art de la d\u00e9tente en conviant tous les sens \u00e0 vivre une exp\u00e9rience renversante.\" \/>\n<meta name=\"twitter:image\" content=\"https:\/\/www.balnea.ca\/wp-content\/uploads\/2018\/11\/accueil_twitter.jpg\" \/>\n<meta name=\"twitter:label1\" content=\"Est. reading time\" \/>\n\t<meta name=\"twitter:data1\" content=\"3 minutes\" \/>\n<script type=\"application\/ld+json\" class=\"yoast-schema-graph\">{\"@context\":\"https:\\\/\\\/schema.org\",\"@graph\":[{\"@type\":\"WebPage\",\"@id\":\"https:\\\/\\\/www.balnea.ca\\\/en\\\/projetbalnea\\\/\",\"url\":\"https:\\\/\\\/www.balnea.ca\\\/en\\\/projetbalnea\\\/\",\"name\":\"BALNEA : Planifiez votre visite\",\"isPartOf\":{\"@id\":\"https:\\\/\\\/www.balnea.ca\\\/en\\\/#website\"},\"primaryImageOfPage\":{\"@id\":\"https:\\\/\\\/www.balnea.ca\\\/en\\\/projetbalnea\\\/#primaryimage\"},\"image\":{\"@id\":\"https:\\\/\\\/www.balnea.ca\\\/en\\\/projetbalnea\\\/#primaryimage\"},\"thumbnailUrl\":\"https:\\\/\\\/www.balnea.ca\\\/wp-content\\\/uploads\\\/2024\\\/07\\\/Balnea_Header_1930x800_Projet_3.jpg\",\"datePublished\":\"2024-07-19T14:05:15+00:00\",\"dateModified\":\"2025-04-23T18:15:00+00:00\",\"description\":\"Passez l'\u00e9t\u00e9 en nature au BALNEA spa + r\u00e9serve thermale. Profitez de l'exp\u00e9rience thermale, avec un soin en massoth\u00e9rapie ou en esth\u00e9tique.\",\"breadcrumb\":{\"@id\":\"https:\\\/\\\/www.balnea.ca\\\/en\\\/projetbalnea\\\/#breadcrumb\"},\"inLanguage\":\"en-US\",\"potentialAction\":[{\"@type\":\"ReadAction\",\"target\":[\"https:\\\/\\\/www.balnea.ca\\\/en\\\/projetbalnea\\\/\"]}]},{\"@type\":\"ImageObject\",\"inLanguage\":\"en-US\",\"@id\":\"https:\\\/\\\/www.balnea.ca\\\/en\\\/projetbalnea\\\/#primaryimage\",\"url\":\"https:\\\/\\\/www.balnea.ca\\\/wp-content\\\/uploads\\\/2024\\\/07\\\/Balnea_Header_1930x800_Projet_3.jpg\",\"contentUrl\":\"https:\\\/\\\/www.balnea.ca\\\/wp-content\\\/uploads\\\/2024\\\/07\\\/Balnea_Header_1930x800_Projet_3.jpg\",\"width\":1930,\"height\":800},{\"@type\":\"BreadcrumbList\",\"@id\":\"https:\\\/\\\/www.balnea.ca\\\/en\\\/projetbalnea\\\/#breadcrumb\",\"itemListElement\":[{\"@type\":\"ListItem\",\"position\":1,\"name\":\"Home\",\"item\":\"https:\\\/\\\/www.balnea.ca\\\/en\\\/\"},{\"@type\":\"ListItem\",\"position\":2,\"name\":\"A larger than life project in the heart of nature\"}]},{\"@type\":\"WebSite\",\"@id\":\"https:\\\/\\\/www.balnea.ca\\\/en\\\/#website\",\"url\":\"https:\\\/\\\/www.balnea.ca\\\/en\\\/\",\"name\":\"Balnea\",\"description\":\"Spa + r\u00e9serve thermale\",\"potentialAction\":[{\"@type\":\"SearchAction\",\"target\":{\"@type\":\"EntryPoint\",\"urlTemplate\":\"https:\\\/\\\/www.balnea.ca\\\/en\\\/?s={search_term_string}\"},\"query-input\":{\"@type\":\"PropertyValueSpecification\",\"valueRequired\":true,\"valueName\":\"search_term_string\"}}],\"inLanguage\":\"en-US\"}]}<\/script>\n<!-- \/ Yoast SEO plugin. -->","yoast_head_json":{"title":"BALNEA : Planifiez votre visite","description":"Passez l'\u00e9t\u00e9 en nature au BALNEA spa + r\u00e9serve thermale. Profitez de l'exp\u00e9rience thermale, avec un soin en massoth\u00e9rapie ou en esth\u00e9tique.","robots":{"index":"index","follow":"follow","max-snippet":"max-snippet:-1","max-image-preview":"max-image-preview:large","max-video-preview":"max-video-preview:-1"},"canonical":"https:\/\/www.balnea.ca\/en\/projetbalnea\/","og_locale":"en_US","og_type":"article","og_title":"BALNEA spa + r\u00e9serve thermale, massages et soins","og_description":"Consultez nos promotions en cours ! BALNEA r\u00e9invente l\u2019art de la d\u00e9tente en conviant tous les sens \u00e0 vivre une exp\u00e9rience renversante.","og_url":"https:\/\/www.balnea.ca\/en\/projetbalnea\/","og_site_name":"Balnea","article_modified_time":"2025-04-23T18:15:00+00:00","og_image":[{"width":1200,"height":630,"url":"https:\/\/www.balnea.ca\/wp-content\/uploads\/2018\/11\/promotions_og.jpg","type":"image\/jpeg"}],"twitter_card":"summary_large_image","twitter_title":"BALNEA spa + r\u00e9serve thermale, massages et soins","twitter_description":"Consultez nos promotions en cours ! BALNEA r\u00e9invente l\u2019art de la d\u00e9tente en conviant tous les sens \u00e0 vivre une exp\u00e9rience renversante.","twitter_image":"https:\/\/www.balnea.ca\/wp-content\/uploads\/2018\/11\/accueil_twitter.jpg","twitter_misc":{"Est. reading time":"3 minutes"},"schema":{"@context":"https:\/\/schema.org","@graph":[{"@type":"WebPage","@id":"https:\/\/www.balnea.ca\/en\/projetbalnea\/","url":"https:\/\/www.balnea.ca\/en\/projetbalnea\/","name":"BALNEA : Planifiez votre visite","isPartOf":{"@id":"https:\/\/www.balnea.ca\/en\/#website"},"primaryImageOfPage":{"@id":"https:\/\/www.balnea.ca\/en\/projetbalnea\/#primaryimage"},"image":{"@id":"https:\/\/www.balnea.ca\/en\/projetbalnea\/#primaryimage"},"thumbnailUrl":"https:\/\/www.balnea.ca\/wp-content\/uploads\/2024\/07\/Balnea_Header_1930x800_Projet_3.jpg","datePublished":"2024-07-19T14:05:15+00:00","dateModified":"2025-04-23T18:15:00+00:00","description":"Passez l'\u00e9t\u00e9 en nature au BALNEA spa + r\u00e9serve thermale. Profitez de l'exp\u00e9rience thermale, avec un soin en massoth\u00e9rapie ou en esth\u00e9tique.","breadcrumb":{"@id":"https:\/\/www.balnea.ca\/en\/projetbalnea\/#breadcrumb"},"inLanguage":"en-US","potentialAction":[{"@type":"ReadAction","target":["https:\/\/www.balnea.ca\/en\/projetbalnea\/"]}]},{"@type":"ImageObject","inLanguage":"en-US","@id":"https:\/\/www.balnea.ca\/en\/projetbalnea\/#primaryimage","url":"https:\/\/www.balnea.ca\/wp-content\/uploads\/2024\/07\/Balnea_Header_1930x800_Projet_3.jpg","contentUrl":"https:\/\/www.balnea.ca\/wp-content\/uploads\/2024\/07\/Balnea_Header_1930x800_Projet_3.jpg","width":1930,"height":800},{"@type":"BreadcrumbList","@id":"https:\/\/www.balnea.ca\/en\/projetbalnea\/#breadcrumb","itemListElement":[{"@type":"ListItem","position":1,"name":"Home","item":"https:\/\/www.balnea.ca\/en\/"},{"@type":"ListItem","position":2,"name":"A larger than life project in the heart of nature"}]},{"@type":"WebSite","@id":"https:\/\/www.balnea.ca\/en\/#website","url":"https:\/\/www.balnea.ca\/en\/","name":"Balnea","description":"Spa + r\u00e9serve thermale","potentialAction":[{"@type":"SearchAction","target":{"@type":"EntryPoint","urlTemplate":"https:\/\/www.balnea.ca\/en\/?s={search_term_string}"},"query-input":{"@type":"PropertyValueSpecification","valueRequired":true,"valueName":"search_term_string"}}],"inLanguage":"en-US"}]}},"_links":{"self":[{"href":"https:\/\/www.balnea.ca\/en\/wp-json\/wp\/v2\/pages\/482632","targetHints":{"allow":["GET"]}}],"collection":[{"href":"https:\/\/www.balnea.ca\/en\/wp-json\/wp\/v2\/pages"}],"about":[{"href":"https:\/\/www.balnea.ca\/en\/wp-json\/wp\/v2\/types\/page"}],"author":[{"embeddable":true,"href":"https:\/\/www.balnea.ca\/en\/wp-json\/wp\/v2\/users\/2341"}],"replies":[{"embeddable":true,"href":"https:\/\/www.balnea.ca\/en\/wp-json\/wp\/v2\/comments?post=482632"}],"version-history":[{"count":5,"href":"https:\/\/www.balnea.ca\/en\/wp-json\/wp\/v2\/pages\/482632\/revisions"}],"predecessor-version":[{"id":533246,"href":"https:\/\/www.balnea.ca\/en\/wp-json\/wp\/v2\/pages\/482632\/revisions\/533246"}],"wp:featuredmedia":[{"embeddable":true,"href":"https:\/\/www.balnea.ca\/en\/wp-json\/wp\/v2\/media\/482220"}],"wp:attachment":[{"href":"https:\/\/www.balnea.ca\/en\/wp-json\/wp\/v2\/media?parent=482632"}],"curies":[{"name":"wp","href":"https:\/\/api.w.org\/{rel}","templated":true}]}}