{"id":4994,"date":"2018-10-19T15:30:18","date_gmt":"2018-10-19T15:30:18","guid":{"rendered":"http:\/\/dev.balnea.ca\/hebergement\/"},"modified":"2026-03-04T10:16:23","modified_gmt":"2026-03-04T15:16:23","slug":"hebergement","status":"publish","type":"page","link":"https:\/\/www.balnea.ca\/en\/hebergement\/","title":{"rendered":"H\u00e9bergement"},"content":{"rendered":"<div  class=\"one withsmallpadding ppb_text\" style=\"font-size:18px;text-align:center;padding:70px 0 70px 0;\" >\n<div class=\"standard_wrapper\">\n<div class=\"page_content_wrapper wide\">\n<div class=\"inner\">\n<div style=\"margin:auto;width:60%\">\n<p>Are you visiting the region and looking to enhance your spa experience with an overnight stay at a nearby hotel? What a great idea!<\/p>\n<p>The following hotels offer various packages that include accommodations and a visit to the spa. For more details about the available packages or to purchase one, please contact them directly. They are responsible for coordinating with us regarding your reservation at BALNEA.<\/p>\n<\/div>\n<\/div>\n<\/div>\n<\/div>\n<\/div>\n<div  class=\"one ppb_card_two_cols_with_image\" style=\"position:relative;padding:40px 0 40px 0;\" >\n<div class=\"standard_wrapper\">\n<div class=\"page_content_wrapper wide\">\n<div class=\"inner\">\n<div class=\"one_half parallax_scroll parallax_text\" style=\"width:40%;position:absolute;padding:40px;z-index:2;block !important;background:#fff;\" data-stellar-ratio=\"1.3\">\n<h2 class=\"ppb_title\" style=\"\">Beatnik hotel<\/h2>\n<div class=\"ppb_header_content\">\n<p>The Beatnik H\u00f4tel, a neighbor of BALNEA, offers a one-of-a-kind experience that is both distinctive and welcoming, in perfect harmony with the exceptional nature that surrounds it.<\/p>\n<p class=\"link box corner\"><a href=\"https:\/\/beatnikhotel.com\/\"><\/a><\/p>\n<p> <span><\/p>\n<\/div>\n<\/div>\n<div class=\"one_half parallax_scroll_image last\" style=\"width:65%;\">\n<div class=\"image_classic_frame expand\">\n<div class=\"image_wrapper\"><img decoding=\"async\" src=\"https:\/\/www.balnea.ca\/wp-content\/uploads\/2026\/03\/Design-sans-titre-96.jpg\" alt=\"\" class=\"portfolio_img\"\/><\/div>\n<\/div>\n<\/div>\n<p><br class=\"clear\"\/><\/div>\n<\/div>\n<\/div>\n<\/div>\n<\/div>\n<div  class=\"one ppb_card_two_cols_with_image\" style=\"position:relative;padding:40px 0 40px 0;\" >\n<div class=\"standard_wrapper\">\n<div class=\"page_content_wrapper wide\">\n<div class=\"inner\">\n<div class=\"one_half parallax_scroll_image\" style=\"width:65%;\">\n<div class=\"image_classic_frame expand\">\n<div class=\"image_wrapper\"><img decoding=\"async\" src=\"https:\/\/www.balnea.ca\/wp-content\/uploads\/2018\/12\/Le-pleasant-m1.jpg\" alt=\"\" class=\"portfolio_img\"\/><\/div>\n<\/div>\n<\/div>\n<div class=\"one_half last parallax_scroll parallax_text\" style=\"width:40%;position:absolute;padding:40px;background:#fff;\" data-stellar-ratio=\"1.3\">\n<h2 class=\"ppb_title\" style=\"\">Le pleasant h\u00f4tel + caf\u00e9<\/h2>\n<div class=\"ppb_header_content\">\n<p>Intriguing with its authentic d\u00e9cor and exclusive design, the Pleasant H\u00f4tel &#038; Caf\u00e9, located in Sutton, delights and captivates!<\/p>\n<p class=\"link box corner\"><a href=\"https:\/\/www.lepleasant.com\/sejours-signature\"><\/a><\/p>\n<p><span><\/p>\n<\/div>\n<\/div>\n<p><br class=\"clear\"\/><\/div>\n<\/div>\n<\/div>\n<\/div>\n<\/div>\n<div  class=\"one ppb_card_two_cols_with_image\" style=\"position:relative;padding:40px 0 40px 0;\" >\n<div class=\"standard_wrapper\">\n<div class=\"page_content_wrapper wide\">\n<div class=\"inner\">\n<div class=\"one_half parallax_scroll parallax_text\" style=\"width:40%;position:absolute;padding:40px;z-index:2;block !important;background:#fff;\" data-stellar-ratio=\"1.3\">\n<h2 class=\"ppb_title\" style=\"\">Residence Inn par Marriott Bromont <\/h2>\n<div class=\"ppb_header_content\">\n<p>Nestled at the foot of Mont Bromont, the Residence Inn by Marriott Bromont is the region\u2019s only true \u201cski-in, ski-out\u201d hotel, offering direct access to hiking and biking trails.<\/p>\n<p class=\"link box corner\"><a href=\"https:\/\/www.marriott.com\/fr\/hotels\/yulrb-residence-inn-bromont\/overview\/\"><\/a><\/p>\n<p><span><\/p>\n<\/div>\n<\/div>\n<div class=\"one_half parallax_scroll_image last\" style=\"width:65%;\">\n<div class=\"image_classic_frame expand\">\n<div class=\"image_wrapper\"><img decoding=\"async\" src=\"https:\/\/www.balnea.ca\/wp-content\/uploads\/2026\/03\/Design-sans-titre-97.jpg\" alt=\"\" class=\"portfolio_img\"\/><\/div>\n<\/div>\n<\/div>\n<p><br class=\"clear\"\/><\/div>\n<\/div>\n<\/div>\n<\/div>\n<\/div>\n","protected":false},"excerpt":{"rendered":"<p>Are you visiting the region and looking to enhance your spa experience with an overnight stay at a nearby hotel? What a great idea! The following hotels offer various packages that include accommodations and a visit to the spa. For [&hellip;]<\/p>\n","protected":false},"author":2341,"featured_media":1342,"parent":0,"menu_order":0,"comment_status":"closed","ping_status":"closed","template":"","meta":{"_acf_changed":false,"footnotes":""},"class_list":["post-4994","page","type-page","status-publish","has-post-thumbnail","hentry"],"acf":[],"yoast_head":"<!-- This site is optimized with the Yoast SEO plugin v27.1.1 - https:\/\/yoast.com\/product\/yoast-seo-wordpress\/ -->\n<title>H\u00e9bergement | BALNEA<\/title>\n<meta name=\"description\" content=\"Prolongez votre s\u00e9jour et votre exp\u00e9rience bien-\u00eatre avec un forfait h\u00e9bergement \u00e0 Bromont. Contactez nos h\u00f4teliers pour conna\u00eetre leurs offres.\" \/>\n<meta name=\"robots\" content=\"index, follow, max-snippet:-1, max-image-preview:large, max-video-preview:-1\" \/>\n<link rel=\"canonical\" href=\"https:\/\/www.balnea.ca\/en\/hebergement\/\" \/>\n<meta property=\"og:locale\" content=\"en_US\" \/>\n<meta property=\"og:type\" content=\"article\" \/>\n<meta property=\"og:title\" content=\"H\u00e9bergement | Balnea\" \/>\n<meta property=\"og:description\" content=\"Planifiez votre s\u00e9jour ! Contactez les h\u00f4teliers de la r\u00e9gion pour conna\u00eetre les diff\u00e9rentes disponibilit\u00e9s et forfaits offerts.\" \/>\n<meta property=\"og:url\" content=\"https:\/\/www.balnea.ca\/en\/hebergement\/\" \/>\n<meta property=\"og:site_name\" content=\"Balnea\" \/>\n<meta property=\"article:modified_time\" content=\"2026-03-04T15:16:23+00:00\" \/>\n<meta property=\"og:image\" content=\"https:\/\/www.balnea.ca\/wp-content\/uploads\/2018\/11\/fb-reservation.jpg\" \/>\n\t<meta property=\"og:image:width\" content=\"1200\" \/>\n\t<meta property=\"og:image:height\" content=\"630\" \/>\n\t<meta property=\"og:image:type\" content=\"image\/jpeg\" \/>\n<meta name=\"twitter:card\" content=\"summary_large_image\" \/>\n<meta name=\"twitter:title\" content=\"H\u00e9bergement | Balnea\" \/>\n<meta name=\"twitter:description\" content=\"Planifiez votre s\u00e9jour ! Contactez les h\u00f4teliers de la r\u00e9gion pour conna\u00eetre les diff\u00e9rentes disponibilit\u00e9s et forfaits offerts.\" \/>\n<meta name=\"twitter:image\" content=\"https:\/\/www.balnea.ca\/wp-content\/uploads\/2018\/11\/accueil_twitter.jpg\" \/>\n<meta name=\"twitter:label1\" content=\"Est. reading time\" \/>\n\t<meta name=\"twitter:data1\" content=\"1 minute\" \/>\n<script type=\"application\/ld+json\" class=\"yoast-schema-graph\">{\"@context\":\"https:\/\/schema.org\",\"@graph\":[{\"@type\":\"WebPage\",\"@id\":\"https:\/\/www.balnea.ca\/en\/hebergement\/\",\"url\":\"https:\/\/www.balnea.ca\/en\/hebergement\/\",\"name\":\"H\u00e9bergement | BALNEA\",\"isPartOf\":{\"@id\":\"https:\/\/www.balnea.ca\/en\/#website\"},\"primaryImageOfPage\":{\"@id\":\"https:\/\/www.balnea.ca\/en\/hebergement\/#primaryimage\"},\"image\":{\"@id\":\"https:\/\/www.balnea.ca\/en\/hebergement\/#primaryimage\"},\"thumbnailUrl\":\"https:\/\/www.balnea.ca\/wp-content\/uploads\/2018\/09\/medias.jpg\",\"datePublished\":\"2018-10-19T15:30:18+00:00\",\"dateModified\":\"2026-03-04T15:16:23+00:00\",\"description\":\"Prolongez votre s\u00e9jour et votre exp\u00e9rience bien-\u00eatre avec un forfait h\u00e9bergement \u00e0 Bromont. Contactez nos h\u00f4teliers pour conna\u00eetre leurs offres.\",\"breadcrumb\":{\"@id\":\"https:\/\/www.balnea.ca\/en\/hebergement\/#breadcrumb\"},\"inLanguage\":\"en-US\",\"potentialAction\":[{\"@type\":\"ReadAction\",\"target\":[\"https:\/\/www.balnea.ca\/en\/hebergement\/\"]}]},{\"@type\":\"ImageObject\",\"inLanguage\":\"en-US\",\"@id\":\"https:\/\/www.balnea.ca\/en\/hebergement\/#primaryimage\",\"url\":\"https:\/\/www.balnea.ca\/wp-content\/uploads\/2018\/09\/medias.jpg\",\"contentUrl\":\"https:\/\/www.balnea.ca\/wp-content\/uploads\/2018\/09\/medias.jpg\",\"width\":1920,\"height\":1280},{\"@type\":\"BreadcrumbList\",\"@id\":\"https:\/\/www.balnea.ca\/en\/hebergement\/#breadcrumb\",\"itemListElement\":[{\"@type\":\"ListItem\",\"position\":1,\"name\":\"Home\",\"item\":\"https:\/\/www.balnea.ca\/en\/\"},{\"@type\":\"ListItem\",\"position\":2,\"name\":\"H\u00e9bergement\"}]},{\"@type\":\"WebSite\",\"@id\":\"https:\/\/www.balnea.ca\/en\/#website\",\"url\":\"https:\/\/www.balnea.ca\/en\/\",\"name\":\"Balnea\",\"description\":\"Spa + r\u00e9serve thermale\",\"potentialAction\":[{\"@type\":\"SearchAction\",\"target\":{\"@type\":\"EntryPoint\",\"urlTemplate\":\"https:\/\/www.balnea.ca\/en\/?s={search_term_string}\"},\"query-input\":{\"@type\":\"PropertyValueSpecification\",\"valueRequired\":true,\"valueName\":\"search_term_string\"}}],\"inLanguage\":\"en-US\"}]}<\/script>\n<!-- \/ Yoast SEO plugin. -->","yoast_head_json":{"title":"H\u00e9bergement | BALNEA","description":"Prolongez votre s\u00e9jour et votre exp\u00e9rience bien-\u00eatre avec un forfait h\u00e9bergement \u00e0 Bromont. Contactez nos h\u00f4teliers pour conna\u00eetre leurs offres.","robots":{"index":"index","follow":"follow","max-snippet":"max-snippet:-1","max-image-preview":"max-image-preview:large","max-video-preview":"max-video-preview:-1"},"canonical":"https:\/\/www.balnea.ca\/en\/hebergement\/","og_locale":"en_US","og_type":"article","og_title":"H\u00e9bergement | Balnea","og_description":"Planifiez votre s\u00e9jour ! Contactez les h\u00f4teliers de la r\u00e9gion pour conna\u00eetre les diff\u00e9rentes disponibilit\u00e9s et forfaits offerts.","og_url":"https:\/\/www.balnea.ca\/en\/hebergement\/","og_site_name":"Balnea","article_modified_time":"2026-03-04T15:16:23+00:00","og_image":[{"width":1200,"height":630,"url":"https:\/\/www.balnea.ca\/wp-content\/uploads\/2018\/11\/fb-reservation.jpg","type":"image\/jpeg"}],"twitter_card":"summary_large_image","twitter_title":"H\u00e9bergement | Balnea","twitter_description":"Planifiez votre s\u00e9jour ! Contactez les h\u00f4teliers de la r\u00e9gion pour conna\u00eetre les diff\u00e9rentes disponibilit\u00e9s et forfaits offerts.","twitter_image":"https:\/\/www.balnea.ca\/wp-content\/uploads\/2018\/11\/accueil_twitter.jpg","twitter_misc":{"Est. reading time":"1 minute"},"schema":{"@context":"https:\/\/schema.org","@graph":[{"@type":"WebPage","@id":"https:\/\/www.balnea.ca\/en\/hebergement\/","url":"https:\/\/www.balnea.ca\/en\/hebergement\/","name":"H\u00e9bergement | BALNEA","isPartOf":{"@id":"https:\/\/www.balnea.ca\/en\/#website"},"primaryImageOfPage":{"@id":"https:\/\/www.balnea.ca\/en\/hebergement\/#primaryimage"},"image":{"@id":"https:\/\/www.balnea.ca\/en\/hebergement\/#primaryimage"},"thumbnailUrl":"https:\/\/www.balnea.ca\/wp-content\/uploads\/2018\/09\/medias.jpg","datePublished":"2018-10-19T15:30:18+00:00","dateModified":"2026-03-04T15:16:23+00:00","description":"Prolongez votre s\u00e9jour et votre exp\u00e9rience bien-\u00eatre avec un forfait h\u00e9bergement \u00e0 Bromont. Contactez nos h\u00f4teliers pour conna\u00eetre leurs offres.","breadcrumb":{"@id":"https:\/\/www.balnea.ca\/en\/hebergement\/#breadcrumb"},"inLanguage":"en-US","potentialAction":[{"@type":"ReadAction","target":["https:\/\/www.balnea.ca\/en\/hebergement\/"]}]},{"@type":"ImageObject","inLanguage":"en-US","@id":"https:\/\/www.balnea.ca\/en\/hebergement\/#primaryimage","url":"https:\/\/www.balnea.ca\/wp-content\/uploads\/2018\/09\/medias.jpg","contentUrl":"https:\/\/www.balnea.ca\/wp-content\/uploads\/2018\/09\/medias.jpg","width":1920,"height":1280},{"@type":"BreadcrumbList","@id":"https:\/\/www.balnea.ca\/en\/hebergement\/#breadcrumb","itemListElement":[{"@type":"ListItem","position":1,"name":"Home","item":"https:\/\/www.balnea.ca\/en\/"},{"@type":"ListItem","position":2,"name":"H\u00e9bergement"}]},{"@type":"WebSite","@id":"https:\/\/www.balnea.ca\/en\/#website","url":"https:\/\/www.balnea.ca\/en\/","name":"Balnea","description":"Spa + r\u00e9serve thermale","potentialAction":[{"@type":"SearchAction","target":{"@type":"EntryPoint","urlTemplate":"https:\/\/www.balnea.ca\/en\/?s={search_term_string}"},"query-input":{"@type":"PropertyValueSpecification","valueRequired":true,"valueName":"search_term_string"}}],"inLanguage":"en-US"}]}},"_links":{"self":[{"href":"https:\/\/www.balnea.ca\/en\/wp-json\/wp\/v2\/pages\/4994","targetHints":{"allow":["GET"]}}],"collection":[{"href":"https:\/\/www.balnea.ca\/en\/wp-json\/wp\/v2\/pages"}],"about":[{"href":"https:\/\/www.balnea.ca\/en\/wp-json\/wp\/v2\/types\/page"}],"author":[{"embeddable":true,"href":"https:\/\/www.balnea.ca\/en\/wp-json\/wp\/v2\/users\/2341"}],"replies":[{"embeddable":true,"href":"https:\/\/www.balnea.ca\/en\/wp-json\/wp\/v2\/comments?post=4994"}],"version-history":[{"count":6,"href":"https:\/\/www.balnea.ca\/en\/wp-json\/wp\/v2\/pages\/4994\/revisions"}],"predecessor-version":[{"id":598130,"href":"https:\/\/www.balnea.ca\/en\/wp-json\/wp\/v2\/pages\/4994\/revisions\/598130"}],"wp:featuredmedia":[{"embeddable":true,"href":"https:\/\/www.balnea.ca\/en\/wp-json\/wp\/v2\/media\/1342"}],"wp:attachment":[{"href":"https:\/\/www.balnea.ca\/en\/wp-json\/wp\/v2\/media?parent=4994"}],"curies":[{"name":"wp","href":"https:\/\/api.w.org\/{rel}","templated":true}]}}