{"id":521073,"date":"2025-01-21T14:20:30","date_gmt":"2025-01-21T19:20:30","guid":{"rendered":"https:\/\/www.balnea.ca\/?page_id=521073"},"modified":"2026-02-10T13:04:07","modified_gmt":"2026-02-10T18:04:07","slug":"prendre-le-temps","status":"publish","type":"page","link":"https:\/\/www.balnea.ca\/en\/prendre-le-temps\/","title":{"rendered":"Making time to be together"},"content":{"rendered":"<div class=\"divider one\">&nbsp;<\/div>\n<div  class=\"one withsmallpadding ppb_text\" style=\"text-align:center;padding:0px 0 0px 0;\" >\n<div class=\"standard_wrapper\">\n<div class=\"page_content_wrapper wide\">\n<div class=\"inner\">\n<div style=\"margin:auto;width:60%\">\n<h1>2 options to guarantee<br \/>\nyour access to the site<\/h1>\n<p>Avoid stress and long lines by choosing reserved access.<br \/>\nValentine&rsquo;s Day weekend can be particularly busy.<\/p>\n<p><span style=\"color: #ff0000;\">Please note that we are no longer accepting reservations for Saturday, February 14. You are welcome to visit without a reservation, however, please expect a waiting time upon arrival.<\/span><\/p>\n<\/div>\n<\/div>\n<\/div>\n<\/div>\n<\/div>\n<div class=\"divider one\">&nbsp;<\/div>\n<div class=\"standard_wrapper\">\n<div  class=\"ppb_image_boxed one_half\" style=\"margin-top:30px;color:#7c7c7c;\" >\n<div class=\"page_content_wrapper wide\">\n<div class=\"inner\">\n<div class=\"image_boxed_wrapper theme_radius\" style=\"text-align:center;>&#8220;>\n<div class=\"image_boxed_content\" style=\"padding:40px;\">\n<p><img loading=\"lazy\" decoding=\"async\" class=\"aligncenter size-full wp-image-3411\" src=\"https:\/\/www.balnea.ca\/wp-content\/uploads\/2024\/07\/telechargement.png\" alt=\"\" width=\"60\" height=\"60\" \/><\/p>\n<h2><strong>By booking a<br \/>\nthermal experience\u00a0<\/strong><\/h2>\n<p><em>Price based on the<a href=\"https:\/\/www.balnea.ca\/en\/e-ticket\/\" target=\"_blank\" rel=\"noopener\"><span style=\"text-decoration: underline;\"><span style=\"color: #00acd4;\"><strong> e-ticket calendar<\/strong><\/span><\/span><\/a><\/em><\/p>\n<p><a class=\"button small \" onclick=\"window.open('https:\/\/www.balnea.ca\/en\/e-ticket\/', '_self')\">Book access<\/a>\n<\/div>\n<\/div>\n<\/div>\n<\/div>\n<\/div>\n<\/div>\n<div class=\"standard_wrapper\">\n<div  class=\"ppb_image_boxed one_half last\" style=\"margin-top:30px;color:#7c7c7c;\" >\n<div class=\"page_content_wrapper wide\">\n<div class=\"inner\">\n<div class=\"image_boxed_wrapper theme_radius\" style=\"text-align:center;>&#8220;>\n<div class=\"image_boxed_content\" style=\"padding:40px;\">\n<p><img loading=\"lazy\" decoding=\"async\" class=\"aligncenter size-full wp-image-3411\" src=\"https:\/\/www.balnea.ca\/wp-content\/uploads\/2025\/01\/53781.png\" alt=\"\" width=\"60\" height=\"60\" \/><\/p>\n<h2><strong>By booking a<br \/>\ntreatment package <\/strong><\/h2>\n<p><em>Contact us at 1 866 734-2110<\/em><\/p>\n<p><a class=\"button small \" onclick=\"window.open('https:\/\/www.balnea.ca\/en\/contact\/', '_self')\">Discover our treatment packages<\/a>\n<\/div>\n<\/div>\n<\/div>\n<\/div>\n<\/div>\n<\/div>\n<div class=\"divider one\">&nbsp;<\/div>\n<div  class=\"one withsmallpadding ppb_text\" style=\"text-align:center;padding:0px 0 0px 0;color:#7c7c7c !important;margin-top:40px;margin-bottom:10px;\" >\n<div class=\"standard_wrapper\">\n<div class=\"page_content_wrapper wide\">\n<div class=\"inner\">\n<div style=\"margin:auto;width:60%\">\n<h1>Surrender<\/h1>\n<p>Discover our range of gift cards and personalized packages<\/p>\n<\/div>\n<\/div>\n<\/div>\n<\/div>\n<\/div>\n<div class=\"standard_wrapper\">\n<div  class=\"ppb_image_boxed one_third\" style=\"\" >\n<div class=\"page_content_wrapper wide\">\n<div class=\"inner\">\n<div class=\"image_boxed_wrapper theme_radius\" style=\"text-align:center;>&#8220;><img decoding=\"async\" src=\"https:\/\/www.balnea.ca\/wp-content\/uploads\/2025\/02\/Bloc-bas-de-page-2.png\" alt=\"\"\/>\n<div class=\"image_boxed_content\" style=\"padding:40px;\">\n<h3>Thermal experience<\/h3>\n<p>Full access to the Reserve and Thermal experience, including a bathrobe, towels and digital locker.<\/p>\n<h3><span style=\"color: #00acd4;\">$100 + tx.<\/span><\/h3>\n<div class=\"quantity_product_btn\"><input type=\"number\" id=\"quantity_p_3661\" class=\"balnea_ajax_qty balnea_qty_js input-text qty text\" name=\"quantity\" value=\"1\" title=\"Qt\u00e9\" size=\"4\" min=\"1\" max=\"\" step=\"1\" placeholder=\"\" inputmode=\"numeric\" autocomplete=\"off\"><a rel=\"nofollow\" href=\"\/wp-admin\/post.php?add-to-cart=3661\" data-quantity=\"1\" data-product_id=\"3661\" data-product_sku=\"S1\" class=\"button balnea_product_btn balnea_product_qty_js product_type_simple add_to_cart_button ajax_add_to_cart \">ADD TO CART<\/a><span style=\"height: 1px;\" class=\"added_to_cart_msg hide\"><\/span> <\/div>\n<\/div>\n<\/div>\n<\/div>\n<\/div>\n<\/div>\n<\/div>\n<div class=\"standard_wrapper\">\n<div  class=\"ppb_image_boxed one_third\" style=\"\" >\n<div class=\"page_content_wrapper wide\">\n<div class=\"inner\">\n<div class=\"image_boxed_wrapper theme_radius\" style=\"text-align:center;>&#8220;><img decoding=\"async\" src=\"https:\/\/www.balnea.ca\/wp-content\/uploads\/2025\/02\/Bloc-bas-de-page-3.png\" alt=\"\"\/>\n<div class=\"image_boxed_content\" style=\"padding:40px;\">\n<h3>LUMINA<\/h3>\n<p>A one-hour facial treatment of your choice and full access to the reserve and thermal experience.<\/p>\n<h3><span style=\"color: #00acd4;\">$230 + tx.<\/span><\/h3>\n<div class=\"quantity_product_btn\"><input type=\"number\" id=\"quantity_p_129953\" class=\"balnea_ajax_qty balnea_qty_js input-text qty text\" name=\"quantity\" value=\"1\" title=\"Qt\u00e9\" size=\"4\" min=\"1\" max=\"\" step=\"1\" placeholder=\"\" inputmode=\"numeric\" autocomplete=\"off\"><a rel=\"nofollow\" href=\"\/wp-admin\/post.php?add-to-cart=129953\" data-quantity=\"1\" data-product_id=\"129953\" data-product_sku=\"S01\" class=\"button balnea_product_btn balnea_product_qty_js product_type_simple add_to_cart_button ajax_add_to_cart \">ADD TO CART<\/a><span style=\"height: 1px;\" class=\"added_to_cart_msg hide\"><\/span> <\/div>\n<\/div>\n<\/div>\n<\/div>\n<\/div>\n<\/div>\n<\/div>\n<div class=\"standard_wrapper\">\n<div  class=\"ppb_image_boxed one_third last\" style=\"\" >\n<div class=\"page_content_wrapper wide\">\n<div class=\"inner\">\n<div class=\"image_boxed_wrapper theme_radius\" style=\"text-align:center;>&#8220;><img decoding=\"async\" src=\"https:\/\/www.balnea.ca\/wp-content\/uploads\/2025\/02\/Bloc-bas-de-page-1.png\" alt=\"\"\/>\n<div class=\"image_boxed_content\" style=\"padding:40px;\">\n<h3>Agur package<\/h3>\n<p>A massage of your choice (swedish, relaxation or therapeutic) and full access to the reserve and the Thermal experience.<\/p>\n<h3><span style=\"color: #00acd4;\">$230 + tx.<\/span><\/h3>\n<div class=\"quantity_product_btn\"><input type=\"number\" id=\"quantity_p_140627\" class=\"balnea_ajax_qty balnea_qty_js input-text qty text\" name=\"quantity\" value=\"1\" title=\"Qt\u00e9\" size=\"4\" min=\"1\" max=\"\" step=\"1\" placeholder=\"\" inputmode=\"numeric\" autocomplete=\"off\"><a rel=\"nofollow\" href=\"https:\/\/www.balnea.ca\/en\/product\/agur-balnea-bulles-love\/\" data-quantity=\"1\" data-product_id=\"140627\" data-product_sku=\"SM60BTA\" class=\"button balnea_product_btn balnea_product_qty_js product_type_variable add_to_cart_button \">ADD TO CART<\/a><span style=\"height: 1px;\" class=\"added_to_cart_msg hide\"><\/span> <\/div>\n<\/div>\n<\/div>\n<\/div>\n<\/div>\n<\/div>\n<\/div>\n<div class=\"divider one\">&nbsp;<\/div>\n<div  class=\"one ppb_boxed_text_button\" style=\"margin-top:40px;margin-bottom:40px;\" >\n<div class=\"ppb_boxed_text_button_wrapper\" style=\"background-color:;\"><a href=\"\/?product_cat=packages\" class=\"button\" style=\"background-color:#00add4;border-color:#00add4;\">Discover our lover&#039;s packages<\/a><\/div>\n<\/div>\n<div  class=\"one ppb_card_two_cols_with_image\" style=\"position:relative;padding:40px 0 40px 0;\" >\n<div class=\"standard_wrapper\">\n<div class=\"page_content_wrapper wide\">\n<div class=\"inner\">\n<div class=\"one_half parallax_scroll parallax_text\" style=\"width:40%;position:absolute;padding:40px;z-index:2;block !important;background:#fff;\" data-stellar-ratio=\"1.3\">\n<h2 class=\"ppb_title\" style=\"\">Flavors meant to be shared<\/h2>\n<div class=\"ppb_header_content\">\n<p>Enjoy a meal at LUMAMI and add the Lovestruck:\u00a0 a decadent dessert to share, accompanied by two glasses of bubbles, all for $25.*<\/p>\n<p>*This price is in addition to the cost of the 2 dishes selected from the regular menu. Valid from February 13th to 15th.<\/p>\n<p><a class=\"button small \" onclick=\"window.open('https:\/\/www.balnea.ca\/en\/menu-lumami\/', '_self')\">Discover the menu<\/a>\n<\/div>\n<\/div>\n<div class=\"one_half parallax_scroll_image last\" style=\"width:65%;\">\n<div class=\"image_classic_frame expand\">\n<div class=\"image_wrapper\"><img decoding=\"async\" src=\"https:\/\/www.balnea.ca\/wp-content\/uploads\/2024\/02\/IMG_6881-scaled.jpg\" alt=\"\" class=\"portfolio_img\"\/><\/div>\n<\/div>\n<\/div>\n<p><br class=\"clear\"\/><\/div>\n<\/div>\n<\/div>\n<\/div>\n<\/div>\n<div class=\"divider one\">&nbsp;<\/div>\n","protected":false},"excerpt":{"rendered":"<p>&nbsp; 2 options to guarantee your access to the site Avoid stress and long lines by choosing reserved access. Valentine&rsquo;s Day weekend can be particularly busy. Please note that we are no longer accepting reservations for Saturday, February 14. You [&hellip;]<\/p>\n","protected":false},"author":2341,"featured_media":589949,"parent":0,"menu_order":3,"comment_status":"closed","ping_status":"closed","template":"","meta":{"_acf_changed":false,"footnotes":""},"class_list":["post-521073","page","type-page","status-publish","has-post-thumbnail","hentry"],"acf":[],"yoast_head":"<!-- This site is optimized with the Yoast SEO plugin v27.5 - https:\/\/yoast.com\/product\/yoast-seo-wordpress\/ -->\n<title>BALNEA : Silence is also an act of presence<\/title>\n<meta name=\"description\" content=\"BALNEA propose un \u00e9ventail de promotions vous permettant de d\u00e9couvrir la r\u00e9serve thermale et le restaurant LUMAMI. D\u00e9couvrez nos offres d\u00e8s maintenant !\" \/>\n<meta name=\"robots\" content=\"index, follow, max-snippet:-1, max-image-preview:large, max-video-preview:-1\" \/>\n<link rel=\"canonical\" href=\"https:\/\/www.balnea.ca\/en\/prendre-le-temps\/\" \/>\n<meta property=\"og:locale\" content=\"en_US\" \/>\n<meta property=\"og:type\" content=\"article\" \/>\n<meta property=\"og:title\" content=\"BALNEA spa + r\u00e9serve thermale, massages et soins\" \/>\n<meta property=\"og:description\" content=\"Consultez nos promotions en cours ! BALNEA r\u00e9invente l\u2019art de la d\u00e9tente en conviant tous les sens \u00e0 vivre une exp\u00e9rience renversante.\" \/>\n<meta property=\"og:url\" content=\"https:\/\/www.balnea.ca\/en\/prendre-le-temps\/\" \/>\n<meta property=\"og:site_name\" content=\"Balnea\" \/>\n<meta property=\"article:modified_time\" content=\"2026-02-10T18:04:07+00:00\" \/>\n<meta property=\"og:image\" content=\"https:\/\/www.balnea.ca\/wp-content\/uploads\/2018\/11\/promotions_og.jpg\" \/>\n\t<meta property=\"og:image:width\" content=\"1200\" \/>\n\t<meta property=\"og:image:height\" content=\"630\" \/>\n\t<meta property=\"og:image:type\" content=\"image\/jpeg\" \/>\n<meta name=\"twitter:card\" content=\"summary_large_image\" \/>\n<meta name=\"twitter:title\" content=\"BALNEA spa + r\u00e9serve thermale, massages et soins\" \/>\n<meta name=\"twitter:description\" content=\"Consultez nos promotions en cours ! BALNEA r\u00e9invente l\u2019art de la d\u00e9tente en conviant tous les sens \u00e0 vivre une exp\u00e9rience renversante.\" \/>\n<meta name=\"twitter:image\" content=\"https:\/\/www.balnea.ca\/wp-content\/uploads\/2018\/11\/accueil_twitter.jpg\" \/>\n<meta name=\"twitter:label1\" content=\"Est. reading time\" \/>\n\t<meta name=\"twitter:data1\" content=\"3 minutes\" \/>\n<script type=\"application\/ld+json\" class=\"yoast-schema-graph\">{\"@context\":\"https:\\\/\\\/schema.org\",\"@graph\":[{\"@type\":\"WebPage\",\"@id\":\"https:\\\/\\\/www.balnea.ca\\\/en\\\/prendre-le-temps\\\/\",\"url\":\"https:\\\/\\\/www.balnea.ca\\\/en\\\/prendre-le-temps\\\/\",\"name\":\"BALNEA : Silence is also an act of presence\",\"isPartOf\":{\"@id\":\"https:\\\/\\\/www.balnea.ca\\\/en\\\/#website\"},\"primaryImageOfPage\":{\"@id\":\"https:\\\/\\\/www.balnea.ca\\\/en\\\/prendre-le-temps\\\/#primaryimage\"},\"image\":{\"@id\":\"https:\\\/\\\/www.balnea.ca\\\/en\\\/prendre-le-temps\\\/#primaryimage\"},\"thumbnailUrl\":\"https:\\\/\\\/www.balnea.ca\\\/wp-content\\\/uploads\\\/2026\\\/01\\\/Header_sejour_nature-1.jpg\",\"datePublished\":\"2025-01-21T19:20:30+00:00\",\"dateModified\":\"2026-02-10T18:04:07+00:00\",\"description\":\"BALNEA propose un \u00e9ventail de promotions vous permettant de d\u00e9couvrir la r\u00e9serve thermale et le restaurant LUMAMI. D\u00e9couvrez nos offres d\u00e8s maintenant !\",\"breadcrumb\":{\"@id\":\"https:\\\/\\\/www.balnea.ca\\\/en\\\/prendre-le-temps\\\/#breadcrumb\"},\"inLanguage\":\"en-US\",\"potentialAction\":[{\"@type\":\"ReadAction\",\"target\":[\"https:\\\/\\\/www.balnea.ca\\\/en\\\/prendre-le-temps\\\/\"]}]},{\"@type\":\"ImageObject\",\"inLanguage\":\"en-US\",\"@id\":\"https:\\\/\\\/www.balnea.ca\\\/en\\\/prendre-le-temps\\\/#primaryimage\",\"url\":\"https:\\\/\\\/www.balnea.ca\\\/wp-content\\\/uploads\\\/2026\\\/01\\\/Header_sejour_nature-1.jpg\",\"contentUrl\":\"https:\\\/\\\/www.balnea.ca\\\/wp-content\\\/uploads\\\/2026\\\/01\\\/Header_sejour_nature-1.jpg\",\"width\":1930,\"height\":800},{\"@type\":\"BreadcrumbList\",\"@id\":\"https:\\\/\\\/www.balnea.ca\\\/en\\\/prendre-le-temps\\\/#breadcrumb\",\"itemListElement\":[{\"@type\":\"ListItem\",\"position\":1,\"name\":\"Home\",\"item\":\"https:\\\/\\\/www.balnea.ca\\\/en\\\/\"},{\"@type\":\"ListItem\",\"position\":2,\"name\":\"Making time to be together\"}]},{\"@type\":\"WebSite\",\"@id\":\"https:\\\/\\\/www.balnea.ca\\\/en\\\/#website\",\"url\":\"https:\\\/\\\/www.balnea.ca\\\/en\\\/\",\"name\":\"Balnea\",\"description\":\"Spa + r\u00e9serve thermale\",\"potentialAction\":[{\"@type\":\"SearchAction\",\"target\":{\"@type\":\"EntryPoint\",\"urlTemplate\":\"https:\\\/\\\/www.balnea.ca\\\/en\\\/?s={search_term_string}\"},\"query-input\":{\"@type\":\"PropertyValueSpecification\",\"valueRequired\":true,\"valueName\":\"search_term_string\"}}],\"inLanguage\":\"en-US\"}]}<\/script>\n<!-- \/ Yoast SEO plugin. -->","yoast_head_json":{"title":"BALNEA : Silence is also an act of presence","description":"BALNEA propose un \u00e9ventail de promotions vous permettant de d\u00e9couvrir la r\u00e9serve thermale et le restaurant LUMAMI. D\u00e9couvrez nos offres d\u00e8s maintenant !","robots":{"index":"index","follow":"follow","max-snippet":"max-snippet:-1","max-image-preview":"max-image-preview:large","max-video-preview":"max-video-preview:-1"},"canonical":"https:\/\/www.balnea.ca\/en\/prendre-le-temps\/","og_locale":"en_US","og_type":"article","og_title":"BALNEA spa + r\u00e9serve thermale, massages et soins","og_description":"Consultez nos promotions en cours ! BALNEA r\u00e9invente l\u2019art de la d\u00e9tente en conviant tous les sens \u00e0 vivre une exp\u00e9rience renversante.","og_url":"https:\/\/www.balnea.ca\/en\/prendre-le-temps\/","og_site_name":"Balnea","article_modified_time":"2026-02-10T18:04:07+00:00","og_image":[{"width":1200,"height":630,"url":"https:\/\/www.balnea.ca\/wp-content\/uploads\/2018\/11\/promotions_og.jpg","type":"image\/jpeg"}],"twitter_card":"summary_large_image","twitter_title":"BALNEA spa + r\u00e9serve thermale, massages et soins","twitter_description":"Consultez nos promotions en cours ! BALNEA r\u00e9invente l\u2019art de la d\u00e9tente en conviant tous les sens \u00e0 vivre une exp\u00e9rience renversante.","twitter_image":"https:\/\/www.balnea.ca\/wp-content\/uploads\/2018\/11\/accueil_twitter.jpg","twitter_misc":{"Est. reading time":"3 minutes"},"schema":{"@context":"https:\/\/schema.org","@graph":[{"@type":"WebPage","@id":"https:\/\/www.balnea.ca\/en\/prendre-le-temps\/","url":"https:\/\/www.balnea.ca\/en\/prendre-le-temps\/","name":"BALNEA : Silence is also an act of presence","isPartOf":{"@id":"https:\/\/www.balnea.ca\/en\/#website"},"primaryImageOfPage":{"@id":"https:\/\/www.balnea.ca\/en\/prendre-le-temps\/#primaryimage"},"image":{"@id":"https:\/\/www.balnea.ca\/en\/prendre-le-temps\/#primaryimage"},"thumbnailUrl":"https:\/\/www.balnea.ca\/wp-content\/uploads\/2026\/01\/Header_sejour_nature-1.jpg","datePublished":"2025-01-21T19:20:30+00:00","dateModified":"2026-02-10T18:04:07+00:00","description":"BALNEA propose un \u00e9ventail de promotions vous permettant de d\u00e9couvrir la r\u00e9serve thermale et le restaurant LUMAMI. D\u00e9couvrez nos offres d\u00e8s maintenant !","breadcrumb":{"@id":"https:\/\/www.balnea.ca\/en\/prendre-le-temps\/#breadcrumb"},"inLanguage":"en-US","potentialAction":[{"@type":"ReadAction","target":["https:\/\/www.balnea.ca\/en\/prendre-le-temps\/"]}]},{"@type":"ImageObject","inLanguage":"en-US","@id":"https:\/\/www.balnea.ca\/en\/prendre-le-temps\/#primaryimage","url":"https:\/\/www.balnea.ca\/wp-content\/uploads\/2026\/01\/Header_sejour_nature-1.jpg","contentUrl":"https:\/\/www.balnea.ca\/wp-content\/uploads\/2026\/01\/Header_sejour_nature-1.jpg","width":1930,"height":800},{"@type":"BreadcrumbList","@id":"https:\/\/www.balnea.ca\/en\/prendre-le-temps\/#breadcrumb","itemListElement":[{"@type":"ListItem","position":1,"name":"Home","item":"https:\/\/www.balnea.ca\/en\/"},{"@type":"ListItem","position":2,"name":"Making time to be together"}]},{"@type":"WebSite","@id":"https:\/\/www.balnea.ca\/en\/#website","url":"https:\/\/www.balnea.ca\/en\/","name":"Balnea","description":"Spa + r\u00e9serve thermale","potentialAction":[{"@type":"SearchAction","target":{"@type":"EntryPoint","urlTemplate":"https:\/\/www.balnea.ca\/en\/?s={search_term_string}"},"query-input":{"@type":"PropertyValueSpecification","valueRequired":true,"valueName":"search_term_string"}}],"inLanguage":"en-US"}]}},"_links":{"self":[{"href":"https:\/\/www.balnea.ca\/en\/wp-json\/wp\/v2\/pages\/521073","targetHints":{"allow":["GET"]}}],"collection":[{"href":"https:\/\/www.balnea.ca\/en\/wp-json\/wp\/v2\/pages"}],"about":[{"href":"https:\/\/www.balnea.ca\/en\/wp-json\/wp\/v2\/types\/page"}],"author":[{"embeddable":true,"href":"https:\/\/www.balnea.ca\/en\/wp-json\/wp\/v2\/users\/2341"}],"replies":[{"embeddable":true,"href":"https:\/\/www.balnea.ca\/en\/wp-json\/wp\/v2\/comments?post=521073"}],"version-history":[{"count":5,"href":"https:\/\/www.balnea.ca\/en\/wp-json\/wp\/v2\/pages\/521073\/revisions"}],"predecessor-version":[{"id":593619,"href":"https:\/\/www.balnea.ca\/en\/wp-json\/wp\/v2\/pages\/521073\/revisions\/593619"}],"wp:featuredmedia":[{"embeddable":true,"href":"https:\/\/www.balnea.ca\/en\/wp-json\/wp\/v2\/media\/589949"}],"wp:attachment":[{"href":"https:\/\/www.balnea.ca\/en\/wp-json\/wp\/v2\/media?parent=521073"}],"curies":[{"name":"wp","href":"https:\/\/api.w.org\/{rel}","templated":true}]}}