{"id":559672,"date":"2025-10-09T15:36:20","date_gmt":"2025-10-09T19:36:20","guid":{"rendered":"https:\/\/www.balnea.ca\/?page_id=559672"},"modified":"2025-10-15T11:24:57","modified_gmt":"2025-10-15T15:24:57","slug":"20-ans","status":"publish","type":"page","link":"https:\/\/www.balnea.ca\/en\/20-ans\/","title":{"rendered":"A 20-Year Journey of Expanding the Horizons of Well-Being"},"content":{"rendered":"<div class=\"divider one\">&nbsp;<\/div>\n<div  class=\"one withsmallpadding ppb_text\" style=\"font-size:18px;text-align:center;padding:70px 0 70px 0;\" >\n<div class=\"standard_wrapper\">\n<div class=\"page_content_wrapper wide\">\n<div class=\"inner\">\n<div style=\"margin:auto;width:60%\">\n<p>BALNEA spa + thermal reserve is celebrating its 20th anniversary. Since its opening, BALNEA has redefined the spa experience by placing it at the heart of nature, notably with the breathtaking view that can be admired from its facilities. Dive below into the key moments that have marked two decades of innovation and relaxation.<\/p>\n<\/div>\n<\/div>\n<\/div>\n<\/div>\n<\/div>\n<div class=\"divider one\">&nbsp;<\/div>\n<div class=\"standard_wrapper\">\n<div  class=\"ppb_image_boxed one_half\" style=\"\" >\n<div class=\"page_content_wrapper wide\">\n<div class=\"inner\">\n<div class=\"image_boxed_wrapper theme_radius\" style=\"text-align:center;>&#8220;><img decoding=\"async\" src=\"https:\/\/www.balnea.ca\/wp-content\/uploads\/2025\/09\/BALNEA_20e_2025_4.jpg\" alt=\"\"\/>\n<div class=\"image_boxed_content\" style=\"padding:40px;\">\n<h3>2005<\/h3>\n<p>In October 2005, after more than a year and a half of construction, BALNEA spa + thermal reserve officially opened its doors! From the very beginning, it became the benchmark for day spas in Qu\u00e9bec.<\/p>\n<\/div>\n<\/div>\n<\/div>\n<\/div>\n<\/div>\n<\/div>\n<div class=\"standard_wrapper\">\n<div  class=\"ppb_image_boxed one_half last\" style=\"\" >\n<div class=\"page_content_wrapper wide\">\n<div class=\"inner\">\n<div class=\"image_boxed_wrapper theme_radius\" style=\"text-align:center;>&#8220;><img decoding=\"async\" src=\"https:\/\/www.balnea.ca\/wp-content\/uploads\/2025\/09\/BALNEA_20e_2025_18.jpg\" alt=\"\"\/>\n<div class=\"image_boxed_content\" style=\"padding:40px;\">\n<h3>2011<\/h3>\n<p>BALNEA continues its mission to offer moments of well-being, this time by opening relaxation areas with massages and treatments at Montr\u00e9al\u2013Trudeau International Airport.<\/p>\n<\/div>\n<\/div>\n<\/div>\n<\/div>\n<\/div>\n<\/div>\n<div class=\"divider one\">&nbsp;<\/div>\n<div class=\"standard_wrapper\">\n<div  class=\"ppb_image_boxed one_half\" style=\"\" >\n<div class=\"page_content_wrapper wide\">\n<div class=\"inner\">\n<div class=\"image_boxed_wrapper theme_radius\" style=\"text-align:center;>&#8220;><img decoding=\"async\" src=\"https:\/\/www.balnea.ca\/wp-content\/uploads\/2025\/09\/BALNEA_20e_2025_7.jpg\" alt=\"\"\/>\n<div class=\"image_boxed_content\" style=\"padding:40px;\">\n<h3>2007 \u00e0 2013 <\/h3>\n<p>Multiplication of relaxation areas to create diverse spaces adapted to the seasons. This period saw the arrival of the Cin\u00e9spa, the Aquarium, the Winter Lounge, the Haven, the Lounge, the Beach Club, and the Moroccan Lounge.<\/p>\n<\/div>\n<\/div>\n<\/div>\n<\/div>\n<\/div>\n<\/div>\n<div class=\"standard_wrapper\">\n<div  class=\"ppb_image_boxed one_half last\" style=\"\" >\n<div class=\"page_content_wrapper wide\">\n<div class=\"inner\">\n<div class=\"image_boxed_wrapper theme_radius\" style=\"text-align:center;>&#8220;><img decoding=\"async\" src=\"https:\/\/www.balnea.ca\/wp-content\/uploads\/2025\/09\/BALNEA_20e_2025_9.jpg\" alt=\"\"\/>\n<div class=\"image_boxed_content\" style=\"padding:40px;\">\n<h3>2014<\/h3>\n<p>Inauguration of the new reception pavilion, a stilted building that blends delicately into the forest while serving as a central link between the site\u2019s existing structures.<\/p>\n<\/div>\n<\/div>\n<\/div>\n<\/div>\n<\/div>\n<\/div>\n<div class=\"divider one\">&nbsp;<\/div>\n<div class=\"standard_wrapper\">\n<div  class=\"ppb_image_boxed one_half\" style=\"\" >\n<div class=\"page_content_wrapper wide\">\n<div class=\"inner\">\n<div class=\"image_boxed_wrapper theme_radius\" style=\"text-align:center;>&#8220;><img decoding=\"async\" src=\"https:\/\/www.balnea.ca\/wp-content\/uploads\/2025\/09\/BALNEA_20e_2025_12.jpg\" alt=\"\"\/>\n<div class=\"image_boxed_content\" style=\"padding:40px;\">\n<h3>2015<\/h3>\n<p>BALNEA refines its culinary offering with nature-inspired cuisine and renames its restaurant after the fifth taste, LUMAMI. The menu features a selection of seasonal, colorful, and flavorful dishes.<\/p>\n<\/div>\n<\/div>\n<\/div>\n<\/div>\n<\/div>\n<\/div>\n<div class=\"standard_wrapper\">\n<div  class=\"ppb_image_boxed one_half last\" style=\"\" >\n<div class=\"page_content_wrapper wide\">\n<div class=\"inner\">\n<div class=\"image_boxed_wrapper theme_radius\" style=\"text-align:center;>&#8220;><img decoding=\"async\" src=\"https:\/\/www.balnea.ca\/wp-content\/uploads\/2025\/09\/BALNEA_20e_2025_11.jpg\" alt=\"\"\/>\n<div class=\"image_boxed_content\" style=\"padding:40px;\">\n<h3>2018<\/h3>\n<p>BALNEA adds entirely new outdoor spaces with the creation of the West Terrace. It features a brand-new eucalyptus hammam and a large hot bath overlooking the lake.<\/p>\n<\/div>\n<\/div>\n<\/div>\n<\/div>\n<\/div>\n<\/div>\n<div class=\"divider one\">&nbsp;<\/div>\n<div class=\"standard_wrapper\">\n<div  class=\"ppb_image_boxed one_half\" style=\"\" >\n<div class=\"page_content_wrapper wide\">\n<div class=\"inner\">\n<div class=\"image_boxed_wrapper theme_radius\" style=\"text-align:center;>&#8220;><img decoding=\"async\" src=\"https:\/\/www.balnea.ca\/wp-content\/uploads\/2025\/09\/BALNEA_20e_2025_17.jpg\" alt=\"\"\/>\n<div class=\"image_boxed_content\" style=\"padding:40px;\">\n<h3>2020<\/h3>\n<p>Located on the BALNEA site, the Beatnik H\u00f4tel welcomes travelers looking for a getaway in the region. The BALNEA team takes over the management of the hotel, with several projects planned for the future.<\/p>\n<\/div>\n<\/div>\n<\/div>\n<\/div>\n<\/div>\n<\/div>\n<div class=\"standard_wrapper\">\n<div  class=\"ppb_image_boxed one_half last\" style=\"\" >\n<div class=\"page_content_wrapper wide\">\n<div class=\"inner\">\n<div class=\"image_boxed_wrapper theme_radius\" style=\"text-align:center;>&#8220;><img decoding=\"async\" src=\"https:\/\/www.balnea.ca\/wp-content\/uploads\/2025\/09\/BALNEA_20e_2025_2.jpg\" alt=\"\"\/>\n<div class=\"image_boxed_content\" style=\"padding:40px;\">\n<h3>2023<\/h3>\n<p>Launch of a year-round microfarm with a winter greenhouse, providing the LUMAMI restaurant with fresh produce throughout the year.<\/p>\n<\/div>\n<\/div>\n<\/div>\n<\/div>\n<\/div>\n<\/div>\n<div class=\"divider one\">&nbsp;<\/div>\n<div class=\"standard_wrapper\">\n<div  class=\"ppb_image_boxed one_half\" style=\"\" >\n<div class=\"page_content_wrapper wide\">\n<div class=\"inner\">\n<div class=\"image_boxed_wrapper theme_radius\" style=\"text-align:center;>&#8220;><img decoding=\"async\" src=\"https:\/\/www.balnea.ca\/wp-content\/uploads\/2025\/09\/BALNEA_20e_2025_1.jpg\" alt=\"\"\/>\n<div class=\"image_boxed_content\" style=\"padding:40px;\">\n<h3>2024<\/h3>\n<p>Addition of a 70-foot-wide infinity whirlpool overlooking the nature reserve, as well as a fully glazed solar room with sand, heat, and light that follows the sun\u2019s cycle.<\/p>\n<\/div>\n<\/div>\n<\/div>\n<\/div>\n<\/div>\n<\/div>\n<div class=\"standard_wrapper\">\n<div  class=\"ppb_image_boxed one_half last\" style=\"\" >\n<div class=\"page_content_wrapper wide\">\n<div class=\"inner\">\n<div class=\"image_boxed_wrapper theme_radius\" style=\"text-align:center;>&#8220;><img decoding=\"async\" src=\"https:\/\/www.balnea.ca\/wp-content\/uploads\/2025\/09\/BALNEA_20e_2025_16.jpg\" alt=\"\"\/>\n<div class=\"image_boxed_content\" style=\"padding:40px;\">\n<h3>2025-26<\/h3>\n<p>Beatnik H\u00f4tel completes an ambitious project with the upgrade of its common areas and the addition of 24 new rooms, 15 of which will open by the end of the year.<\/p>\n<\/div>\n<\/div>\n<\/div>\n<\/div>\n<\/div>\n<\/div>\n<div class=\"divider one\">&nbsp;<\/div>\n<div  class=\"one ppb_card_two_cols_with_image\" style=\"position:relative;padding:40px 0 40px 0;\" >\n<div class=\"standard_wrapper\">\n<div class=\"page_content_wrapper wide\">\n<div class=\"inner\">\n<div class=\"one_half parallax_scroll parallax_text\" style=\"width:40%;position:absolute;padding:40px;z-index:2;block !important;background:#fff;\" data-stellar-ratio=\"1.3\">\n<h2 class=\"ppb_title\" style=\"\">Come celebrate with us<\/h2>\n<div class=\"ppb_header_content\">\n<p>From October 20 to 23, enjoy 20% off all types of thermal experiences. It\u2019s the perfect opportunity to plan a nature getaway and treat yourself to some rest.<\/p>\n<p><a class=\"button small \" onclick=\"window.open('https:\/\/www.balnea.ca\/e-billet\/', '_self')\">Book now<\/a>\n<\/div>\n<\/div>\n<div class=\"one_half parallax_scroll_image last\" style=\"width:65%;\">\n<div class=\"image_classic_frame expand\">\n<div class=\"image_wrapper\"><img decoding=\"async\" src=\"https:\/\/www.balnea.ca\/wp-content\/uploads\/2025\/09\/M1_820x496_automne2025_2.jpg\" alt=\"\" class=\"portfolio_img\"\/><\/div>\n<\/div>\n<\/div>\n<p><br class=\"clear\"\/><\/div>\n<\/div>\n<\/div>\n<\/div>\n<\/div>\n<div class=\"divider one\">&nbsp;<\/div>\n","protected":false},"excerpt":{"rendered":"<p>&nbsp; BALNEA spa + thermal reserve is celebrating its 20th anniversary. Since its opening, BALNEA has redefined the spa experience by placing it at the heart of nature, notably with the breathtaking view that can be admired from its facilities. [&hellip;]<\/p>\n","protected":false},"author":2341,"featured_media":555219,"parent":0,"menu_order":1,"comment_status":"closed","ping_status":"closed","template":"","meta":{"_acf_changed":false,"footnotes":""},"class_list":["post-559672","page","type-page","status-publish","has-post-thumbnail","hentry"],"acf":[],"yoast_head":"<!-- This site is optimized with the Yoast SEO plugin v27.3 - https:\/\/yoast.com\/product\/yoast-seo-wordpress\/ -->\n<title>A 20-Year Journey of Expanding the Horizons of Well-Being - Balnea<\/title>\n<meta name=\"description\" content=\"D\u00e9couvrez l&#039;histoire du BALNEA. De sa cr\u00e9ation \u00e0 aujourd&#039;hui !\" \/>\n<meta name=\"robots\" content=\"index, follow, max-snippet:-1, max-image-preview:large, max-video-preview:-1\" \/>\n<link rel=\"canonical\" href=\"https:\/\/www.balnea.ca\/en\/20-ans\/\" \/>\n<meta property=\"og:locale\" content=\"en_US\" \/>\n<meta property=\"og:type\" content=\"article\" \/>\n<meta property=\"og:title\" content=\"A 20-Year Journey of Expanding the Horizons of Well-Being - Balnea\" \/>\n<meta property=\"og:description\" content=\"D\u00e9couvrez l&#039;histoire du BALNEA. De sa cr\u00e9ation \u00e0 aujourd&#039;hui !\" \/>\n<meta property=\"og:url\" content=\"https:\/\/www.balnea.ca\/en\/20-ans\/\" \/>\n<meta property=\"og:site_name\" content=\"Balnea\" \/>\n<meta property=\"article:modified_time\" content=\"2025-10-15T15:24:57+00:00\" \/>\n<meta property=\"og:image\" content=\"https:\/\/www.balnea.ca\/wp-content\/uploads\/2025\/09\/Header_1930x800_automne2025_6.jpg\" \/>\n\t<meta property=\"og:image:width\" content=\"1930\" \/>\n\t<meta property=\"og:image:height\" content=\"800\" \/>\n\t<meta property=\"og:image:type\" content=\"image\/jpeg\" \/>\n<meta name=\"twitter:card\" content=\"summary_large_image\" \/>\n<meta name=\"twitter:label1\" content=\"Est. reading time\" \/>\n\t<meta name=\"twitter:data1\" content=\"3 minutes\" \/>\n<script type=\"application\/ld+json\" class=\"yoast-schema-graph\">{\"@context\":\"https:\\\/\\\/schema.org\",\"@graph\":[{\"@type\":\"WebPage\",\"@id\":\"https:\\\/\\\/www.balnea.ca\\\/en\\\/20-ans\\\/\",\"url\":\"https:\\\/\\\/www.balnea.ca\\\/en\\\/20-ans\\\/\",\"name\":\"A 20-Year Journey of Expanding the Horizons of Well-Being - Balnea\",\"isPartOf\":{\"@id\":\"https:\\\/\\\/www.balnea.ca\\\/en\\\/#website\"},\"primaryImageOfPage\":{\"@id\":\"https:\\\/\\\/www.balnea.ca\\\/en\\\/20-ans\\\/#primaryimage\"},\"image\":{\"@id\":\"https:\\\/\\\/www.balnea.ca\\\/en\\\/20-ans\\\/#primaryimage\"},\"thumbnailUrl\":\"https:\\\/\\\/www.balnea.ca\\\/wp-content\\\/uploads\\\/2025\\\/09\\\/Header_1930x800_automne2025_6.jpg\",\"datePublished\":\"2025-10-09T19:36:20+00:00\",\"dateModified\":\"2025-10-15T15:24:57+00:00\",\"description\":\"D\u00e9couvrez l'histoire du BALNEA. De sa cr\u00e9ation \u00e0 aujourd'hui !\",\"breadcrumb\":{\"@id\":\"https:\\\/\\\/www.balnea.ca\\\/en\\\/20-ans\\\/#breadcrumb\"},\"inLanguage\":\"en-US\",\"potentialAction\":[{\"@type\":\"ReadAction\",\"target\":[\"https:\\\/\\\/www.balnea.ca\\\/en\\\/20-ans\\\/\"]}]},{\"@type\":\"ImageObject\",\"inLanguage\":\"en-US\",\"@id\":\"https:\\\/\\\/www.balnea.ca\\\/en\\\/20-ans\\\/#primaryimage\",\"url\":\"https:\\\/\\\/www.balnea.ca\\\/wp-content\\\/uploads\\\/2025\\\/09\\\/Header_1930x800_automne2025_6.jpg\",\"contentUrl\":\"https:\\\/\\\/www.balnea.ca\\\/wp-content\\\/uploads\\\/2025\\\/09\\\/Header_1930x800_automne2025_6.jpg\",\"width\":1930,\"height\":800},{\"@type\":\"BreadcrumbList\",\"@id\":\"https:\\\/\\\/www.balnea.ca\\\/en\\\/20-ans\\\/#breadcrumb\",\"itemListElement\":[{\"@type\":\"ListItem\",\"position\":1,\"name\":\"Home\",\"item\":\"https:\\\/\\\/www.balnea.ca\\\/en\\\/\"},{\"@type\":\"ListItem\",\"position\":2,\"name\":\"A 20-Year Journey of Expanding the Horizons of Well-Being\"}]},{\"@type\":\"WebSite\",\"@id\":\"https:\\\/\\\/www.balnea.ca\\\/en\\\/#website\",\"url\":\"https:\\\/\\\/www.balnea.ca\\\/en\\\/\",\"name\":\"Balnea\",\"description\":\"Spa + r\u00e9serve thermale\",\"potentialAction\":[{\"@type\":\"SearchAction\",\"target\":{\"@type\":\"EntryPoint\",\"urlTemplate\":\"https:\\\/\\\/www.balnea.ca\\\/en\\\/?s={search_term_string}\"},\"query-input\":{\"@type\":\"PropertyValueSpecification\",\"valueRequired\":true,\"valueName\":\"search_term_string\"}}],\"inLanguage\":\"en-US\"}]}<\/script>\n<!-- \/ Yoast SEO plugin. -->","yoast_head_json":{"title":"A 20-Year Journey of Expanding the Horizons of Well-Being - Balnea","description":"D\u00e9couvrez l'histoire du BALNEA. De sa cr\u00e9ation \u00e0 aujourd'hui !","robots":{"index":"index","follow":"follow","max-snippet":"max-snippet:-1","max-image-preview":"max-image-preview:large","max-video-preview":"max-video-preview:-1"},"canonical":"https:\/\/www.balnea.ca\/en\/20-ans\/","og_locale":"en_US","og_type":"article","og_title":"A 20-Year Journey of Expanding the Horizons of Well-Being - Balnea","og_description":"D\u00e9couvrez l'histoire du BALNEA. De sa cr\u00e9ation \u00e0 aujourd'hui !","og_url":"https:\/\/www.balnea.ca\/en\/20-ans\/","og_site_name":"Balnea","article_modified_time":"2025-10-15T15:24:57+00:00","og_image":[{"width":1930,"height":800,"url":"https:\/\/www.balnea.ca\/wp-content\/uploads\/2025\/09\/Header_1930x800_automne2025_6.jpg","type":"image\/jpeg"}],"twitter_card":"summary_large_image","twitter_misc":{"Est. reading time":"3 minutes"},"schema":{"@context":"https:\/\/schema.org","@graph":[{"@type":"WebPage","@id":"https:\/\/www.balnea.ca\/en\/20-ans\/","url":"https:\/\/www.balnea.ca\/en\/20-ans\/","name":"A 20-Year Journey of Expanding the Horizons of Well-Being - Balnea","isPartOf":{"@id":"https:\/\/www.balnea.ca\/en\/#website"},"primaryImageOfPage":{"@id":"https:\/\/www.balnea.ca\/en\/20-ans\/#primaryimage"},"image":{"@id":"https:\/\/www.balnea.ca\/en\/20-ans\/#primaryimage"},"thumbnailUrl":"https:\/\/www.balnea.ca\/wp-content\/uploads\/2025\/09\/Header_1930x800_automne2025_6.jpg","datePublished":"2025-10-09T19:36:20+00:00","dateModified":"2025-10-15T15:24:57+00:00","description":"D\u00e9couvrez l'histoire du BALNEA. De sa cr\u00e9ation \u00e0 aujourd'hui !","breadcrumb":{"@id":"https:\/\/www.balnea.ca\/en\/20-ans\/#breadcrumb"},"inLanguage":"en-US","potentialAction":[{"@type":"ReadAction","target":["https:\/\/www.balnea.ca\/en\/20-ans\/"]}]},{"@type":"ImageObject","inLanguage":"en-US","@id":"https:\/\/www.balnea.ca\/en\/20-ans\/#primaryimage","url":"https:\/\/www.balnea.ca\/wp-content\/uploads\/2025\/09\/Header_1930x800_automne2025_6.jpg","contentUrl":"https:\/\/www.balnea.ca\/wp-content\/uploads\/2025\/09\/Header_1930x800_automne2025_6.jpg","width":1930,"height":800},{"@type":"BreadcrumbList","@id":"https:\/\/www.balnea.ca\/en\/20-ans\/#breadcrumb","itemListElement":[{"@type":"ListItem","position":1,"name":"Home","item":"https:\/\/www.balnea.ca\/en\/"},{"@type":"ListItem","position":2,"name":"A 20-Year Journey of Expanding the Horizons of Well-Being"}]},{"@type":"WebSite","@id":"https:\/\/www.balnea.ca\/en\/#website","url":"https:\/\/www.balnea.ca\/en\/","name":"Balnea","description":"Spa + r\u00e9serve thermale","potentialAction":[{"@type":"SearchAction","target":{"@type":"EntryPoint","urlTemplate":"https:\/\/www.balnea.ca\/en\/?s={search_term_string}"},"query-input":{"@type":"PropertyValueSpecification","valueRequired":true,"valueName":"search_term_string"}}],"inLanguage":"en-US"}]}},"_links":{"self":[{"href":"https:\/\/www.balnea.ca\/en\/wp-json\/wp\/v2\/pages\/559672","targetHints":{"allow":["GET"]}}],"collection":[{"href":"https:\/\/www.balnea.ca\/en\/wp-json\/wp\/v2\/pages"}],"about":[{"href":"https:\/\/www.balnea.ca\/en\/wp-json\/wp\/v2\/types\/page"}],"author":[{"embeddable":true,"href":"https:\/\/www.balnea.ca\/en\/wp-json\/wp\/v2\/users\/2341"}],"replies":[{"embeddable":true,"href":"https:\/\/www.balnea.ca\/en\/wp-json\/wp\/v2\/comments?post=559672"}],"version-history":[{"count":4,"href":"https:\/\/www.balnea.ca\/en\/wp-json\/wp\/v2\/pages\/559672\/revisions"}],"predecessor-version":[{"id":564121,"href":"https:\/\/www.balnea.ca\/en\/wp-json\/wp\/v2\/pages\/559672\/revisions\/564121"}],"wp:featuredmedia":[{"embeddable":true,"href":"https:\/\/www.balnea.ca\/en\/wp-json\/wp\/v2\/media\/555219"}],"wp:attachment":[{"href":"https:\/\/www.balnea.ca\/en\/wp-json\/wp\/v2\/media?parent=559672"}],"curies":[{"name":"wp","href":"https:\/\/api.w.org\/{rel}","templated":true}]}}