{"id":571789,"date":"2025-11-19T15:26:32","date_gmt":"2025-11-19T20:26:32","guid":{"rendered":"https:\/\/www.balnea.ca\/?post_type=product&#038;p=571789"},"modified":"2025-12-04T08:52:56","modified_gmt":"2025-12-04T13:52:56","slug":"hotel-experience-thermale-de-soiree-semaine","status":"publish","type":"product","link":"https:\/\/www.balnea.ca\/en\/product\/hotel-experience-thermale-de-soiree-semaine\/","title":{"rendered":"H\u00f4tel | Exp\u00e9rience thermale de soir\u00e9e semaine (dimanche au jeudi)"},"content":{"rendered":"","protected":false},"excerpt":{"rendered":"<p>Acc\u00e8s int\u00e9gral en soir\u00e9e \u00e0 la r\u00e9serve et \u00e0 l&#8217;exp\u00e9rience thermale: saunas panoramiques, bain turc, bains \u00e0 remous ext\u00e9rieurs, salon marocain, Club de plage, chute thermale, sweatlodge, igloo, solarium, lounges, cin\u00e9spa, salles de d\u00e9tente, 22 km de sentiers et lac priv\u00e9. Les installations varient selon la saison. Consultez le <a href=\"https:\/\/www.balnea.ca\/en\/contact\/\">www.balnea.ca\/contact<\/a> pour conna\u00eetre nos horaires.(Valeur de 45,99 $ taxes incluses \u00e0 l\u2019achat.).<\/p>\n","protected":false},"featured_media":0,"template":"","meta":{"_acf_changed":false},"product_brand":[],"product_cat":[181],"product_tag":[],"class_list":{"0":"post-571789","1":"product","2":"type-product","3":"status-publish","5":"product_cat-produit-simple-en","7":"first","8":"instock","9":"taxable","10":"shipping-taxable","11":"purchasable","12":"product-type-simple"},"acf":[],"yoast_head":"<!-- This site is optimized with the Yoast SEO plugin v27.5 - https:\/\/yoast.com\/product\/yoast-seo-wordpress\/ -->\n<title>H\u00f4tel | Exp\u00e9rience thermale de soir\u00e9e semaine (dimanche au jeudi) - Balnea<\/title>\n<meta name=\"robots\" content=\"index, follow, max-snippet:-1, max-image-preview:large, max-video-preview:-1\" \/>\n<link rel=\"canonical\" href=\"https:\/\/www.balnea.ca\/en\/product\/hotel-experience-thermale-de-soiree-semaine\/\" \/>\n<meta property=\"og:locale\" content=\"en_US\" \/>\n<meta property=\"og:type\" content=\"article\" \/>\n<meta property=\"og:title\" content=\"H\u00f4tel | Exp\u00e9rience thermale de soir\u00e9e semaine (dimanche au jeudi) - Balnea\" \/>\n<meta property=\"og:description\" content=\"Acc\u00e8s int\u00e9gral en soir\u00e9e \u00e0 la r\u00e9serve et \u00e0 l&#039;exp\u00e9rience thermale: saunas panoramiques, bain turc, bains \u00e0 remous ext\u00e9rieurs, salon marocain, Club de plage, chute thermale, sweatlodge, igloo, solarium, lounges, cin\u00e9spa, salles de d\u00e9tente, 22 km de sentiers et lac priv\u00e9. Les installations varient selon la saison. Consultez le www.balnea.ca\/contact pour conna\u00eetre nos horaires.(Valeur de 45,99 $ taxes incluses \u00e0 l\u2019achat.).\" \/>\n<meta property=\"og:url\" content=\"https:\/\/www.balnea.ca\/en\/product\/hotel-experience-thermale-de-soiree-semaine\/\" \/>\n<meta property=\"og:site_name\" content=\"Balnea\" \/>\n<meta property=\"article:modified_time\" content=\"2025-12-04T13:52:56+00:00\" \/>\n<meta property=\"og:image\" content=\"https:\/\/www.balnea.ca\/wp-content\/uploads\/2018\/10\/DSC_7066.jpg\" \/>\n\t<meta property=\"og:image:width\" content=\"1410\" \/>\n\t<meta property=\"og:image:height\" content=\"1410\" \/>\n\t<meta property=\"og:image:type\" content=\"image\/jpeg\" \/>\n<meta name=\"twitter:card\" content=\"summary_large_image\" \/>\n<script type=\"application\/ld+json\" class=\"yoast-schema-graph\">{\"@context\":\"https:\\\/\\\/schema.org\",\"@graph\":[{\"@type\":\"WebPage\",\"@id\":\"https:\\\/\\\/www.balnea.ca\\\/en\\\/product\\\/hotel-experience-thermale-de-soiree-semaine\\\/\",\"url\":\"https:\\\/\\\/www.balnea.ca\\\/en\\\/product\\\/hotel-experience-thermale-de-soiree-semaine\\\/\",\"name\":\"H\u00f4tel | Exp\u00e9rience thermale de soir\u00e9e semaine (dimanche au jeudi) - Balnea\",\"isPartOf\":{\"@id\":\"https:\\\/\\\/www.balnea.ca\\\/en\\\/#website\"},\"datePublished\":\"2025-11-19T20:26:32+00:00\",\"dateModified\":\"2025-12-04T13:52:56+00:00\",\"breadcrumb\":{\"@id\":\"https:\\\/\\\/www.balnea.ca\\\/en\\\/product\\\/hotel-experience-thermale-de-soiree-semaine\\\/#breadcrumb\"},\"inLanguage\":\"en-US\",\"potentialAction\":[{\"@type\":\"ReadAction\",\"target\":[\"https:\\\/\\\/www.balnea.ca\\\/en\\\/product\\\/hotel-experience-thermale-de-soiree-semaine\\\/\"]}]},{\"@type\":\"BreadcrumbList\",\"@id\":\"https:\\\/\\\/www.balnea.ca\\\/en\\\/product\\\/hotel-experience-thermale-de-soiree-semaine\\\/#breadcrumb\",\"itemListElement\":[{\"@type\":\"ListItem\",\"position\":1,\"name\":\"Home\",\"item\":\"https:\\\/\\\/www.balnea.ca\\\/en\\\/\"},{\"@type\":\"ListItem\",\"position\":2,\"name\":\"Boutique\",\"item\":\"https:\\\/\\\/www.balnea.ca\\\/boutique\\\/\"},{\"@type\":\"ListItem\",\"position\":3,\"name\":\"H\u00f4tel | Exp\u00e9rience thermale de soir\u00e9e semaine (dimanche au jeudi)\"}]},{\"@type\":\"WebSite\",\"@id\":\"https:\\\/\\\/www.balnea.ca\\\/en\\\/#website\",\"url\":\"https:\\\/\\\/www.balnea.ca\\\/en\\\/\",\"name\":\"Balnea\",\"description\":\"Spa + r\u00e9serve thermale\",\"potentialAction\":[{\"@type\":\"SearchAction\",\"target\":{\"@type\":\"EntryPoint\",\"urlTemplate\":\"https:\\\/\\\/www.balnea.ca\\\/en\\\/?s={search_term_string}\"},\"query-input\":{\"@type\":\"PropertyValueSpecification\",\"valueRequired\":true,\"valueName\":\"search_term_string\"}}],\"inLanguage\":\"en-US\"}]}<\/script>\n<!-- \/ Yoast SEO plugin. -->","yoast_head_json":{"title":"H\u00f4tel | Exp\u00e9rience thermale de soir\u00e9e semaine (dimanche au jeudi) - Balnea","robots":{"index":"index","follow":"follow","max-snippet":"max-snippet:-1","max-image-preview":"max-image-preview:large","max-video-preview":"max-video-preview:-1"},"canonical":"https:\/\/www.balnea.ca\/en\/product\/hotel-experience-thermale-de-soiree-semaine\/","og_locale":"en_US","og_type":"article","og_title":"H\u00f4tel | Exp\u00e9rience thermale de soir\u00e9e semaine (dimanche au jeudi) - Balnea","og_description":"Acc\u00e8s int\u00e9gral en soir\u00e9e \u00e0 la r\u00e9serve et \u00e0 l'exp\u00e9rience thermale: saunas panoramiques, bain turc, bains \u00e0 remous ext\u00e9rieurs, salon marocain, Club de plage, chute thermale, sweatlodge, igloo, solarium, lounges, cin\u00e9spa, salles de d\u00e9tente, 22 km de sentiers et lac priv\u00e9. Les installations varient selon la saison. Consultez le www.balnea.ca\/contact pour conna\u00eetre nos horaires.(Valeur de 45,99 $ taxes incluses \u00e0 l\u2019achat.).","og_url":"https:\/\/www.balnea.ca\/en\/product\/hotel-experience-thermale-de-soiree-semaine\/","og_site_name":"Balnea","article_modified_time":"2025-12-04T13:52:56+00:00","og_image":[{"width":1410,"height":1410,"url":"https:\/\/www.balnea.ca\/wp-content\/uploads\/2018\/10\/DSC_7066.jpg","type":"image\/jpeg"}],"twitter_card":"summary_large_image","schema":{"@context":"https:\/\/schema.org","@graph":[{"@type":"WebPage","@id":"https:\/\/www.balnea.ca\/en\/product\/hotel-experience-thermale-de-soiree-semaine\/","url":"https:\/\/www.balnea.ca\/en\/product\/hotel-experience-thermale-de-soiree-semaine\/","name":"H\u00f4tel | Exp\u00e9rience thermale de soir\u00e9e semaine (dimanche au jeudi) - Balnea","isPartOf":{"@id":"https:\/\/www.balnea.ca\/en\/#website"},"datePublished":"2025-11-19T20:26:32+00:00","dateModified":"2025-12-04T13:52:56+00:00","breadcrumb":{"@id":"https:\/\/www.balnea.ca\/en\/product\/hotel-experience-thermale-de-soiree-semaine\/#breadcrumb"},"inLanguage":"en-US","potentialAction":[{"@type":"ReadAction","target":["https:\/\/www.balnea.ca\/en\/product\/hotel-experience-thermale-de-soiree-semaine\/"]}]},{"@type":"BreadcrumbList","@id":"https:\/\/www.balnea.ca\/en\/product\/hotel-experience-thermale-de-soiree-semaine\/#breadcrumb","itemListElement":[{"@type":"ListItem","position":1,"name":"Home","item":"https:\/\/www.balnea.ca\/en\/"},{"@type":"ListItem","position":2,"name":"Boutique","item":"https:\/\/www.balnea.ca\/boutique\/"},{"@type":"ListItem","position":3,"name":"H\u00f4tel | Exp\u00e9rience thermale de soir\u00e9e semaine (dimanche au jeudi)"}]},{"@type":"WebSite","@id":"https:\/\/www.balnea.ca\/en\/#website","url":"https:\/\/www.balnea.ca\/en\/","name":"Balnea","description":"Spa + r\u00e9serve thermale","potentialAction":[{"@type":"SearchAction","target":{"@type":"EntryPoint","urlTemplate":"https:\/\/www.balnea.ca\/en\/?s={search_term_string}"},"query-input":{"@type":"PropertyValueSpecification","valueRequired":true,"valueName":"search_term_string"}}],"inLanguage":"en-US"}]}},"_links":{"self":[{"href":"https:\/\/www.balnea.ca\/en\/wp-json\/wp\/v2\/product\/571789","targetHints":{"allow":["GET"]}}],"collection":[{"href":"https:\/\/www.balnea.ca\/en\/wp-json\/wp\/v2\/product"}],"about":[{"href":"https:\/\/www.balnea.ca\/en\/wp-json\/wp\/v2\/types\/product"}],"wp:attachment":[{"href":"https:\/\/www.balnea.ca\/en\/wp-json\/wp\/v2\/media?parent=571789"}],"wp:term":[{"taxonomy":"product_brand","embeddable":true,"href":"https:\/\/www.balnea.ca\/en\/wp-json\/wp\/v2\/product_brand?post=571789"},{"taxonomy":"product_cat","embeddable":true,"href":"https:\/\/www.balnea.ca\/en\/wp-json\/wp\/v2\/product_cat?post=571789"},{"taxonomy":"product_tag","embeddable":true,"href":"https:\/\/www.balnea.ca\/en\/wp-json\/wp\/v2\/product_tag?post=571789"}],"curies":[{"name":"wp","href":"https:\/\/api.w.org\/{rel}","templated":true}]}}